{"id":12893,"date":"2025-06-29T14:42:53","date_gmt":"2025-06-29T12:42:53","guid":{"rendered":"https:\/\/uj.adatbank.ro\/lexikon\/termek\/kovacs-gyula-istvan\/"},"modified":"2025-06-29T14:42:53","modified_gmt":"2025-06-29T12:42:53","slug":"kovacs-gyula-istvan","status":"publish","type":"product","link":"https:\/\/uj.adatbank.ro\/lexikon\/termek\/kovacs-gyula-istvan\/","title":{"rendered":"KOV\u00c1CS Gyula Istv\u00e1n"},"content":{"rendered":"<p>Nagyernye, 1898, \u2020 ?: gazd\u00e1lkod\u00f3, igazgat\u00f3. \u2013 Iskol\u00e1i elv\u00e9gz\u00e9se ut\u00e1n a sz\u00fcl\u0151i h\u00e1zn\u00e1l tanult gazd\u00e1lkodni, majd \u00f6n\u00e1ll\u00f3 lett Nagyerny\u00e9ben. Az els\u0151 vh.-ban az 5. t\u00fcz\u00e9r-ezredben a rom\u00e1n \u00e9s olasz fronton harcolt, k\u00e9s\u0151bb a sz\u00e9kely hadoszt\u00e1lyban volt, mint szakaszvezet\u0151 szerelt le, a bronz v. \u00e9. \u00e9s a K\u00e1roly Csapatkereszt kit\u00fcntet\u00e9ssel. A nagyernyei Hangya els\u0151 \u00fcgyvezet\u0151 igazgat\u00f3ja, egy igazgat\u00f3s\u00e1gi tan\u00e1ccsal vezette igen j\u00f3 eredm\u00e9nnyel az int\u00e9zm\u00e9nyt. Sz\u00e1mos kultur\u00e1lis \u00e9s t\u00e1rsdalmi egyes\u00fclet m\u0171k\u00f6d\u00e9s\u00e9ben vett r\u00e9szt. A mv.-i r. k. egyh\u00e1zk\u00f6zs\u00e9g gondnoka (1930\u201332). <br \/><strong>Irod.:<\/strong> Maros-k\u00fck\u00fcll\u0151i f\u0151esp.; Nagyernye; Sz\u00e9kelyf\u00f6ld \u00ed. k.<\/br><\/p>\n","protected":false},"excerpt":{"rendered":"<p>Nagyernye, 1898, \u2020 ?: gazd\u00e1lkod\u00f3, igazgat\u00f3. \u2013 Iskol\u00e1i elv\u00e9gz\u00e9se ut\u00e1n a sz\u00fcl\u0151i h\u00e1zn\u00e1l tanult gazd\u00e1lkodni, majd \u00f6n\u00e1ll\u00f3 lett Nagyerny\u00e9ben. Az els\u0151 vh.-ban az 5. t\u00fcz\u00e9r-ezredben a rom\u00e1n \u00e9s olasz fronton harcolt, k\u00e9s\u0151bb a sz\u00e9kely hadoszt\u00e1lyban volt, mint szakaszvezet\u0151 szerelt le, a bronz v. \u00e9. \u00e9s a K\u00e1roly Csapatkereszt kit\u00fcntet\u00e9ssel. A nagyernyei Hangya els\u0151 \u00fcgyvezet\u0151 igazgat\u00f3ja, [&hellip;]<\/p>\n","protected":false},"featured_media":0,"comment_status":"open","ping_status":"closed","template":"","meta":[],"product_brand":[],"product_cat":[137],"product_tag":[],"class_list":{"0":"post-12893","1":"product","2":"type-product","3":"status-publish","5":"product_cat-maros-megyei-eletrajzi-lexikon","7":"first","8":"instock","9":"shipping-taxable","10":"product-type-simple"},"_links":{"self":[{"href":"https:\/\/uj.adatbank.ro\/lexikon\/wp-json\/wp\/v2\/product\/12893","targetHints":{"allow":["GET"]}}],"collection":[{"href":"https:\/\/uj.adatbank.ro\/lexikon\/wp-json\/wp\/v2\/product"}],"about":[{"href":"https:\/\/uj.adatbank.ro\/lexikon\/wp-json\/wp\/v2\/types\/product"}],"replies":[{"embeddable":true,"href":"https:\/\/uj.adatbank.ro\/lexikon\/wp-json\/wp\/v2\/comments?post=12893"}],"wp:attachment":[{"href":"https:\/\/uj.adatbank.ro\/lexikon\/wp-json\/wp\/v2\/media?parent=12893"}],"wp:term":[{"taxonomy":"product_brand","embeddable":true,"href":"https:\/\/uj.adatbank.ro\/lexikon\/wp-json\/wp\/v2\/product_brand?post=12893"},{"taxonomy":"product_cat","embeddable":true,"href":"https:\/\/uj.adatbank.ro\/lexikon\/wp-json\/wp\/v2\/product_cat?post=12893"},{"taxonomy":"product_tag","embeddable":true,"href":"https:\/\/uj.adatbank.ro\/lexikon\/wp-json\/wp\/v2\/product_tag?post=12893"}],"curies":[{"name":"wp","href":"https:\/\/api.w.org\/{rel}","templated":true}]}}