{"id":12895,"date":"2025-06-29T14:42:56","date_gmt":"2025-06-29T12:42:56","guid":{"rendered":"https:\/\/uj.adatbank.ro\/lexikon\/termek\/kovacs-ildiko-%c2%a7\/"},"modified":"2025-06-29T14:42:56","modified_gmt":"2025-06-29T12:42:56","slug":"kovacs-ildiko-%c2%a7","status":"publish","type":"product","link":"https:\/\/uj.adatbank.ro\/lexikon\/termek\/kovacs-ildiko-%c2%a7\/","title":{"rendered":"KOV\u00c1CS Ildik\u00f3, \u00a7"},"content":{"rendered":"<p>Sepsiszentgy\u00f6rgy, 1927. dec. 5., \u2020 Kv., 2008. jan. 23.: b\u00e1brendez\u0151. \u2013 Sepsiszentgy\u00f6rgy\u00f6n j\u00e1rt iskol\u00e1ba. El\u0151sz\u00f6r f\u00e9nyk\u00e9pez\u00e9st tanult, majd beiratkozott a koreogr\u00e1fi\u00e1ra \u00e9s elv\u00e9gzett m\u00e1sf\u00e9l \u00e9vet a kv.-i k\u00e9pz\u0151m\u0171v\u00e9szeti f\u0151iskol\u00e1n. Tanulm\u00e1nyait Bp.-en, az Orkesztikai Int\u00e9zetben \u00e9s Kv.-on, a Koreogr\u00e1fiai Int\u00e9zetben v\u00e9gezte. A kv.-i b\u00e1bsz\u00ednh\u00e1zban kezdett dolgozni (1948\u2013), Nagyv\u00e1radon dolgozott h\u00e1rom \u00e9vet, a mv.-i b\u00e1bsz\u00ednh\u00e1zban is dolgozott (1955\u201358), majd visszat\u00e9rt Kv. -ra, ahol a b\u00e1bsz\u00ednh\u00e1z m\u0171v\u00e9szeivel pantomimm\u0171helyt ind\u00edtott. Nyugd\u00edjazt\u00e1k (1984). Kecskem\u00e9ten nevelt \u00fajabb b\u00e1bos nemzed\u00e9ket. Munk\u00e1ss\u00e1g\u00e1t sz\u00e1mos d\u00edjjal jutalmazt\u00e1k. \u2013<strong>F. m.:<\/strong> B\u00e1bosk\u00f6nyv. (V\u00e1logatta, az ut\u00f3sz\u00f3t \u00e9s rendez\u0151i tan\u00e1csokat \u00edrta, Buk., 1974). <br \/><strong>Irod.:<\/strong> K. I. b\u00e1brendez\u0151: Tanulm\u00e1nyok, interj\u00fak, \u00edr\u00e1sok \/ Szerk. Szebeni Zsuzsa (Kv., 2008); Kr\u00f3nika (2008. jan. 24.); Marosi Ildik\u00f3: Egy fiatal rendez\u0151 \u00e9let\u00fatj\u00e1r\u00f3l (\u00daj \u00c9let, 7. sz., 1961); R\u00e9thy\u2013\u00dajv\u00e1ri\u2013V\u00e1czi<\/br><\/p>\n","protected":false},"excerpt":{"rendered":"<p>Sepsiszentgy\u00f6rgy, 1927. dec. 5., \u2020 Kv., 2008. jan. 23.: b\u00e1brendez\u0151. \u2013 Sepsiszentgy\u00f6rgy\u00f6n j\u00e1rt iskol\u00e1ba. El\u0151sz\u00f6r f\u00e9nyk\u00e9pez\u00e9st tanult, majd beiratkozott a koreogr\u00e1fi\u00e1ra \u00e9s elv\u00e9gzett m\u00e1sf\u00e9l \u00e9vet a kv.-i k\u00e9pz\u0151m\u0171v\u00e9szeti f\u0151iskol\u00e1n. Tanulm\u00e1nyait Bp.-en, az Orkesztikai Int\u00e9zetben \u00e9s Kv.-on, a Koreogr\u00e1fiai Int\u00e9zetben v\u00e9gezte. A kv.-i b\u00e1bsz\u00ednh\u00e1zban kezdett dolgozni (1948\u2013), Nagyv\u00e1radon dolgozott h\u00e1rom \u00e9vet, a mv.-i b\u00e1bsz\u00ednh\u00e1zban is dolgozott [&hellip;]<\/p>\n","protected":false},"featured_media":0,"comment_status":"open","ping_status":"closed","template":"","meta":[],"product_brand":[],"product_cat":[137],"product_tag":[],"class_list":{"0":"post-12895","1":"product","2":"type-product","3":"status-publish","5":"product_cat-maros-megyei-eletrajzi-lexikon","7":"first","8":"instock","9":"shipping-taxable","10":"product-type-simple"},"_links":{"self":[{"href":"https:\/\/uj.adatbank.ro\/lexikon\/wp-json\/wp\/v2\/product\/12895","targetHints":{"allow":["GET"]}}],"collection":[{"href":"https:\/\/uj.adatbank.ro\/lexikon\/wp-json\/wp\/v2\/product"}],"about":[{"href":"https:\/\/uj.adatbank.ro\/lexikon\/wp-json\/wp\/v2\/types\/product"}],"replies":[{"embeddable":true,"href":"https:\/\/uj.adatbank.ro\/lexikon\/wp-json\/wp\/v2\/comments?post=12895"}],"wp:attachment":[{"href":"https:\/\/uj.adatbank.ro\/lexikon\/wp-json\/wp\/v2\/media?parent=12895"}],"wp:term":[{"taxonomy":"product_brand","embeddable":true,"href":"https:\/\/uj.adatbank.ro\/lexikon\/wp-json\/wp\/v2\/product_brand?post=12895"},{"taxonomy":"product_cat","embeddable":true,"href":"https:\/\/uj.adatbank.ro\/lexikon\/wp-json\/wp\/v2\/product_cat?post=12895"},{"taxonomy":"product_tag","embeddable":true,"href":"https:\/\/uj.adatbank.ro\/lexikon\/wp-json\/wp\/v2\/product_tag?post=12895"}],"curies":[{"name":"wp","href":"https:\/\/api.w.org\/{rel}","templated":true}]}}