{"id":12896,"date":"2025-06-29T14:42:58","date_gmt":"2025-06-29T12:42:58","guid":{"rendered":"https:\/\/uj.adatbank.ro\/lexikon\/termek\/kovacs-ilona\/"},"modified":"2025-06-29T14:42:58","modified_gmt":"2025-06-29T12:42:58","slug":"kovacs-ilona","status":"publish","type":"product","link":"https:\/\/uj.adatbank.ro\/lexikon\/termek\/kovacs-ilona\/","title":{"rendered":"KOV\u00c1CS Ilona"},"content":{"rendered":"<p>Kv., 1916. febr. 20., \u2020 1967.?: orvos. \u2013 Az orvosit Kv.-on v\u00e9gezte (1939). Orvos Kv.-on (1940\u201345; Mv.-en az OGYI-n tan\u00e1rseg\u00e9d (1945\u201348), klinikai adjunktus (1949\u201354); az Eg\u00e9szs\u00e9g\u00fcgyi Tecnikumban el\u0151ad\u00f3tan\u00e1r, majd igazgat\u00f3. <br \/><strong>Irod.:<\/strong> B\u00e9rczes Judit; RMKK<\/br><\/p>\n","protected":false},"excerpt":{"rendered":"<p>Kv., 1916. febr. 20., \u2020 1967.?: orvos. \u2013 Az orvosit Kv.-on v\u00e9gezte (1939). Orvos Kv.-on (1940\u201345; Mv.-en az OGYI-n tan\u00e1rseg\u00e9d (1945\u201348), klinikai adjunktus (1949\u201354); az Eg\u00e9szs\u00e9g\u00fcgyi Tecnikumban el\u0151ad\u00f3tan\u00e1r, majd igazgat\u00f3. Irod.: B\u00e9rczes Judit; RMKK<\/p>\n","protected":false},"featured_media":0,"comment_status":"open","ping_status":"closed","template":"","meta":[],"product_brand":[],"product_cat":[137],"product_tag":[],"class_list":{"0":"post-12896","1":"product","2":"type-product","3":"status-publish","5":"product_cat-maros-megyei-eletrajzi-lexikon","7":"first","8":"instock","9":"shipping-taxable","10":"product-type-simple"},"_links":{"self":[{"href":"https:\/\/uj.adatbank.ro\/lexikon\/wp-json\/wp\/v2\/product\/12896","targetHints":{"allow":["GET"]}}],"collection":[{"href":"https:\/\/uj.adatbank.ro\/lexikon\/wp-json\/wp\/v2\/product"}],"about":[{"href":"https:\/\/uj.adatbank.ro\/lexikon\/wp-json\/wp\/v2\/types\/product"}],"replies":[{"embeddable":true,"href":"https:\/\/uj.adatbank.ro\/lexikon\/wp-json\/wp\/v2\/comments?post=12896"}],"wp:attachment":[{"href":"https:\/\/uj.adatbank.ro\/lexikon\/wp-json\/wp\/v2\/media?parent=12896"}],"wp:term":[{"taxonomy":"product_brand","embeddable":true,"href":"https:\/\/uj.adatbank.ro\/lexikon\/wp-json\/wp\/v2\/product_brand?post=12896"},{"taxonomy":"product_cat","embeddable":true,"href":"https:\/\/uj.adatbank.ro\/lexikon\/wp-json\/wp\/v2\/product_cat?post=12896"},{"taxonomy":"product_tag","embeddable":true,"href":"https:\/\/uj.adatbank.ro\/lexikon\/wp-json\/wp\/v2\/product_tag?post=12896"}],"curies":[{"name":"wp","href":"https:\/\/api.w.org\/{rel}","templated":true}]}}