{"id":12898,"date":"2025-06-29T14:43:02","date_gmt":"2025-06-29T12:43:02","guid":{"rendered":"https:\/\/uj.adatbank.ro\/lexikon\/termek\/kovacs-imre\/"},"modified":"2025-06-29T14:43:02","modified_gmt":"2025-06-29T12:43:02","slug":"kovacs-imre","status":"publish","type":"product","link":"https:\/\/uj.adatbank.ro\/lexikon\/termek\/kovacs-imre\/","title":{"rendered":"KOV\u00c1CS Imre"},"content":{"rendered":"<p>Ny\u00e1r\u00e1dremete, 1817. nov. 3., \u2020 1901. m\u00e1j. 1.: k\u00f6zs\u00e9gi vezet\u0151. \u2013 K. Gy\u00f6rgy \u00e9s Salamon Ter\u00e9z fia. \u2013 \u00c9retts\u00e9gizatt, egyetemi tanulm\u00e1nyokat v\u00e9gzett. Visszat\u00e9rt a sz\u00fcl\u0151faluba \u00e9s a k\u00f6zs\u00e9g szuver\u00e9n vezet\u0151je lett hossz\u00fa \u00e9veken kereszt\u00fcl. Adom\u00e1nya el\u00e9g volt k\u00e9t tann\u00edt\u00f3i lak\u00e1s telk\u00e9nek megv\u00e9tel\u00e9re (400 frt.). <br \/><strong>Irod.:<\/strong> Eml\u00e9kk\u00f6nyv a K. M. Term\u00e9szettudom\u00e1nyi T\u00e1rsulat f\u00e9lsz\u00e1zados jubileum\u00e1n (Bp., 1892); Moln\u00e1r Mikl\u00f3s: Eremitu-Ny\u00e1r\u00e1dremete (Mv., 1931)<\/br><\/p>\n","protected":false},"excerpt":{"rendered":"<p>Ny\u00e1r\u00e1dremete, 1817. nov. 3., \u2020 1901. m\u00e1j. 1.: k\u00f6zs\u00e9gi vezet\u0151. \u2013 K. Gy\u00f6rgy \u00e9s Salamon Ter\u00e9z fia. \u2013 \u00c9retts\u00e9gizatt, egyetemi tanulm\u00e1nyokat v\u00e9gzett. Visszat\u00e9rt a sz\u00fcl\u0151faluba \u00e9s a k\u00f6zs\u00e9g szuver\u00e9n vezet\u0151je lett hossz\u00fa \u00e9veken kereszt\u00fcl. Adom\u00e1nya el\u00e9g volt k\u00e9t tann\u00edt\u00f3i lak\u00e1s telk\u00e9nek megv\u00e9tel\u00e9re (400 frt.). Irod.: Eml\u00e9kk\u00f6nyv a K. M. Term\u00e9szettudom\u00e1nyi T\u00e1rsulat f\u00e9lsz\u00e1zados jubileum\u00e1n (Bp., 1892); [&hellip;]<\/p>\n","protected":false},"featured_media":0,"comment_status":"open","ping_status":"closed","template":"","meta":[],"product_brand":[],"product_cat":[137],"product_tag":[],"class_list":{"0":"post-12898","1":"product","2":"type-product","3":"status-publish","5":"product_cat-maros-megyei-eletrajzi-lexikon","7":"first","8":"instock","9":"shipping-taxable","10":"product-type-simple"},"_links":{"self":[{"href":"https:\/\/uj.adatbank.ro\/lexikon\/wp-json\/wp\/v2\/product\/12898","targetHints":{"allow":["GET"]}}],"collection":[{"href":"https:\/\/uj.adatbank.ro\/lexikon\/wp-json\/wp\/v2\/product"}],"about":[{"href":"https:\/\/uj.adatbank.ro\/lexikon\/wp-json\/wp\/v2\/types\/product"}],"replies":[{"embeddable":true,"href":"https:\/\/uj.adatbank.ro\/lexikon\/wp-json\/wp\/v2\/comments?post=12898"}],"wp:attachment":[{"href":"https:\/\/uj.adatbank.ro\/lexikon\/wp-json\/wp\/v2\/media?parent=12898"}],"wp:term":[{"taxonomy":"product_brand","embeddable":true,"href":"https:\/\/uj.adatbank.ro\/lexikon\/wp-json\/wp\/v2\/product_brand?post=12898"},{"taxonomy":"product_cat","embeddable":true,"href":"https:\/\/uj.adatbank.ro\/lexikon\/wp-json\/wp\/v2\/product_cat?post=12898"},{"taxonomy":"product_tag","embeddable":true,"href":"https:\/\/uj.adatbank.ro\/lexikon\/wp-json\/wp\/v2\/product_tag?post=12898"}],"curies":[{"name":"wp","href":"https:\/\/api.w.org\/{rel}","templated":true}]}}