{"id":12901,"date":"2025-06-29T14:43:08","date_gmt":"2025-06-29T12:43:08","guid":{"rendered":"https:\/\/uj.adatbank.ro\/lexikon\/termek\/kovacs-istvan-2\/"},"modified":"2025-06-29T14:43:08","modified_gmt":"2025-06-29T12:43:08","slug":"kovacs-istvan-2","status":"publish","type":"product","link":"https:\/\/uj.adatbank.ro\/lexikon\/termek\/kovacs-istvan-2\/","title":{"rendered":"KOV\u00c1CS Istv\u00e1n"},"content":{"rendered":"<p>1881, \u2020 ?: unit lelk\u00e9sz. \u2013 Bordoson majd Pip\u00e9ben volt lelk\u00e9sz (1906\u201310). Feles\u00e9ge Kir\u00e1ly Margit, h\u00e1rom gyermek\u00fck volt. Az \u0151 idej\u00e9ben kezdt\u00e9k el a torony \u00e9s a templom jav\u00edt\u00e1s\u00e1t. <br \/><strong>Irod.:<\/strong> A Pipei Egyh\u00e1zk\u00f6zs\u00e9g \u00e9let\u00e9b\u0151l<\/br><\/p>\n","protected":false},"excerpt":{"rendered":"<p>1881, \u2020 ?: unit lelk\u00e9sz. \u2013 Bordoson majd Pip\u00e9ben volt lelk\u00e9sz (1906\u201310). Feles\u00e9ge Kir\u00e1ly Margit, h\u00e1rom gyermek\u00fck volt. Az \u0151 idej\u00e9ben kezdt\u00e9k el a torony \u00e9s a templom jav\u00edt\u00e1s\u00e1t. Irod.: A Pipei Egyh\u00e1zk\u00f6zs\u00e9g \u00e9let\u00e9b\u0151l<\/p>\n","protected":false},"featured_media":0,"comment_status":"open","ping_status":"closed","template":"","meta":[],"product_brand":[],"product_cat":[137],"product_tag":[],"class_list":{"0":"post-12901","1":"product","2":"type-product","3":"status-publish","5":"product_cat-maros-megyei-eletrajzi-lexikon","7":"first","8":"instock","9":"shipping-taxable","10":"product-type-simple"},"_links":{"self":[{"href":"https:\/\/uj.adatbank.ro\/lexikon\/wp-json\/wp\/v2\/product\/12901","targetHints":{"allow":["GET"]}}],"collection":[{"href":"https:\/\/uj.adatbank.ro\/lexikon\/wp-json\/wp\/v2\/product"}],"about":[{"href":"https:\/\/uj.adatbank.ro\/lexikon\/wp-json\/wp\/v2\/types\/product"}],"replies":[{"embeddable":true,"href":"https:\/\/uj.adatbank.ro\/lexikon\/wp-json\/wp\/v2\/comments?post=12901"}],"wp:attachment":[{"href":"https:\/\/uj.adatbank.ro\/lexikon\/wp-json\/wp\/v2\/media?parent=12901"}],"wp:term":[{"taxonomy":"product_brand","embeddable":true,"href":"https:\/\/uj.adatbank.ro\/lexikon\/wp-json\/wp\/v2\/product_brand?post=12901"},{"taxonomy":"product_cat","embeddable":true,"href":"https:\/\/uj.adatbank.ro\/lexikon\/wp-json\/wp\/v2\/product_cat?post=12901"},{"taxonomy":"product_tag","embeddable":true,"href":"https:\/\/uj.adatbank.ro\/lexikon\/wp-json\/wp\/v2\/product_tag?post=12901"}],"curies":[{"name":"wp","href":"https:\/\/api.w.org\/{rel}","templated":true}]}}