{"id":12905,"date":"2025-06-29T14:43:16","date_gmt":"2025-06-29T12:43:16","guid":{"rendered":"https:\/\/uj.adatbank.ro\/lexikon\/termek\/kovacs-istvan-dr\/"},"modified":"2025-06-29T14:43:16","modified_gmt":"2025-06-29T12:43:16","slug":"kovacs-istvan-dr","status":"publish","type":"product","link":"https:\/\/uj.adatbank.ro\/lexikon\/termek\/kovacs-istvan-dr\/","title":{"rendered":"KOV\u00c1CS Istv\u00e1n, dr."},"content":{"rendered":"<p>1919 \u2020 Mo., Gy\u0151r, 2004 febr. 27, : lehet h. \u0151 az, aki: k\u00f6zgazd\u00e1sz dr., f\u0151k\u00f6nyvel\u0151 a MOGYI \u2013n. A gy\u00f3gyszert\u00e1ri nyilv\u00e1ntart\u00e1st\u00e1rgy\u00fa tant\u00e1rgyat tan\u00edtotta Zakari\u00e1s I. (1950\u201355) \u00e9s ennek oktat\u00e1s\u00e1t folytatta (1955\u201361), majd \u0151t k\u00f6vette a tansz\u00e9ken Kacs\u00f3 Albert (1961\u201365). <br \/><strong>Irod.:<\/strong> Facultatea de Farmacie; [Nekrol\u00f3g] (N\u00fa., 2004. m\u00e1rc..)<\/br><\/p>\n","protected":false},"excerpt":{"rendered":"<p>1919 \u2020 Mo., Gy\u0151r, 2004 febr. 27, : lehet h. \u0151 az, aki: k\u00f6zgazd\u00e1sz dr., f\u0151k\u00f6nyvel\u0151 a MOGYI \u2013n. A gy\u00f3gyszert\u00e1ri nyilv\u00e1ntart\u00e1st\u00e1rgy\u00fa tant\u00e1rgyat tan\u00edtotta Zakari\u00e1s I. (1950\u201355) \u00e9s ennek oktat\u00e1s\u00e1t folytatta (1955\u201361), majd \u0151t k\u00f6vette a tansz\u00e9ken Kacs\u00f3 Albert (1961\u201365). Irod.: Facultatea de Farmacie; [Nekrol\u00f3g] (N\u00fa., 2004. m\u00e1rc..)<\/p>\n","protected":false},"featured_media":0,"comment_status":"open","ping_status":"closed","template":"","meta":[],"product_brand":[],"product_cat":[137],"product_tag":[],"class_list":{"0":"post-12905","1":"product","2":"type-product","3":"status-publish","5":"product_cat-maros-megyei-eletrajzi-lexikon","7":"first","8":"instock","9":"shipping-taxable","10":"product-type-simple"},"_links":{"self":[{"href":"https:\/\/uj.adatbank.ro\/lexikon\/wp-json\/wp\/v2\/product\/12905","targetHints":{"allow":["GET"]}}],"collection":[{"href":"https:\/\/uj.adatbank.ro\/lexikon\/wp-json\/wp\/v2\/product"}],"about":[{"href":"https:\/\/uj.adatbank.ro\/lexikon\/wp-json\/wp\/v2\/types\/product"}],"replies":[{"embeddable":true,"href":"https:\/\/uj.adatbank.ro\/lexikon\/wp-json\/wp\/v2\/comments?post=12905"}],"wp:attachment":[{"href":"https:\/\/uj.adatbank.ro\/lexikon\/wp-json\/wp\/v2\/media?parent=12905"}],"wp:term":[{"taxonomy":"product_brand","embeddable":true,"href":"https:\/\/uj.adatbank.ro\/lexikon\/wp-json\/wp\/v2\/product_brand?post=12905"},{"taxonomy":"product_cat","embeddable":true,"href":"https:\/\/uj.adatbank.ro\/lexikon\/wp-json\/wp\/v2\/product_cat?post=12905"},{"taxonomy":"product_tag","embeddable":true,"href":"https:\/\/uj.adatbank.ro\/lexikon\/wp-json\/wp\/v2\/product_tag?post=12905"}],"curies":[{"name":"wp","href":"https:\/\/api.w.org\/{rel}","templated":true}]}}