{"id":12906,"date":"2025-06-29T14:43:17","date_gmt":"2025-06-29T12:43:17","guid":{"rendered":"https:\/\/uj.adatbank.ro\/lexikon\/termek\/kovacs-istvan-g\/"},"modified":"2025-06-29T14:43:17","modified_gmt":"2025-06-29T12:43:17","slug":"kovacs-istvan-g","status":"publish","type":"product","link":"https:\/\/uj.adatbank.ro\/lexikon\/termek\/kovacs-istvan-g\/","title":{"rendered":"KOV\u00c1CS Istv\u00e1n, G."},"content":{"rendered":"<p>1881, \u2020 Zilah, 1978. jan. 8.: ref. lelk\u00e9sz. \u2013 Sz\u00e9kelyab\u00f3d (1941). <br \/><strong>Irod.:<\/strong> Ref. egyetemes n\u00e9vt\u00e1r; [Nekrol\u00f3g] (V. Z., 1978. jan. 11.)<\/br><\/p>\n","protected":false},"excerpt":{"rendered":"<p>1881, \u2020 Zilah, 1978. jan. 8.: ref. lelk\u00e9sz. \u2013 Sz\u00e9kelyab\u00f3d (1941). Irod.: Ref. egyetemes n\u00e9vt\u00e1r; [Nekrol\u00f3g] (V. Z., 1978. jan. 11.)<\/p>\n","protected":false},"featured_media":0,"comment_status":"open","ping_status":"closed","template":"","meta":[],"product_brand":[],"product_cat":[137],"product_tag":[],"class_list":{"0":"post-12906","1":"product","2":"type-product","3":"status-publish","5":"product_cat-maros-megyei-eletrajzi-lexikon","7":"first","8":"instock","9":"shipping-taxable","10":"product-type-simple"},"_links":{"self":[{"href":"https:\/\/uj.adatbank.ro\/lexikon\/wp-json\/wp\/v2\/product\/12906","targetHints":{"allow":["GET"]}}],"collection":[{"href":"https:\/\/uj.adatbank.ro\/lexikon\/wp-json\/wp\/v2\/product"}],"about":[{"href":"https:\/\/uj.adatbank.ro\/lexikon\/wp-json\/wp\/v2\/types\/product"}],"replies":[{"embeddable":true,"href":"https:\/\/uj.adatbank.ro\/lexikon\/wp-json\/wp\/v2\/comments?post=12906"}],"wp:attachment":[{"href":"https:\/\/uj.adatbank.ro\/lexikon\/wp-json\/wp\/v2\/media?parent=12906"}],"wp:term":[{"taxonomy":"product_brand","embeddable":true,"href":"https:\/\/uj.adatbank.ro\/lexikon\/wp-json\/wp\/v2\/product_brand?post=12906"},{"taxonomy":"product_cat","embeddable":true,"href":"https:\/\/uj.adatbank.ro\/lexikon\/wp-json\/wp\/v2\/product_cat?post=12906"},{"taxonomy":"product_tag","embeddable":true,"href":"https:\/\/uj.adatbank.ro\/lexikon\/wp-json\/wp\/v2\/product_tag?post=12906"}],"curies":[{"name":"wp","href":"https:\/\/api.w.org\/{rel}","templated":true}]}}