{"id":12907,"date":"2025-06-29T14:43:19","date_gmt":"2025-06-29T12:43:19","guid":{"rendered":"https:\/\/uj.adatbank.ro\/lexikon\/termek\/kovacs-istvan-kovats-istvan\/"},"modified":"2025-06-29T14:43:19","modified_gmt":"2025-06-29T12:43:19","slug":"kovacs-istvan-kovats-istvan","status":"publish","type":"product","link":"https:\/\/uj.adatbank.ro\/lexikon\/termek\/kovacs-istvan-kovats-istvan\/","title":{"rendered":"KOV\u00c1CS Istv\u00e1n, Kov\u00e1ts Istv\u00e1n"},"content":{"rendered":"<p>Kv, 1919. jan. 1., \u2020 Mv., 2001. okt. 30.: \u00fajs\u00e1g\u00edr\u00f3, r\u00e1di\u00f3riporter, szerkeszt\u0151, irodalomt\u00f6rt\u00e9n\u00e9sz. \u2013 Feles\u00e9ge: Tam\u00e1s Gizella. \u2013 Kv.-on \u00e9retts\u00e9gizett a Ref. Koll.-ban (1937), majd a FJTE Jog- \u00e9s \u00c1llamtudom\u00e1nyi Kar\u00e1n szerzett oklevelet (1942). Karpaszom\u00e1nyos \u0151rmesterk\u00e9nt vett r\u00e9sz a II. vh.-ban, orosz hadifogs\u00e1gba esett (1944\u201347). Mv.-en az OGYI d\u00e9k\u00e1ni majd rektori hivatal\u00e1ban titk\u00e1r (1947\u201357), a marxista tansz\u00e9ken Spielmann J\u00f3zsef adjunktusa, Onnan kitett\u00e9k kul\u00e1k rokons\u00e1g\u00e1\u00e1\u00e9rt \u00e9s jobboldali elhajl\u00e1s c\u00edm\u00e9n. Az Orvosi Szemle technikai szerkeszt\u0151je (1954\u201357); A MOGYI t\u00e1ncos, zen\u00e9s, dalkaros m\u0171kedvel\u00f4 sz\u00ednj\u00e1tsz\u00f3ival egy 10 el\u00f4ad\u00e1sos mini\u00e9vadban bemutatta a H\u00e1ry J\u00e1nost. A mv.-i k\u00f6rzeti R\u00e1di\u00f3st\u00fadi\u00f3 m. ad\u00e1s\u00e1nak alap\u00edt\u00f3 tagja (1957\u2013), az els\u0151 m\u0171sort Luk\u00e1cs J\u00e1nossal k\u00e9sz\u00edtett\u00e9k Megsz\u00f3lal a Sz\u00e9kelyf\u00f6ld c. -mel. Bemond\u00f3, riporter, szerkeszt\u0151s\u00e9gi f\u0151tittk\u00e1r (1958\u201385) oszt\u00e1lyvezet\u0151 (1957\u201379). M\u0171sorrovatai: N\u00e9gyszemk\u00f6zt, Dolgos h\u00e9tk\u00f6znapok, Tal\u00e1lkozzunk szombaton, Mikr\u00f3encikl\u00f3p\u00e9dia. Ott volt a buk tv. Magyar ad\u00e1s\u00e1nak indul\u00e1s\u00e1n\u00e1l, sikere volt a n\u00e9pdalkutat\u00f3 iskol\u00e1sokr\u00f3l sz\u00f3l\u00f3 riportj\u00e1nak \u00e9s a k\u00e9t Bolyair\u00f3l sz\u00f3l\u00f3 filmnek amelyek forgat\u00f3k\u00f6nyv\u00e9t \u00edrta. K\u00f6zben az \u00c1llami Sz\u00ednh\u00e1z igazgat\u00f3ja (1966\u201367); nyugalomba vonult (1979). T\u0151bb mint 5000 r\u00e1di\u00f3riportot k\u00e9sz\u00edtett; MURE tag; Kutat\u00e1si ter\u00fclete: Sipos Domokos munk\u00e1ss\u00e1ga. Els\u0151 \u00edr\u00e1sa az Ifj\u00fa Erd\u00e9lyben jelent meg (1933). T\u00e1rc\u00e1it, riportjait a V. Z. k\u00f6zli. A buk.-i m. t\u00e9v\u00e9-ad\u00e1s mutatta be A k\u00e9t Bolyai c. dokumentumfilmj\u00e9t a Mv.-en \u0151rz\u00f6tt Bolyai-erekly\u00e9kr\u0151l (1970) \u00e9s Emberek, h\u00e1zak, eml\u00e9kek c. riportfilmj\u00e9t a mv.-i munk\u00e1smozgalom t\u00f6rt\u00e9net\u00e9r\u0151l (1971). A mv.-i r\u00e1di\u00f3ban sorozatban sz\u00fclettek a hangj\u00e1t\u00e9kai, M\u00f3ricz-, Karinthy-, Tomcsa-, Bajor-, Capek-, \u00e9s Csehov-novell\u00e1k alapj\u00e1n. T\u00f6bb mint 500 r\u00e1di\u00f3riportot k\u00e9sz\u00edtett. Sipos Domokos-kutat\u00e1sainak nyit\u00e1nya volt Emberek a Kisk\u00fck\u00fcll\u0151 ment\u00e9n c. r\u00e1di\u00f3j\u00e1t\u00e9ka (1982. dec. 12.), ezt k\u00f6vette az \u00edr\u00f3ra eml\u00e9kez\u0151 Volt, van \u00e9s lesz c. irodalomt\u00f6rt\u00e9neti tanulm\u00e1nya A H\u00e9t-ben, a Hazafel\u00e9 c. Sipos-novell\u00e1nak s rom\u00e1n ford\u00edt\u00e1sainak elemz\u00e9se a Korunkban (1984\/12), v\u00e9g\u00fcl egy \u00e9rtekez\u00e9s Sipos \u00edr\u00f3i indul\u00e1s\u00e1r\u00f3l az Igaz Sz\u00f3ban (1986\/3). Kutat\u00e1sainak eredm\u00e9nye Sipos Domokos-monogr\u00e1fi\u00e1ja (1990, az \u00edr\u00f3 t\u00f6bb kiadatlan elbesz\u00e9l\u00e9s\u00e9vel a f\u00fcggel\u00e9kben). A Rom\u00e1niai Magyar Sz\u00f3 folytat\u00e1sokban k\u00f6z\u00f6lte \u0150rmester \u00far, nincs pusk\u00e1m! c. II. vh. visszaeml\u00e9kez\u00e9seit (1992). Cikkei 250 lapokben \u00e9s foly\u00f3iratokban: \u00cdfj\u00fa Erd\u00e9ly, V\u00f6r\u00f6s Z\u00e1szl\u00f3, A H\u00e9t, Rom\u00e1niai Magyar Sz\u00f3, Korunk, Rom\u00e1niai Magyar Sz\u00f3. \u2013 M\u0171sorai: Akinek nem inge: Szatirikus r\u00e1di\u00f3j\u00e1t\u00e9ksorozat (1968\u201369); Emberek, h\u00e1zak, eml\u00e9kek : Riportfilm (1971); A k\u00e9t Bolyai : TV film (1975); Emberek a Kisk\u00fck\u00fcll\u0151 ment\u00e9n: R\u00e1di\u00f3j\u00e1t\u00e9k (1982); Barangol\u00f3 mikrofonok: Interj\u00fasorozat (1968\u201379); Dolgos h\u00e9tk\u00f6znapok (1968\u201379); N\u00e9gyszemk\u00f6zt (1968\u201379). \u2013 <strong>F. m.:<\/strong> Sipos Domokos (Buk., 1990); \u0151rmester \u00far nincs pusk\u00e1m (Mv., 1997); <strong>t\u00e1rssz.:<\/strong> H\u00e1ry J\u00e1nos kalandoz\u00e1sai \u2013hadifogs\u00e1gban \u00e9s az egyetemen = Utunk Kod\u00e1lyhoz: Tanulm\u00e1nyok, eml\u00e9kez\u00e9sek (Buk., 1984). <br \/><strong>Irod.:<\/strong> Csif\u00f3 J\u00e1nos: B\u00facs\u00fa K. I r\u00e1di\u00f3riportert\u0151l (N\u00fa., 2001. nov. 10); EMKK 2000; \u00c9szaki magyarok; J\u00e1szber\u00e9nyi Emese: Egy tiltott k\u00f6nyvr\u0151l (Erd\u00e9lyi Figyel\u0151, 3. sz., 1991); Kiss\u2013P\u00e9terffy\u2013P\u00e9terffy; KKACs; Kov\u00e1cs Istv\u00e1n: B\u0171n\u00f6s n\u00e9p b\u0171n\u00f6s nemzd\u00e9ke (N\u00fa., M\u00fazsa 516. sz, 2001. nov 10); Nagy Mikl\u00f3s Kund: Ne azt s\u00edrassuk, aki meghalt (N\u00fa., 1990. szept. 7.); Negyven\u00e9ves a Mv.-i R\u00e1di\u00f3: Arcok a mikrofon m\u00f6g\u00fcl (N\u00fa., 1998. febr. 25.); RMIL; RMKK; Sz\u00f3l a r\u00e1di\u00f3<\/br><\/p>\n","protected":false},"excerpt":{"rendered":"<p>Kv, 1919. jan. 1., \u2020 Mv., 2001. okt. 30.: \u00fajs\u00e1g\u00edr\u00f3, r\u00e1di\u00f3riporter, szerkeszt\u0151, irodalomt\u00f6rt\u00e9n\u00e9sz. \u2013 Feles\u00e9ge: Tam\u00e1s Gizella. \u2013 Kv.-on \u00e9retts\u00e9gizett a Ref. Koll.-ban (1937), majd a FJTE Jog- \u00e9s \u00c1llamtudom\u00e1nyi Kar\u00e1n szerzett oklevelet (1942). Karpaszom\u00e1nyos \u0151rmesterk\u00e9nt vett r\u00e9sz a II. vh.-ban, orosz hadifogs\u00e1gba esett (1944\u201347). Mv.-en az OGYI d\u00e9k\u00e1ni majd rektori hivatal\u00e1ban titk\u00e1r (1947\u201357), a [&hellip;]<\/p>\n","protected":false},"featured_media":0,"comment_status":"open","ping_status":"closed","template":"","meta":[],"product_brand":[],"product_cat":[137],"product_tag":[],"class_list":{"0":"post-12907","1":"product","2":"type-product","3":"status-publish","5":"product_cat-maros-megyei-eletrajzi-lexikon","7":"first","8":"instock","9":"shipping-taxable","10":"product-type-simple"},"_links":{"self":[{"href":"https:\/\/uj.adatbank.ro\/lexikon\/wp-json\/wp\/v2\/product\/12907","targetHints":{"allow":["GET"]}}],"collection":[{"href":"https:\/\/uj.adatbank.ro\/lexikon\/wp-json\/wp\/v2\/product"}],"about":[{"href":"https:\/\/uj.adatbank.ro\/lexikon\/wp-json\/wp\/v2\/types\/product"}],"replies":[{"embeddable":true,"href":"https:\/\/uj.adatbank.ro\/lexikon\/wp-json\/wp\/v2\/comments?post=12907"}],"wp:attachment":[{"href":"https:\/\/uj.adatbank.ro\/lexikon\/wp-json\/wp\/v2\/media?parent=12907"}],"wp:term":[{"taxonomy":"product_brand","embeddable":true,"href":"https:\/\/uj.adatbank.ro\/lexikon\/wp-json\/wp\/v2\/product_brand?post=12907"},{"taxonomy":"product_cat","embeddable":true,"href":"https:\/\/uj.adatbank.ro\/lexikon\/wp-json\/wp\/v2\/product_cat?post=12907"},{"taxonomy":"product_tag","embeddable":true,"href":"https:\/\/uj.adatbank.ro\/lexikon\/wp-json\/wp\/v2\/product_tag?post=12907"}],"curies":[{"name":"wp","href":"https:\/\/api.w.org\/{rel}","templated":true}]}}