{"id":12911,"date":"2025-06-29T14:43:28","date_gmt":"2025-06-29T12:43:28","guid":{"rendered":"https:\/\/uj.adatbank.ro\/lexikon\/termek\/kovacs-janos-2\/"},"modified":"2025-06-29T14:43:28","modified_gmt":"2025-06-29T12:43:28","slug":"kovacs-janos-2","status":"publish","type":"product","link":"https:\/\/uj.adatbank.ro\/lexikon\/termek\/kovacs-janos-2\/","title":{"rendered":"KOV\u00c1CS J\u00e1nos"},"content":{"rendered":"<p>? \u2020 ?: r. k. pap. \u2013 Kv.-on \u00e9s Nagyszombaton tanult. K\u00e1pl\u00e1n volt Kv.-on (1753), Sz\u00e9kelyk\u00e1lon pl\u00e9b\u00e1nos (1756\u20131761), majd pl\u00e9b\u00e1nos Cs\u00edkmadarason, Sz\u00e9kelykereszt\u00faron, Cs\u00edksomly\u00f3n, esperes (1788\u2013). <br \/><strong>Irod.:<\/strong> Ferenczi S\u00e1ndor 2009; Sz\u00e9kelyk\u00e1l<\/br><\/p>\n","protected":false},"excerpt":{"rendered":"<p>? \u2020 ?: r. k. pap. \u2013 Kv.-on \u00e9s Nagyszombaton tanult. K\u00e1pl\u00e1n volt Kv.-on (1753), Sz\u00e9kelyk\u00e1lon pl\u00e9b\u00e1nos (1756\u20131761), majd pl\u00e9b\u00e1nos Cs\u00edkmadarason, Sz\u00e9kelykereszt\u00faron, Cs\u00edksomly\u00f3n, esperes (1788\u2013). Irod.: Ferenczi S\u00e1ndor 2009; Sz\u00e9kelyk\u00e1l<\/p>\n","protected":false},"featured_media":0,"comment_status":"open","ping_status":"closed","template":"","meta":[],"product_brand":[],"product_cat":[137],"product_tag":[],"class_list":{"0":"post-12911","1":"product","2":"type-product","3":"status-publish","5":"product_cat-maros-megyei-eletrajzi-lexikon","7":"first","8":"instock","9":"shipping-taxable","10":"product-type-simple"},"_links":{"self":[{"href":"https:\/\/uj.adatbank.ro\/lexikon\/wp-json\/wp\/v2\/product\/12911","targetHints":{"allow":["GET"]}}],"collection":[{"href":"https:\/\/uj.adatbank.ro\/lexikon\/wp-json\/wp\/v2\/product"}],"about":[{"href":"https:\/\/uj.adatbank.ro\/lexikon\/wp-json\/wp\/v2\/types\/product"}],"replies":[{"embeddable":true,"href":"https:\/\/uj.adatbank.ro\/lexikon\/wp-json\/wp\/v2\/comments?post=12911"}],"wp:attachment":[{"href":"https:\/\/uj.adatbank.ro\/lexikon\/wp-json\/wp\/v2\/media?parent=12911"}],"wp:term":[{"taxonomy":"product_brand","embeddable":true,"href":"https:\/\/uj.adatbank.ro\/lexikon\/wp-json\/wp\/v2\/product_brand?post=12911"},{"taxonomy":"product_cat","embeddable":true,"href":"https:\/\/uj.adatbank.ro\/lexikon\/wp-json\/wp\/v2\/product_cat?post=12911"},{"taxonomy":"product_tag","embeddable":true,"href":"https:\/\/uj.adatbank.ro\/lexikon\/wp-json\/wp\/v2\/product_tag?post=12911"}],"curies":[{"name":"wp","href":"https:\/\/api.w.org\/{rel}","templated":true}]}}