{"id":12913,"date":"2025-06-29T14:43:31","date_gmt":"2025-06-29T12:43:31","guid":{"rendered":"https:\/\/uj.adatbank.ro\/lexikon\/termek\/kovacs-janos-4\/"},"modified":"2025-06-29T14:43:31","modified_gmt":"2025-06-29T12:43:31","slug":"kovacs-janos-4","status":"publish","type":"product","link":"https:\/\/uj.adatbank.ro\/lexikon\/termek\/kovacs-janos-4\/","title":{"rendered":"KOV\u00c1CS J\u00e1nos"},"content":{"rendered":"<p>Kend\u0151, 1888., \u2020 ?: moln\u00e1r mester. \u2013 Iskol\u00e1i elv\u00e9gz\u00e9se ut\u00e1n a malomipart tanulta, \u00e9s megfelel\u0151 szakmai el\u0151k\u00e9pzetts\u00e9g ut\u00e1n \u00f6n\u00e1ll\u00f3 mester lett Abaf\u00e1j\u00e1n. Az els\u0151 vh.-ban r\u00e9szt vett. <br \/><strong>Irod.:<\/strong> Sz\u00e9kelyf\u00f6ld \u00ed. k.<\/br><\/p>\n","protected":false},"excerpt":{"rendered":"<p>Kend\u0151, 1888., \u2020 ?: moln\u00e1r mester. \u2013 Iskol\u00e1i elv\u00e9gz\u00e9se ut\u00e1n a malomipart tanulta, \u00e9s megfelel\u0151 szakmai el\u0151k\u00e9pzetts\u00e9g ut\u00e1n \u00f6n\u00e1ll\u00f3 mester lett Abaf\u00e1j\u00e1n. Az els\u0151 vh.-ban r\u00e9szt vett. Irod.: Sz\u00e9kelyf\u00f6ld \u00ed. k.<\/p>\n","protected":false},"featured_media":0,"comment_status":"open","ping_status":"closed","template":"","meta":[],"product_brand":[],"product_cat":[137],"product_tag":[],"class_list":{"0":"post-12913","1":"product","2":"type-product","3":"status-publish","5":"product_cat-maros-megyei-eletrajzi-lexikon","7":"first","8":"instock","9":"shipping-taxable","10":"product-type-simple"},"_links":{"self":[{"href":"https:\/\/uj.adatbank.ro\/lexikon\/wp-json\/wp\/v2\/product\/12913","targetHints":{"allow":["GET"]}}],"collection":[{"href":"https:\/\/uj.adatbank.ro\/lexikon\/wp-json\/wp\/v2\/product"}],"about":[{"href":"https:\/\/uj.adatbank.ro\/lexikon\/wp-json\/wp\/v2\/types\/product"}],"replies":[{"embeddable":true,"href":"https:\/\/uj.adatbank.ro\/lexikon\/wp-json\/wp\/v2\/comments?post=12913"}],"wp:attachment":[{"href":"https:\/\/uj.adatbank.ro\/lexikon\/wp-json\/wp\/v2\/media?parent=12913"}],"wp:term":[{"taxonomy":"product_brand","embeddable":true,"href":"https:\/\/uj.adatbank.ro\/lexikon\/wp-json\/wp\/v2\/product_brand?post=12913"},{"taxonomy":"product_cat","embeddable":true,"href":"https:\/\/uj.adatbank.ro\/lexikon\/wp-json\/wp\/v2\/product_cat?post=12913"},{"taxonomy":"product_tag","embeddable":true,"href":"https:\/\/uj.adatbank.ro\/lexikon\/wp-json\/wp\/v2\/product_tag?post=12913"}],"curies":[{"name":"wp","href":"https:\/\/api.w.org\/{rel}","templated":true}]}}