{"id":12916,"date":"2025-06-29T14:43:39","date_gmt":"2025-06-29T12:43:39","guid":{"rendered":"https:\/\/uj.adatbank.ro\/lexikon\/termek\/kovacs-janos-7\/"},"modified":"2025-06-29T14:43:39","modified_gmt":"2025-06-29T12:43:39","slug":"kovacs-janos-7","status":"publish","type":"product","link":"https:\/\/uj.adatbank.ro\/lexikon\/termek\/kovacs-janos-7\/","title":{"rendered":"KOV\u00c1CS J\u00e1nos"},"content":{"rendered":"<p>? \u2020 ?: ref. pap. &#8211; Nagybaconban seg\u00e9dlelk\u00e9sz. Vadasdon szolg\u00e1lt (1943\u20131977). Elmenek\u00fclt (1944. szept.), a Dun\u00e1nt\u00falon Nemecsk\u00e9n \u00e9s Bp.-en a Szil\u00e1gyi Dezs\u0151 t\u00e9ri templomn\u00e1l teljes\u00edtett szolg\u00e1latot. Ott \u00e9rte Buda ostroma. Visszat\u00e9rt (1945. m\u00e1rc. 11). A t\u00e1vol lev\u0151 lelk\u00e9szek hazat\u00e9r\u00e9s\u00e9ig Bed\u00e9ben \u00e9s Havadon is teljes\u00edtett lelk\u00e9szi szolg\u00e1latot. Adatok a vadasdi ref. egyh\u00e1zk\u00f6zs\u00e9g t\u00f6rt\u00e9net\u00e9hez (1983) c. m\u0171ve k\u00e9ziratban. <br \/><strong>Irod.:<\/strong> Vadasdi kr\u00f3nika<\/br><\/p>\n","protected":false},"excerpt":{"rendered":"<p>? \u2020 ?: ref. pap. &#8211; Nagybaconban seg\u00e9dlelk\u00e9sz. Vadasdon szolg\u00e1lt (1943\u20131977). Elmenek\u00fclt (1944. szept.), a Dun\u00e1nt\u00falon Nemecsk\u00e9n \u00e9s Bp.-en a Szil\u00e1gyi Dezs\u0151 t\u00e9ri templomn\u00e1l teljes\u00edtett szolg\u00e1latot. Ott \u00e9rte Buda ostroma. Visszat\u00e9rt (1945. m\u00e1rc. 11). A t\u00e1vol lev\u0151 lelk\u00e9szek hazat\u00e9r\u00e9s\u00e9ig Bed\u00e9ben \u00e9s Havadon is teljes\u00edtett lelk\u00e9szi szolg\u00e1latot. Adatok a vadasdi ref. egyh\u00e1zk\u00f6zs\u00e9g t\u00f6rt\u00e9net\u00e9hez (1983) c. m\u0171ve [&hellip;]<\/p>\n","protected":false},"featured_media":0,"comment_status":"open","ping_status":"closed","template":"","meta":[],"product_brand":[],"product_cat":[137],"product_tag":[],"class_list":{"0":"post-12916","1":"product","2":"type-product","3":"status-publish","5":"product_cat-maros-megyei-eletrajzi-lexikon","7":"first","8":"instock","9":"shipping-taxable","10":"product-type-simple"},"_links":{"self":[{"href":"https:\/\/uj.adatbank.ro\/lexikon\/wp-json\/wp\/v2\/product\/12916","targetHints":{"allow":["GET"]}}],"collection":[{"href":"https:\/\/uj.adatbank.ro\/lexikon\/wp-json\/wp\/v2\/product"}],"about":[{"href":"https:\/\/uj.adatbank.ro\/lexikon\/wp-json\/wp\/v2\/types\/product"}],"replies":[{"embeddable":true,"href":"https:\/\/uj.adatbank.ro\/lexikon\/wp-json\/wp\/v2\/comments?post=12916"}],"wp:attachment":[{"href":"https:\/\/uj.adatbank.ro\/lexikon\/wp-json\/wp\/v2\/media?parent=12916"}],"wp:term":[{"taxonomy":"product_brand","embeddable":true,"href":"https:\/\/uj.adatbank.ro\/lexikon\/wp-json\/wp\/v2\/product_brand?post=12916"},{"taxonomy":"product_cat","embeddable":true,"href":"https:\/\/uj.adatbank.ro\/lexikon\/wp-json\/wp\/v2\/product_cat?post=12916"},{"taxonomy":"product_tag","embeddable":true,"href":"https:\/\/uj.adatbank.ro\/lexikon\/wp-json\/wp\/v2\/product_tag?post=12916"}],"curies":[{"name":"wp","href":"https:\/\/api.w.org\/{rel}","templated":true}]}}