{"id":12918,"date":"2025-06-29T14:43:43","date_gmt":"2025-06-29T12:43:43","guid":{"rendered":"https:\/\/uj.adatbank.ro\/lexikon\/termek\/kovacs-janos-kezdilemhenyi\/"},"modified":"2025-06-29T14:43:43","modified_gmt":"2025-06-29T12:43:43","slug":"kovacs-janos-kezdilemhenyi","status":"publish","type":"product","link":"https:\/\/uj.adatbank.ro\/lexikon\/termek\/kovacs-janos-kezdilemhenyi\/","title":{"rendered":"KOV\u00c1CS J\u00e1nos, k\u00e9zdilemh\u00e9nyi"},"content":{"rendered":"<p>1842.? \u2020 Mv., 1902. j\u00fal. 8.: b\u00edr\u00f3. \u2013 Feles\u00e9ge: lovag streifeldi Wittich M\u00e1ria (1852 \u2013 Mv., 1932. j\u00fal. 2.). Gyermekeik: Ella \u00e9s Jank\u00f3. \u2013 Mv.-en kir. it\u00e9l\u0151t\u00e1blai b\u00edr\u00f3. <br \/><strong>Irod.:<\/strong> Gy\u00e1szjelent\u0151<\/br><\/p>\n","protected":false},"excerpt":{"rendered":"<p>1842.? \u2020 Mv., 1902. j\u00fal. 8.: b\u00edr\u00f3. \u2013 Feles\u00e9ge: lovag streifeldi Wittich M\u00e1ria (1852 \u2013 Mv., 1932. j\u00fal. 2.). Gyermekeik: Ella \u00e9s Jank\u00f3. \u2013 Mv.-en kir. it\u00e9l\u0151t\u00e1blai b\u00edr\u00f3. Irod.: Gy\u00e1szjelent\u0151<\/p>\n","protected":false},"featured_media":0,"comment_status":"open","ping_status":"closed","template":"","meta":[],"product_brand":[],"product_cat":[137],"product_tag":[],"class_list":{"0":"post-12918","1":"product","2":"type-product","3":"status-publish","5":"product_cat-maros-megyei-eletrajzi-lexikon","7":"first","8":"instock","9":"shipping-taxable","10":"product-type-simple"},"_links":{"self":[{"href":"https:\/\/uj.adatbank.ro\/lexikon\/wp-json\/wp\/v2\/product\/12918","targetHints":{"allow":["GET"]}}],"collection":[{"href":"https:\/\/uj.adatbank.ro\/lexikon\/wp-json\/wp\/v2\/product"}],"about":[{"href":"https:\/\/uj.adatbank.ro\/lexikon\/wp-json\/wp\/v2\/types\/product"}],"replies":[{"embeddable":true,"href":"https:\/\/uj.adatbank.ro\/lexikon\/wp-json\/wp\/v2\/comments?post=12918"}],"wp:attachment":[{"href":"https:\/\/uj.adatbank.ro\/lexikon\/wp-json\/wp\/v2\/media?parent=12918"}],"wp:term":[{"taxonomy":"product_brand","embeddable":true,"href":"https:\/\/uj.adatbank.ro\/lexikon\/wp-json\/wp\/v2\/product_brand?post=12918"},{"taxonomy":"product_cat","embeddable":true,"href":"https:\/\/uj.adatbank.ro\/lexikon\/wp-json\/wp\/v2\/product_cat?post=12918"},{"taxonomy":"product_tag","embeddable":true,"href":"https:\/\/uj.adatbank.ro\/lexikon\/wp-json\/wp\/v2\/product_tag?post=12918"}],"curies":[{"name":"wp","href":"https:\/\/api.w.org\/{rel}","templated":true}]}}