{"id":12921,"date":"2025-06-29T14:43:48","date_gmt":"2025-06-29T12:43:48","guid":{"rendered":"https:\/\/uj.adatbank.ro\/lexikon\/termek\/kovacs-janos-szekelykereszturi-2\/"},"modified":"2025-06-29T14:43:48","modified_gmt":"2025-06-29T12:43:48","slug":"kovacs-janos-szekelykereszturi-2","status":"publish","type":"product","link":"https:\/\/uj.adatbank.ro\/lexikon\/termek\/kovacs-janos-szekelykereszturi-2\/","title":{"rendered":"KOV\u00c1CS J\u00e1nos, sz\u00e9kelykereszt\u00fari"},"content":{"rendered":"<p>Mez\u0151b\u00e1nd, 1856. dec. 10., \u2020 Bp., 1942. \u00e1pr. 19.: b\u00f6lcseleti doktor, tan\u00edt\u00f3k\u00e9pz\u0151i tan\u00e1r, K. Albert testv\u00e9re. \u2013 K\u00f6z\u00e9piskol\u00e1it Mv.-en \u00e9s Nagyenyeden v\u00e9gezte (1874); a b\u00e9csi M\u0171egyetem hallgat\u00f3ja (1874\u201376); Kv.-on a tan\u00e1rk\u00e9pz\u0151 hallgat\u00f3ja (1876\u201380), ahol k\u00f6z\u00e9piskolai tan\u00e1ri oklevelet szerzett fizik\u00e1b\u00f3l \u00e9s mennyis\u00e9gtanb\u00f3l, ezut\u00e1n katona volt (1880\u201381). Kinevezt\u00e9k a budai Pedagogium rendes tan\u00e1r\u00e1v\u00e1 a fizika \u00e9s k\u00e9mia tansz\u00e9kre (1881\u2013); doktor\u00e1lt a kv.-i egyetemen fizika, fels\u0151bb matematika \u00e9s k\u00e9mi\u00e1b\u00f3l (1883). Tagja volt az orsz\u00e1gos K\u00f6zoktat\u00e1si Tan\u00e1csnak (1894\u2013), az Orsz\u00e1gos Tanszerm\u00fazeumi Bizotts\u00e1gnak, a Magyar Pedag\u00f3giai T\u00e1rsas\u00e1g titk\u00e1ra, a Tan\u00edt\u00f3k\u00e9pz\u0151int\u00e9zeti Tan\u00e1rok Orsz\u00e1gos Egyes\u00fclet\u00e9nek \u00fcgyviv\u0151 eln\u00f6ke, az Orsz\u00e1gos Polg\u00e1riskolai Egyes\u00fclet igazgat\u00f3s\u00e1gi tagja, a II. Orsz\u00e1gos \u00e9s Egyetemes Tan\u00fcgyi Kongresszus egyik titk\u00e1ra. Mint a k\u00f6zoktat\u00e1si Tan\u00e1cs tagja r\u00e9szt vett a tan\u00edt\u00f3k\u00e9pz\u0151k \u00faj tanterv\u00e9nek k\u00e9sz\u00edt\u00e9s\u00e9ben. Cikkei a polg\u00e1ri iskola k\u00e9rd\u00e9seir\u0151l, a tan\u00e1rk\u00e9pz\u00e9sr\u0151l, k\u00f6nyvismertet\u00e9sek, metodikai k\u00e9rd\u00e9sekr\u0151l a : Fels\u0151n\u00e9p- \u00e9s Polg\u00e1riskolai K\u00f6zl\u00f6ny, Pedagogia, Magyar Tan\u00fcgy, N\u00e9ptan\u00edt\u00f3k Lapja, Magyar Tan\u00edt\u00f3k\u00e9pz\u0151-ben; szerkesztette a Fels\u0151n\u00e9p- \u00e9s Polg\u00e1riskolai K\u00f6zl\u00f6nyt \u00e9s a Milleniumi Tan\u00fcgyi Kongresszus Napl\u00f3j\u00e1t \u2013 <strong>F. m.:<\/strong> Az elektrolytok polariz\u00e1ci\u00f3ja (Bp., 1883); K\u00e9mia tan\u00edt\u00f3k\u00e9pz\u0151k \u00e9s polg\u00e1ri iskol\u00e1k sz\u00e1m\u00e1ra (Bp., 1887\u201388); Bevezet\u00e9s a k\u00e9mi\u00e1ba re\u00e1liskol\u00e1k IV. o. sz\u00e1m\u00e1ra (Bp., 1889); Fizika a tan\u00edt\u00f3k\u00e9pz\u0151k \u00e9s a polg\u00e1riskol\u00e1k sz\u00e1m\u00e1ra (Bp., 1890); Fizikai bevezet\u00e9s Laky D\u00e1niel F\u00f6ldrajz\u00e1ban (Bp., 1890); R\u00f6vid fizika polg. fi\u00fa \u00e9s le\u00e1nyiskol\u00e1k IV. oszt\u00e1lya sz\u00e1m\u00e1ra (Bp., 1891); A csillag\u00e1szati f\u00f6ldrajz elemei polg. fi\u00fa \u00e9s le\u00e1nyiskol\u00e1k IV. oszt\u00e1lya sz\u00e1m\u00e1ra (Bp., 1891); A csillag\u00e1szati f\u00f6ldrajz elemei : Polg\u00e1ri fi\u00faiskol\u00e1k sz\u00e1m\u00e1ra (Bp., 1891); A fels\u0151n\u00e9p- \u00e9s polg\u00e1riskolai oktat\u00e1s, ezen iskol\u00e1k monogr\u00e1fi\u00e1ja, a milleneumi ki\u00e1ll\u00edt\u00e1s alkalm\u00e1ra a vall\u00e1s \u00e9s k\u00f6zoktat\u00e1si miniszter megb\u00edz\u00e1s\u00e1b\u00f3l (Bp., 1896), <strong>szerk.:<\/strong> Kriza album (Bp., 1892); A II. Orsz\u00e1gos \u00e9s Egyetemes Tan\u00fcgyi Kongresszus napl\u00f3jaj (Bp, 1898); Matzk\u00f3 Gyula : Kis\u00e9rletez\u0151 fizika tan\u00edt\u00e1s (el\u0151sz\u00f3, Szeged, 1933). \u2013 Irod.; Ferenczi Zolt\u00e1n : A kv.-i sz\u00edn\u00e9szet \u00e9s sz\u00ednh\u00e1z t\u00f6rt\u00e9nete (Kv., 1897); RNL; Szinnyei; M\u00c9L; \u00daM\u00c9L<\/br><\/p>\n","protected":false},"excerpt":{"rendered":"<p>Mez\u0151b\u00e1nd, 1856. dec. 10., \u2020 Bp., 1942. \u00e1pr. 19.: b\u00f6lcseleti doktor, tan\u00edt\u00f3k\u00e9pz\u0151i tan\u00e1r, K. Albert testv\u00e9re. \u2013 K\u00f6z\u00e9piskol\u00e1it Mv.-en \u00e9s Nagyenyeden v\u00e9gezte (1874); a b\u00e9csi M\u0171egyetem hallgat\u00f3ja (1874\u201376); Kv.-on a tan\u00e1rk\u00e9pz\u0151 hallgat\u00f3ja (1876\u201380), ahol k\u00f6z\u00e9piskolai tan\u00e1ri oklevelet szerzett fizik\u00e1b\u00f3l \u00e9s mennyis\u00e9gtanb\u00f3l, ezut\u00e1n katona volt (1880\u201381). Kinevezt\u00e9k a budai Pedagogium rendes tan\u00e1r\u00e1v\u00e1 a fizika \u00e9s k\u00e9mia [&hellip;]<\/p>\n","protected":false},"featured_media":0,"comment_status":"open","ping_status":"closed","template":"","meta":[],"product_brand":[],"product_cat":[137],"product_tag":[],"class_list":{"0":"post-12921","1":"product","2":"type-product","3":"status-publish","5":"product_cat-maros-megyei-eletrajzi-lexikon","7":"first","8":"instock","9":"shipping-taxable","10":"product-type-simple"},"_links":{"self":[{"href":"https:\/\/uj.adatbank.ro\/lexikon\/wp-json\/wp\/v2\/product\/12921","targetHints":{"allow":["GET"]}}],"collection":[{"href":"https:\/\/uj.adatbank.ro\/lexikon\/wp-json\/wp\/v2\/product"}],"about":[{"href":"https:\/\/uj.adatbank.ro\/lexikon\/wp-json\/wp\/v2\/types\/product"}],"replies":[{"embeddable":true,"href":"https:\/\/uj.adatbank.ro\/lexikon\/wp-json\/wp\/v2\/comments?post=12921"}],"wp:attachment":[{"href":"https:\/\/uj.adatbank.ro\/lexikon\/wp-json\/wp\/v2\/media?parent=12921"}],"wp:term":[{"taxonomy":"product_brand","embeddable":true,"href":"https:\/\/uj.adatbank.ro\/lexikon\/wp-json\/wp\/v2\/product_brand?post=12921"},{"taxonomy":"product_cat","embeddable":true,"href":"https:\/\/uj.adatbank.ro\/lexikon\/wp-json\/wp\/v2\/product_cat?post=12921"},{"taxonomy":"product_tag","embeddable":true,"href":"https:\/\/uj.adatbank.ro\/lexikon\/wp-json\/wp\/v2\/product_tag?post=12921"}],"curies":[{"name":"wp","href":"https:\/\/api.w.org\/{rel}","templated":true}]}}