{"id":12926,"date":"2025-06-29T14:43:58","date_gmt":"2025-06-29T12:43:58","guid":{"rendered":"https:\/\/uj.adatbank.ro\/lexikon\/termek\/kovacs-jozsef-4\/"},"modified":"2025-06-29T14:43:58","modified_gmt":"2025-06-29T12:43:58","slug":"kovacs-jozsef-4","status":"publish","type":"product","link":"https:\/\/uj.adatbank.ro\/lexikon\/termek\/kovacs-jozsef-4\/","title":{"rendered":"KOV\u00c1CS J\u00f3zsef,"},"content":{"rendered":"<p>? \u2020 ?: ref. lelk\u00e9sz. \u2013 Kisf\u00fclp\u00f6s\u00f6n (1794\u201397), majd Holtmaroson szolg\u00e1lt (1798\u201399). Cs\u00edkfalvi lelk\u00e9sz (1812\u201315), k\u00e9s\u0151bb cs\u00f3kai pap. <br \/><strong>Irod.:<\/strong> Cs\u00edkfalva; \u0150sz<\/br><\/p>\n","protected":false},"excerpt":{"rendered":"<p>? \u2020 ?: ref. lelk\u00e9sz. \u2013 Kisf\u00fclp\u00f6s\u00f6n (1794\u201397), majd Holtmaroson szolg\u00e1lt (1798\u201399). Cs\u00edkfalvi lelk\u00e9sz (1812\u201315), k\u00e9s\u0151bb cs\u00f3kai pap. Irod.: Cs\u00edkfalva; \u0150sz<\/p>\n","protected":false},"featured_media":0,"comment_status":"open","ping_status":"closed","template":"","meta":[],"product_brand":[],"product_cat":[137],"product_tag":[],"class_list":{"0":"post-12926","1":"product","2":"type-product","3":"status-publish","5":"product_cat-maros-megyei-eletrajzi-lexikon","7":"first","8":"instock","9":"shipping-taxable","10":"product-type-simple"},"_links":{"self":[{"href":"https:\/\/uj.adatbank.ro\/lexikon\/wp-json\/wp\/v2\/product\/12926","targetHints":{"allow":["GET"]}}],"collection":[{"href":"https:\/\/uj.adatbank.ro\/lexikon\/wp-json\/wp\/v2\/product"}],"about":[{"href":"https:\/\/uj.adatbank.ro\/lexikon\/wp-json\/wp\/v2\/types\/product"}],"replies":[{"embeddable":true,"href":"https:\/\/uj.adatbank.ro\/lexikon\/wp-json\/wp\/v2\/comments?post=12926"}],"wp:attachment":[{"href":"https:\/\/uj.adatbank.ro\/lexikon\/wp-json\/wp\/v2\/media?parent=12926"}],"wp:term":[{"taxonomy":"product_brand","embeddable":true,"href":"https:\/\/uj.adatbank.ro\/lexikon\/wp-json\/wp\/v2\/product_brand?post=12926"},{"taxonomy":"product_cat","embeddable":true,"href":"https:\/\/uj.adatbank.ro\/lexikon\/wp-json\/wp\/v2\/product_cat?post=12926"},{"taxonomy":"product_tag","embeddable":true,"href":"https:\/\/uj.adatbank.ro\/lexikon\/wp-json\/wp\/v2\/product_tag?post=12926"}],"curies":[{"name":"wp","href":"https:\/\/api.w.org\/{rel}","templated":true}]}}