{"id":12927,"date":"2025-06-29T14:44:01","date_gmt":"2025-06-29T12:44:01","guid":{"rendered":"https:\/\/uj.adatbank.ro\/lexikon\/termek\/kovacs-jozsef-5\/"},"modified":"2025-06-29T14:44:01","modified_gmt":"2025-06-29T12:44:01","slug":"kovacs-jozsef-5","status":"publish","type":"product","link":"https:\/\/uj.adatbank.ro\/lexikon\/termek\/kovacs-jozsef-5\/","title":{"rendered":"KOV\u00c1CS J\u00f3zsef,"},"content":{"rendered":"<p>? \u2020 Ny\u00e1r\u00e1dg\u00e1lfalva, 1997. j\u00fal. 3.: unit. lelk\u00e9sz. <br \/><strong>Irod.:<\/strong> [Nekrol\u00f3g] (N\u00fa., 1997. j\u00fal. 5.)<\/br><\/p>\n","protected":false},"excerpt":{"rendered":"<p>? \u2020 Ny\u00e1r\u00e1dg\u00e1lfalva, 1997. j\u00fal. 3.: unit. lelk\u00e9sz. Irod.: [Nekrol\u00f3g] (N\u00fa., 1997. j\u00fal. 5.)<\/p>\n","protected":false},"featured_media":0,"comment_status":"open","ping_status":"closed","template":"","meta":[],"product_brand":[],"product_cat":[137],"product_tag":[],"class_list":{"0":"post-12927","1":"product","2":"type-product","3":"status-publish","5":"product_cat-maros-megyei-eletrajzi-lexikon","7":"first","8":"instock","9":"shipping-taxable","10":"product-type-simple"},"_links":{"self":[{"href":"https:\/\/uj.adatbank.ro\/lexikon\/wp-json\/wp\/v2\/product\/12927","targetHints":{"allow":["GET"]}}],"collection":[{"href":"https:\/\/uj.adatbank.ro\/lexikon\/wp-json\/wp\/v2\/product"}],"about":[{"href":"https:\/\/uj.adatbank.ro\/lexikon\/wp-json\/wp\/v2\/types\/product"}],"replies":[{"embeddable":true,"href":"https:\/\/uj.adatbank.ro\/lexikon\/wp-json\/wp\/v2\/comments?post=12927"}],"wp:attachment":[{"href":"https:\/\/uj.adatbank.ro\/lexikon\/wp-json\/wp\/v2\/media?parent=12927"}],"wp:term":[{"taxonomy":"product_brand","embeddable":true,"href":"https:\/\/uj.adatbank.ro\/lexikon\/wp-json\/wp\/v2\/product_brand?post=12927"},{"taxonomy":"product_cat","embeddable":true,"href":"https:\/\/uj.adatbank.ro\/lexikon\/wp-json\/wp\/v2\/product_cat?post=12927"},{"taxonomy":"product_tag","embeddable":true,"href":"https:\/\/uj.adatbank.ro\/lexikon\/wp-json\/wp\/v2\/product_tag?post=12927"}],"curies":[{"name":"wp","href":"https:\/\/api.w.org\/{rel}","templated":true}]}}