{"id":12928,"date":"2025-06-29T14:44:02","date_gmt":"2025-06-29T12:44:02","guid":{"rendered":"https:\/\/uj.adatbank.ro\/lexikon\/termek\/kovacs-jozsef-kovats-jozsef\/"},"modified":"2025-06-29T14:44:02","modified_gmt":"2025-06-29T12:44:02","slug":"kovacs-jozsef-kovats-jozsef","status":"publish","type":"product","link":"https:\/\/uj.adatbank.ro\/lexikon\/termek\/kovacs-jozsef-kovats-jozsef\/","title":{"rendered":"KOV\u00c1CS J\u00f3zsef, Kov\u00e1ts J\u00f3zsef"},"content":{"rendered":"<p>1883.? \u2020 Mv., 1917. dec. 24.: nyomdatulajdonos, lapszerkeszt\u0151, socdem p\u00e1rti tiszts\u00e9gvisel\u0151. \u2013 Apja: K. J\u00e1nos. Feles\u00e9ge: Weinberger Kl\u00e1ra. Fi\u00fak: L\u00e1szl\u00f3. \u2013 Mv.-i szocialista vezet\u0151, a Szoci\u00e1ldemokrata P\u00e1rt helyi szervezet\u00e9nek szervez\u0151je Csetri J\u00e1nossal egy\u00fctt (1914), titk\u00e1ra (1910). Munk\u00e1sotthont l\u00e9tes\u00edtettek \u00f6ner\u0151b\u0151l Mv.-en (1910). F\u0151 munkat\u00e1rsa a Munk\u00e1s-Otthon \u00c9rtes\u00edt\u0151je c. hetilapnak (1910\u201311) \u00e9s a T\u00fck\u00f6r felel\u0151s szerkeszt\u0151je hal\u00e1l\u00e1ig (1913\u201317). Antialkoholista propag\u00e1l\u00f3. Tragikus k\u00f6r\u00fclm\u00e9nyek k\u00f6z\u00f6tt halt meg. Feles\u00e9g\u00e9t (1886\u2013) Mv.-r\u0151l deport\u00e1lt\u00e1k (1944. m\u00e1j. 29.). <br \/><strong>Irod.:<\/strong> Fuchs Simon: A kommunista P\u00e1rthoz vezet\u0151 \u00faton (Korunk, 10. sz., 1957).; Gy\u00e1szjelent\u0151; Id\u0151t\u00e1r 2; Mv. zsid\u00f3s\u00e1ga; \u00d6kr\u00f6s; Popt\u0103ma\u015f\u2013M\u00f3zes<\/br><\/p>\n","protected":false},"excerpt":{"rendered":"<p>1883.? \u2020 Mv., 1917. dec. 24.: nyomdatulajdonos, lapszerkeszt\u0151, socdem p\u00e1rti tiszts\u00e9gvisel\u0151. \u2013 Apja: K. J\u00e1nos. Feles\u00e9ge: Weinberger Kl\u00e1ra. Fi\u00fak: L\u00e1szl\u00f3. \u2013 Mv.-i szocialista vezet\u0151, a Szoci\u00e1ldemokrata P\u00e1rt helyi szervezet\u00e9nek szervez\u0151je Csetri J\u00e1nossal egy\u00fctt (1914), titk\u00e1ra (1910). Munk\u00e1sotthont l\u00e9tes\u00edtettek \u00f6ner\u0151b\u0151l Mv.-en (1910). F\u0151 munkat\u00e1rsa a Munk\u00e1s-Otthon \u00c9rtes\u00edt\u0151je c. hetilapnak (1910\u201311) \u00e9s a T\u00fck\u00f6r felel\u0151s szerkeszt\u0151je hal\u00e1l\u00e1ig [&hellip;]<\/p>\n","protected":false},"featured_media":0,"comment_status":"open","ping_status":"closed","template":"","meta":[],"product_brand":[],"product_cat":[137],"product_tag":[],"class_list":{"0":"post-12928","1":"product","2":"type-product","3":"status-publish","5":"product_cat-maros-megyei-eletrajzi-lexikon","7":"first","8":"instock","9":"shipping-taxable","10":"product-type-simple"},"_links":{"self":[{"href":"https:\/\/uj.adatbank.ro\/lexikon\/wp-json\/wp\/v2\/product\/12928","targetHints":{"allow":["GET"]}}],"collection":[{"href":"https:\/\/uj.adatbank.ro\/lexikon\/wp-json\/wp\/v2\/product"}],"about":[{"href":"https:\/\/uj.adatbank.ro\/lexikon\/wp-json\/wp\/v2\/types\/product"}],"replies":[{"embeddable":true,"href":"https:\/\/uj.adatbank.ro\/lexikon\/wp-json\/wp\/v2\/comments?post=12928"}],"wp:attachment":[{"href":"https:\/\/uj.adatbank.ro\/lexikon\/wp-json\/wp\/v2\/media?parent=12928"}],"wp:term":[{"taxonomy":"product_brand","embeddable":true,"href":"https:\/\/uj.adatbank.ro\/lexikon\/wp-json\/wp\/v2\/product_brand?post=12928"},{"taxonomy":"product_cat","embeddable":true,"href":"https:\/\/uj.adatbank.ro\/lexikon\/wp-json\/wp\/v2\/product_cat?post=12928"},{"taxonomy":"product_tag","embeddable":true,"href":"https:\/\/uj.adatbank.ro\/lexikon\/wp-json\/wp\/v2\/product_tag?post=12928"}],"curies":[{"name":"wp","href":"https:\/\/api.w.org\/{rel}","templated":true}]}}