{"id":12929,"date":"2025-06-29T14:44:03","date_gmt":"2025-06-29T12:44:03","guid":{"rendered":"https:\/\/uj.adatbank.ro\/lexikon\/termek\/kovacs-julia-ibolya\/"},"modified":"2025-06-29T14:44:03","modified_gmt":"2025-06-29T12:44:03","slug":"kovacs-julia-ibolya","status":"publish","type":"product","link":"https:\/\/uj.adatbank.ro\/lexikon\/termek\/kovacs-julia-ibolya\/","title":{"rendered":"KOV\u00c1CS J\u00falia Ibolya"},"content":{"rendered":"<p>Buk., 1935. m\u00e1rc. 4., \u2020 Mv., 1986. nov. 12.: vegy\u00e9sz. \u2013 K\u00f6z\u00e9piskol\u00e1t Mv.-en v\u00e9gzett (1952); Kv.-on a BTE k\u00e9mia szak\u00e1n szerzett oklevelet (1956). A MOGYI Gy\u00f3gyszer\u00e9szeti Kar\u00e1n a fizikai laborat\u00f3rium f\u0151n\u00f6ke (1958\u201360); tan\u00e1rseg\u00e9d majd adjunktus a Bi\u00f3k\u00e9mia szakon (1961\u201377), el\u0151ad\u00f3tan\u00e1r (1977\u201386); a k\u00e9miai tudom\u00e1nyok doktora (1975). Szaktanulm\u00e1nyai : Comunic\u0103rile Academiei RPR, Sesiune \u015etiin\u0163ific\u0103 Anual\u0103 de Comunic\u0103ri a Centrului de Cercet\u0103ri Medicale Tg. Mure\u015f (1976), Revue Roumaine de Chimie, valamint n\u00e9met, orosz, angol szakfoly\u00f3iratokban. T\u00e1rsszerz\u0151je t\u00f6bb rom\u00e1n nyelv\u0171 egyetemi tank\u00f6nyvnek \u00e9s jegyzetnek. \u2013 <strong>F. m.:<\/strong> Gyakorlati jegyzet gy\u00f3gyszer\u00e9szeti biok\u00e9mi\u00e1b\u00f3l (Mv., 1962); Gyakorlati jegyzet eg\u00e9szs\u00e9g\u00fcgyi k\u00e9mi\u00e1b\u00f3l. ( Mv., 1967); Eg\u00e9szs\u00e9g\u00fcgyi k\u00e9mia ( Mv., 1971); Gy\u00f3gyszer\u00e9szeti biok\u00e9mia (Mv., 1971, 1974, 1979). <br \/><strong>Irod.:<\/strong> Genersich; Mv.-i Gy\u00f3gyszer\u00e9szeti Kar; Barab\u00e1s-P\u00e9ter M.\u2013P\u00e9ter H. M.; RMIL<\/br><\/p>\n","protected":false},"excerpt":{"rendered":"<p>Buk., 1935. m\u00e1rc. 4., \u2020 Mv., 1986. nov. 12.: vegy\u00e9sz. \u2013 K\u00f6z\u00e9piskol\u00e1t Mv.-en v\u00e9gzett (1952); Kv.-on a BTE k\u00e9mia szak\u00e1n szerzett oklevelet (1956). A MOGYI Gy\u00f3gyszer\u00e9szeti Kar\u00e1n a fizikai laborat\u00f3rium f\u0151n\u00f6ke (1958\u201360); tan\u00e1rseg\u00e9d majd adjunktus a Bi\u00f3k\u00e9mia szakon (1961\u201377), el\u0151ad\u00f3tan\u00e1r (1977\u201386); a k\u00e9miai tudom\u00e1nyok doktora (1975). Szaktanulm\u00e1nyai : Comunic\u0103rile Academiei RPR, Sesiune \u015etiin\u0163ific\u0103 Anual\u0103 de [&hellip;]<\/p>\n","protected":false},"featured_media":0,"comment_status":"open","ping_status":"closed","template":"","meta":[],"product_brand":[],"product_cat":[137],"product_tag":[],"class_list":{"0":"post-12929","1":"product","2":"type-product","3":"status-publish","5":"product_cat-maros-megyei-eletrajzi-lexikon","7":"first","8":"instock","9":"shipping-taxable","10":"product-type-simple"},"_links":{"self":[{"href":"https:\/\/uj.adatbank.ro\/lexikon\/wp-json\/wp\/v2\/product\/12929","targetHints":{"allow":["GET"]}}],"collection":[{"href":"https:\/\/uj.adatbank.ro\/lexikon\/wp-json\/wp\/v2\/product"}],"about":[{"href":"https:\/\/uj.adatbank.ro\/lexikon\/wp-json\/wp\/v2\/types\/product"}],"replies":[{"embeddable":true,"href":"https:\/\/uj.adatbank.ro\/lexikon\/wp-json\/wp\/v2\/comments?post=12929"}],"wp:attachment":[{"href":"https:\/\/uj.adatbank.ro\/lexikon\/wp-json\/wp\/v2\/media?parent=12929"}],"wp:term":[{"taxonomy":"product_brand","embeddable":true,"href":"https:\/\/uj.adatbank.ro\/lexikon\/wp-json\/wp\/v2\/product_brand?post=12929"},{"taxonomy":"product_cat","embeddable":true,"href":"https:\/\/uj.adatbank.ro\/lexikon\/wp-json\/wp\/v2\/product_cat?post=12929"},{"taxonomy":"product_tag","embeddable":true,"href":"https:\/\/uj.adatbank.ro\/lexikon\/wp-json\/wp\/v2\/product_tag?post=12929"}],"curies":[{"name":"wp","href":"https:\/\/api.w.org\/{rel}","templated":true}]}}