{"id":12930,"date":"2025-06-29T14:44:05","date_gmt":"2025-06-29T12:44:05","guid":{"rendered":"https:\/\/uj.adatbank.ro\/lexikon\/termek\/kovacs-julia-%c2%a7\/"},"modified":"2025-06-29T14:44:05","modified_gmt":"2025-06-29T12:44:05","slug":"kovacs-julia-%c2%a7","status":"publish","type":"product","link":"https:\/\/uj.adatbank.ro\/lexikon\/termek\/kovacs-julia-%c2%a7\/","title":{"rendered":"KOV\u00c1CS J\u00falia, \u00a7"},"content":{"rendered":"<p>Bereck, 1898. j\u00fal. 14., \u2020 Marosszentgy\u00f6rgy, 1975.: tan\u00edt\u00f3n\u0151. \u2013 Nagyv\u00e1radon v\u00e9gzett tan\u00edt\u00f3k\u00e9pz\u0151t (1919). Marosszentgy\u00f6rgyre helyezt\u00e9k \u00f3v\u00f3n\u0151nek el\u0151bb a ref., majd a g. kat. egyh\u00e1zi iskol\u00e1ba, ahol nyugd\u00edjaz\u00e1s\u00e1ig dolgozott (1943\u201361). A m. tannyelv\u0171 \u00f3v\u00f3da igazgat\u00f3ja volt (1948\u201361). <br \/><strong>Irod.:<\/strong> S\u00e2ngeorgiu de Mure\u015f \u2013 \u015ecoala<\/br><\/p>\n","protected":false},"excerpt":{"rendered":"<p>Bereck, 1898. j\u00fal. 14., \u2020 Marosszentgy\u00f6rgy, 1975.: tan\u00edt\u00f3n\u0151. \u2013 Nagyv\u00e1radon v\u00e9gzett tan\u00edt\u00f3k\u00e9pz\u0151t (1919). Marosszentgy\u00f6rgyre helyezt\u00e9k \u00f3v\u00f3n\u0151nek el\u0151bb a ref., majd a g. kat. egyh\u00e1zi iskol\u00e1ba, ahol nyugd\u00edjaz\u00e1s\u00e1ig dolgozott (1943\u201361). A m. tannyelv\u0171 \u00f3v\u00f3da igazgat\u00f3ja volt (1948\u201361). Irod.: S\u00e2ngeorgiu de Mure\u015f \u2013 \u015ecoala<\/p>\n","protected":false},"featured_media":0,"comment_status":"open","ping_status":"closed","template":"","meta":[],"product_brand":[],"product_cat":[137],"product_tag":[],"class_list":{"0":"post-12930","1":"product","2":"type-product","3":"status-publish","5":"product_cat-maros-megyei-eletrajzi-lexikon","7":"first","8":"instock","9":"shipping-taxable","10":"product-type-simple"},"_links":{"self":[{"href":"https:\/\/uj.adatbank.ro\/lexikon\/wp-json\/wp\/v2\/product\/12930","targetHints":{"allow":["GET"]}}],"collection":[{"href":"https:\/\/uj.adatbank.ro\/lexikon\/wp-json\/wp\/v2\/product"}],"about":[{"href":"https:\/\/uj.adatbank.ro\/lexikon\/wp-json\/wp\/v2\/types\/product"}],"replies":[{"embeddable":true,"href":"https:\/\/uj.adatbank.ro\/lexikon\/wp-json\/wp\/v2\/comments?post=12930"}],"wp:attachment":[{"href":"https:\/\/uj.adatbank.ro\/lexikon\/wp-json\/wp\/v2\/media?parent=12930"}],"wp:term":[{"taxonomy":"product_brand","embeddable":true,"href":"https:\/\/uj.adatbank.ro\/lexikon\/wp-json\/wp\/v2\/product_brand?post=12930"},{"taxonomy":"product_cat","embeddable":true,"href":"https:\/\/uj.adatbank.ro\/lexikon\/wp-json\/wp\/v2\/product_cat?post=12930"},{"taxonomy":"product_tag","embeddable":true,"href":"https:\/\/uj.adatbank.ro\/lexikon\/wp-json\/wp\/v2\/product_tag?post=12930"}],"curies":[{"name":"wp","href":"https:\/\/api.w.org\/{rel}","templated":true}]}}