{"id":12933,"date":"2025-06-29T14:44:12","date_gmt":"2025-06-29T12:44:12","guid":{"rendered":"https:\/\/uj.adatbank.ro\/lexikon\/termek\/kovacs-kalman-2\/"},"modified":"2025-06-29T14:44:12","modified_gmt":"2025-06-29T12:44:12","slug":"kovacs-kalman-2","status":"publish","type":"product","link":"https:\/\/uj.adatbank.ro\/lexikon\/termek\/kovacs-kalman-2\/","title":{"rendered":"KOV\u00c1CS K\u00e1lm\u00e1n"},"content":{"rendered":"<p>Magyarherm\u00e1ny, 1904., \u2020 Ny\u00e1r\u00e1dszereda, 1995. j\u00fal. 12.: ref. lelk\u00e9sz. \u2013 K\u00f6z\u00e9piskol\u00e1it Sz\u00e9kelykereszt\u00faron v\u00e9gezte, el\u0151bb a b\u0151ripari szakm\u00e1t tanulta ki majd k\u00e9s\u0151bb elv\u00e9gezte a teol\u00f3gi\u00e1t, papp\u00e1 szentelte\u00e9k (1935). Hagym\u00e1sbodonban lelk\u00e9sz, majd Ny\u00e1r\u00e1dszentbenedeken (1952\u201374). Templomjav\u00edt\u00e1s, bels\u0151 berendez\u00e9s t\u00f6rt\u00e9nt (1956), v\u00edzelvezet\u0151 csatorn\u00e1z\u00e1si munk\u00e1latokat v\u00e9geztek (1973). Ferenczi S\u00e1ndor 2012; [Nekrol\u00f3g] (N\u00fa., 1995. j\u00fal. 14.); Ny\u00e1r\u00e1dszentbenedek; Sz\u00e9kelyf\u00f6ld \u00ed. k.<\/br><\/p>\n","protected":false},"excerpt":{"rendered":"<p>Magyarherm\u00e1ny, 1904., \u2020 Ny\u00e1r\u00e1dszereda, 1995. j\u00fal. 12.: ref. lelk\u00e9sz. \u2013 K\u00f6z\u00e9piskol\u00e1it Sz\u00e9kelykereszt\u00faron v\u00e9gezte, el\u0151bb a b\u0151ripari szakm\u00e1t tanulta ki majd k\u00e9s\u0151bb elv\u00e9gezte a teol\u00f3gi\u00e1t, papp\u00e1 szentelte\u00e9k (1935). Hagym\u00e1sbodonban lelk\u00e9sz, majd Ny\u00e1r\u00e1dszentbenedeken (1952\u201374). Templomjav\u00edt\u00e1s, bels\u0151 berendez\u00e9s t\u00f6rt\u00e9nt (1956), v\u00edzelvezet\u0151 csatorn\u00e1z\u00e1si munk\u00e1latokat v\u00e9geztek (1973). Ferenczi S\u00e1ndor 2012; [Nekrol\u00f3g] (N\u00fa., 1995. j\u00fal. 14.); Ny\u00e1r\u00e1dszentbenedek; Sz\u00e9kelyf\u00f6ld \u00ed. k.<\/p>\n","protected":false},"featured_media":0,"comment_status":"open","ping_status":"closed","template":"","meta":[],"product_brand":[],"product_cat":[137],"product_tag":[],"class_list":{"0":"post-12933","1":"product","2":"type-product","3":"status-publish","5":"product_cat-maros-megyei-eletrajzi-lexikon","7":"first","8":"instock","9":"shipping-taxable","10":"product-type-simple"},"_links":{"self":[{"href":"https:\/\/uj.adatbank.ro\/lexikon\/wp-json\/wp\/v2\/product\/12933","targetHints":{"allow":["GET"]}}],"collection":[{"href":"https:\/\/uj.adatbank.ro\/lexikon\/wp-json\/wp\/v2\/product"}],"about":[{"href":"https:\/\/uj.adatbank.ro\/lexikon\/wp-json\/wp\/v2\/types\/product"}],"replies":[{"embeddable":true,"href":"https:\/\/uj.adatbank.ro\/lexikon\/wp-json\/wp\/v2\/comments?post=12933"}],"wp:attachment":[{"href":"https:\/\/uj.adatbank.ro\/lexikon\/wp-json\/wp\/v2\/media?parent=12933"}],"wp:term":[{"taxonomy":"product_brand","embeddable":true,"href":"https:\/\/uj.adatbank.ro\/lexikon\/wp-json\/wp\/v2\/product_brand?post=12933"},{"taxonomy":"product_cat","embeddable":true,"href":"https:\/\/uj.adatbank.ro\/lexikon\/wp-json\/wp\/v2\/product_cat?post=12933"},{"taxonomy":"product_tag","embeddable":true,"href":"https:\/\/uj.adatbank.ro\/lexikon\/wp-json\/wp\/v2\/product_tag?post=12933"}],"curies":[{"name":"wp","href":"https:\/\/api.w.org\/{rel}","templated":true}]}}