{"id":12935,"date":"2025-06-29T14:44:15","date_gmt":"2025-06-29T12:44:15","guid":{"rendered":"https:\/\/uj.adatbank.ro\/lexikon\/termek\/kovacs-karoly-2\/"},"modified":"2025-06-29T14:44:15","modified_gmt":"2025-06-29T12:44:15","slug":"kovacs-karoly-2","status":"publish","type":"product","link":"https:\/\/uj.adatbank.ro\/lexikon\/termek\/kovacs-karoly-2\/","title":{"rendered":"KOV\u00c1CS K\u00e1roly"},"content":{"rendered":"<p>Ny\u00e1r\u00e1dszereda, 1882., \u2020 ?: tan\u00edt\u00f3. \u2013 Tanulm\u00e1nyait Ny\u00e1r\u00e1dszered\u00e1n, Mv.-en \u00e9s Nagyenyeden v\u00e9gezte. Tan\u00edtott (1904\u2013) k\u00fcl\u00f6nb\u00f6z\u0151 helyeken, majd Ny\u00e1r\u00e1dszered\u00e1ra ker\u00fclt, ahol mint ig. -tan\u00edt\u00f3 m\u0171k\u00f6d\u00f6tt. Az els\u0151 vh.-ban a 62. gy. e.-ben az orosz fronton harcolt, megsebes\u00fclt, hadnagyi rangban szerelt le. A Ref. Dal\u00e1rda vezet\u0151je (1912\u201332; 1941\u201344), az \u00dari Kaszin\u00f3 tagja, a Hitelsz\u00f6v. Int\u00e9zet ig. tagja, minden kult\u00farint\u00e9zm\u00e9ny m\u0171k\u00f6d\u00e9s\u00e9ben r\u00e9szt vett. <br \/><strong>Irod.:<\/strong> Sz\u00e1ll a dal a Ny\u00e1r\u00e1dment\u00e9n; Sz\u00e9kelyf\u00f6ld \u00ed. k.<\/br><\/p>\n","protected":false},"excerpt":{"rendered":"<p>Ny\u00e1r\u00e1dszereda, 1882., \u2020 ?: tan\u00edt\u00f3. \u2013 Tanulm\u00e1nyait Ny\u00e1r\u00e1dszered\u00e1n, Mv.-en \u00e9s Nagyenyeden v\u00e9gezte. Tan\u00edtott (1904\u2013) k\u00fcl\u00f6nb\u00f6z\u0151 helyeken, majd Ny\u00e1r\u00e1dszered\u00e1ra ker\u00fclt, ahol mint ig. -tan\u00edt\u00f3 m\u0171k\u00f6d\u00f6tt. Az els\u0151 vh.-ban a 62. gy. e.-ben az orosz fronton harcolt, megsebes\u00fclt, hadnagyi rangban szerelt le. A Ref. Dal\u00e1rda vezet\u0151je (1912\u201332; 1941\u201344), az \u00dari Kaszin\u00f3 tagja, a Hitelsz\u00f6v. Int\u00e9zet ig. tagja, [&hellip;]<\/p>\n","protected":false},"featured_media":0,"comment_status":"open","ping_status":"closed","template":"","meta":[],"product_brand":[],"product_cat":[137],"product_tag":[],"class_list":{"0":"post-12935","1":"product","2":"type-product","3":"status-publish","5":"product_cat-maros-megyei-eletrajzi-lexikon","7":"first","8":"instock","9":"shipping-taxable","10":"product-type-simple"},"_links":{"self":[{"href":"https:\/\/uj.adatbank.ro\/lexikon\/wp-json\/wp\/v2\/product\/12935","targetHints":{"allow":["GET"]}}],"collection":[{"href":"https:\/\/uj.adatbank.ro\/lexikon\/wp-json\/wp\/v2\/product"}],"about":[{"href":"https:\/\/uj.adatbank.ro\/lexikon\/wp-json\/wp\/v2\/types\/product"}],"replies":[{"embeddable":true,"href":"https:\/\/uj.adatbank.ro\/lexikon\/wp-json\/wp\/v2\/comments?post=12935"}],"wp:attachment":[{"href":"https:\/\/uj.adatbank.ro\/lexikon\/wp-json\/wp\/v2\/media?parent=12935"}],"wp:term":[{"taxonomy":"product_brand","embeddable":true,"href":"https:\/\/uj.adatbank.ro\/lexikon\/wp-json\/wp\/v2\/product_brand?post=12935"},{"taxonomy":"product_cat","embeddable":true,"href":"https:\/\/uj.adatbank.ro\/lexikon\/wp-json\/wp\/v2\/product_cat?post=12935"},{"taxonomy":"product_tag","embeddable":true,"href":"https:\/\/uj.adatbank.ro\/lexikon\/wp-json\/wp\/v2\/product_tag?post=12935"}],"curies":[{"name":"wp","href":"https:\/\/api.w.org\/{rel}","templated":true}]}}