{"id":12937,"date":"2025-06-29T14:44:20","date_gmt":"2025-06-29T12:44:20","guid":{"rendered":"https:\/\/uj.adatbank.ro\/lexikon\/termek\/kovacs-karoly-bozodujfalvi\/"},"modified":"2025-06-29T14:44:20","modified_gmt":"2025-06-29T12:44:20","slug":"kovacs-karoly-bozodujfalvi","status":"publish","type":"product","link":"https:\/\/uj.adatbank.ro\/lexikon\/termek\/kovacs-karoly-bozodujfalvi\/","title":{"rendered":"KOV\u00c1CS K\u00e1roly, b\u00f6z\u00f6d\u00fajfalvi"},"content":{"rendered":"<p>1840., \u2020 Mv., 1919. dec. 19.: b\u00edr\u00f3. \u2013 Feles\u00e9ge: nagyvajdafalvi Marossi R\u00f3za (1842 \u2013 Mv., 1928. dec. 30.). Gyermekeik: K. R\u00f3za; dr. K. S\u00e1ndor, feles\u00e9ge egerpataki M\u00e1rk Zelma; K. Gyula, feles\u00e9ge Zsoldos Aranka; K. Emilia T\u00f3th Mikl\u00f3sn\u00e9. \u2013 Mv.-en kir. t\u00f6rv\u00e9nysz\u00e9ki b\u00edr\u00f3. <br \/><strong>Irod.:<\/strong> Gy\u00e1szjelent\u0151; P\u00e1lmay J\u00f3zsef<\/br><\/p>\n","protected":false},"excerpt":{"rendered":"<p>1840., \u2020 Mv., 1919. dec. 19.: b\u00edr\u00f3. \u2013 Feles\u00e9ge: nagyvajdafalvi Marossi R\u00f3za (1842 \u2013 Mv., 1928. dec. 30.). Gyermekeik: K. R\u00f3za; dr. K. S\u00e1ndor, feles\u00e9ge egerpataki M\u00e1rk Zelma; K. Gyula, feles\u00e9ge Zsoldos Aranka; K. Emilia T\u00f3th Mikl\u00f3sn\u00e9. \u2013 Mv.-en kir. t\u00f6rv\u00e9nysz\u00e9ki b\u00edr\u00f3. Irod.: Gy\u00e1szjelent\u0151; P\u00e1lmay J\u00f3zsef<\/p>\n","protected":false},"featured_media":0,"comment_status":"open","ping_status":"closed","template":"","meta":[],"product_brand":[],"product_cat":[137],"product_tag":[],"class_list":{"0":"post-12937","1":"product","2":"type-product","3":"status-publish","5":"product_cat-maros-megyei-eletrajzi-lexikon","7":"first","8":"instock","9":"shipping-taxable","10":"product-type-simple"},"_links":{"self":[{"href":"https:\/\/uj.adatbank.ro\/lexikon\/wp-json\/wp\/v2\/product\/12937","targetHints":{"allow":["GET"]}}],"collection":[{"href":"https:\/\/uj.adatbank.ro\/lexikon\/wp-json\/wp\/v2\/product"}],"about":[{"href":"https:\/\/uj.adatbank.ro\/lexikon\/wp-json\/wp\/v2\/types\/product"}],"replies":[{"embeddable":true,"href":"https:\/\/uj.adatbank.ro\/lexikon\/wp-json\/wp\/v2\/comments?post=12937"}],"wp:attachment":[{"href":"https:\/\/uj.adatbank.ro\/lexikon\/wp-json\/wp\/v2\/media?parent=12937"}],"wp:term":[{"taxonomy":"product_brand","embeddable":true,"href":"https:\/\/uj.adatbank.ro\/lexikon\/wp-json\/wp\/v2\/product_brand?post=12937"},{"taxonomy":"product_cat","embeddable":true,"href":"https:\/\/uj.adatbank.ro\/lexikon\/wp-json\/wp\/v2\/product_cat?post=12937"},{"taxonomy":"product_tag","embeddable":true,"href":"https:\/\/uj.adatbank.ro\/lexikon\/wp-json\/wp\/v2\/product_tag?post=12937"}],"curies":[{"name":"wp","href":"https:\/\/api.w.org\/{rel}","templated":true}]}}