{"id":12938,"date":"2025-06-29T14:44:22","date_gmt":"2025-06-29T12:44:22","guid":{"rendered":"https:\/\/uj.adatbank.ro\/lexikon\/termek\/kovacs-katalin\/"},"modified":"2025-06-29T14:44:22","modified_gmt":"2025-06-29T12:44:22","slug":"kovacs-katalin","status":"publish","type":"product","link":"https:\/\/uj.adatbank.ro\/lexikon\/termek\/kovacs-katalin\/","title":{"rendered":"KOV\u00c1CS Katalin"},"content":{"rendered":"<p>Radn\u00f3t, 1919., \u2020 ? : tan\u00edt\u00f3n\u0151. \u2013 Tanulm\u00e1nyait a mv.-i \u00e9s a nagyszebeni Ferencrendi K\u00e9pz\u0151ben v\u00e9gezte. A marosszentgy\u00f6rgyi rk. iskola igazgat\u00f3n\u0151je (1940\u2013). <br \/><strong>Irod.:<\/strong> Sz\u00e9kelyf\u00f6ld \u00ed. k.<\/br><\/p>\n","protected":false},"excerpt":{"rendered":"<p>Radn\u00f3t, 1919., \u2020 ? : tan\u00edt\u00f3n\u0151. \u2013 Tanulm\u00e1nyait a mv.-i \u00e9s a nagyszebeni Ferencrendi K\u00e9pz\u0151ben v\u00e9gezte. A marosszentgy\u00f6rgyi rk. iskola igazgat\u00f3n\u0151je (1940\u2013). Irod.: Sz\u00e9kelyf\u00f6ld \u00ed. k.<\/p>\n","protected":false},"featured_media":0,"comment_status":"open","ping_status":"closed","template":"","meta":[],"product_brand":[],"product_cat":[137],"product_tag":[],"class_list":{"0":"post-12938","1":"product","2":"type-product","3":"status-publish","5":"product_cat-maros-megyei-eletrajzi-lexikon","7":"first","8":"instock","9":"shipping-taxable","10":"product-type-simple"},"_links":{"self":[{"href":"https:\/\/uj.adatbank.ro\/lexikon\/wp-json\/wp\/v2\/product\/12938","targetHints":{"allow":["GET"]}}],"collection":[{"href":"https:\/\/uj.adatbank.ro\/lexikon\/wp-json\/wp\/v2\/product"}],"about":[{"href":"https:\/\/uj.adatbank.ro\/lexikon\/wp-json\/wp\/v2\/types\/product"}],"replies":[{"embeddable":true,"href":"https:\/\/uj.adatbank.ro\/lexikon\/wp-json\/wp\/v2\/comments?post=12938"}],"wp:attachment":[{"href":"https:\/\/uj.adatbank.ro\/lexikon\/wp-json\/wp\/v2\/media?parent=12938"}],"wp:term":[{"taxonomy":"product_brand","embeddable":true,"href":"https:\/\/uj.adatbank.ro\/lexikon\/wp-json\/wp\/v2\/product_brand?post=12938"},{"taxonomy":"product_cat","embeddable":true,"href":"https:\/\/uj.adatbank.ro\/lexikon\/wp-json\/wp\/v2\/product_cat?post=12938"},{"taxonomy":"product_tag","embeddable":true,"href":"https:\/\/uj.adatbank.ro\/lexikon\/wp-json\/wp\/v2\/product_tag?post=12938"}],"curies":[{"name":"wp","href":"https:\/\/api.w.org\/{rel}","templated":true}]}}