{"id":12941,"date":"2025-06-29T14:44:27","date_gmt":"2025-06-29T12:44:27","guid":{"rendered":"https:\/\/uj.adatbank.ro\/lexikon\/termek\/kovacs-lajos\/"},"modified":"2025-06-29T14:44:27","modified_gmt":"2025-06-29T12:44:27","slug":"kovacs-lajos","status":"publish","type":"product","link":"https:\/\/uj.adatbank.ro\/lexikon\/termek\/kovacs-lajos\/","title":{"rendered":"KOV\u00c1CS Lajos"},"content":{"rendered":"<p>?1812 \u2020 1890? : politikus. \u2013 Kem\u00e9ny Zsigmond bar\u00e1tja, Sz\u00e9chenyi munkat\u00e1rsa A politikai porondon v\u00edvott k\u00fczdelmekben tal\u00e1ljuk Mv. -hez k\u00f6thet\u0151 szem\u00e9lyis\u00e9g (1830\u201348). <br \/><strong>Irod.:<\/strong> P\u00e1l-Antal 2009<\/br><\/p>\n","protected":false},"excerpt":{"rendered":"<p>?1812 \u2020 1890? : politikus. \u2013 Kem\u00e9ny Zsigmond bar\u00e1tja, Sz\u00e9chenyi munkat\u00e1rsa A politikai porondon v\u00edvott k\u00fczdelmekben tal\u00e1ljuk Mv. -hez k\u00f6thet\u0151 szem\u00e9lyis\u00e9g (1830\u201348). Irod.: P\u00e1l-Antal 2009<\/p>\n","protected":false},"featured_media":0,"comment_status":"open","ping_status":"closed","template":"","meta":[],"product_brand":[],"product_cat":[137],"product_tag":[],"class_list":{"0":"post-12941","1":"product","2":"type-product","3":"status-publish","5":"product_cat-maros-megyei-eletrajzi-lexikon","7":"first","8":"instock","9":"shipping-taxable","10":"product-type-simple"},"_links":{"self":[{"href":"https:\/\/uj.adatbank.ro\/lexikon\/wp-json\/wp\/v2\/product\/12941","targetHints":{"allow":["GET"]}}],"collection":[{"href":"https:\/\/uj.adatbank.ro\/lexikon\/wp-json\/wp\/v2\/product"}],"about":[{"href":"https:\/\/uj.adatbank.ro\/lexikon\/wp-json\/wp\/v2\/types\/product"}],"replies":[{"embeddable":true,"href":"https:\/\/uj.adatbank.ro\/lexikon\/wp-json\/wp\/v2\/comments?post=12941"}],"wp:attachment":[{"href":"https:\/\/uj.adatbank.ro\/lexikon\/wp-json\/wp\/v2\/media?parent=12941"}],"wp:term":[{"taxonomy":"product_brand","embeddable":true,"href":"https:\/\/uj.adatbank.ro\/lexikon\/wp-json\/wp\/v2\/product_brand?post=12941"},{"taxonomy":"product_cat","embeddable":true,"href":"https:\/\/uj.adatbank.ro\/lexikon\/wp-json\/wp\/v2\/product_cat?post=12941"},{"taxonomy":"product_tag","embeddable":true,"href":"https:\/\/uj.adatbank.ro\/lexikon\/wp-json\/wp\/v2\/product_tag?post=12941"}],"curies":[{"name":"wp","href":"https:\/\/api.w.org\/{rel}","templated":true}]}}