{"id":12943,"date":"2025-06-29T14:44:31","date_gmt":"2025-06-29T12:44:31","guid":{"rendered":"https:\/\/uj.adatbank.ro\/lexikon\/termek\/kovacs-lajos-3\/"},"modified":"2025-06-29T14:44:31","modified_gmt":"2025-06-29T12:44:31","slug":"kovacs-lajos-3","status":"publish","type":"product","link":"https:\/\/uj.adatbank.ro\/lexikon\/termek\/kovacs-lajos-3\/","title":{"rendered":"KOV\u00c1CS Lajos"},"content":{"rendered":"<p>Cs\u00edkverebes, 1846. dec. 16., \u2020 1926. j\u00fal. 26. S\u00edrja a gyulfeh\u00e9rv\u00e1ri sz\u00e9kesegyh\u00e1z kript\u00e1j\u00e1ban: r. k. pap. \u2013 Tanult Cs\u00edksomly\u00f3n, Mv.-en, Gyulafeh\u00e9rv\u00e1ron, Innsbruckban. Papp\u00e1 szentelt\u00e9k (1873. \u00e1pr. 15.). K\u00e1pl\u00e1n Cs\u00edkszentgy\u00f6rgy\u00f6n, Tord\u00e1n. Tan\u00e1r volt Mv.-en (1874\u201382). Spiritu\u00e1lis a gyulafeh\u00e9rv\u00e1ri teol\u00f3gi\u00e1n (1882). Pl\u00e9b\u00e1nos Felvincen, Tord\u00e1n \u00e9s f\u0151esperes (1895), kanonok (1902). Gyulafeh\u00e9rv\u00e1ron a kisszemin\u00e1riumban igazgat\u00f3 helyettes (1911). <br \/><strong>Irod.:<\/strong> Ferenczi S\u00e1ndor 2009<\/br><\/p>\n","protected":false},"excerpt":{"rendered":"<p>Cs\u00edkverebes, 1846. dec. 16., \u2020 1926. j\u00fal. 26. S\u00edrja a gyulfeh\u00e9rv\u00e1ri sz\u00e9kesegyh\u00e1z kript\u00e1j\u00e1ban: r. k. pap. \u2013 Tanult Cs\u00edksomly\u00f3n, Mv.-en, Gyulafeh\u00e9rv\u00e1ron, Innsbruckban. Papp\u00e1 szentelt\u00e9k (1873. \u00e1pr. 15.). K\u00e1pl\u00e1n Cs\u00edkszentgy\u00f6rgy\u00f6n, Tord\u00e1n. Tan\u00e1r volt Mv.-en (1874\u201382). Spiritu\u00e1lis a gyulafeh\u00e9rv\u00e1ri teol\u00f3gi\u00e1n (1882). Pl\u00e9b\u00e1nos Felvincen, Tord\u00e1n \u00e9s f\u0151esperes (1895), kanonok (1902). Gyulafeh\u00e9rv\u00e1ron a kisszemin\u00e1riumban igazgat\u00f3 helyettes (1911). Irod.: Ferenczi [&hellip;]<\/p>\n","protected":false},"featured_media":0,"comment_status":"open","ping_status":"closed","template":"","meta":[],"product_brand":[],"product_cat":[137],"product_tag":[],"class_list":{"0":"post-12943","1":"product","2":"type-product","3":"status-publish","5":"product_cat-maros-megyei-eletrajzi-lexikon","7":"first","8":"instock","9":"shipping-taxable","10":"product-type-simple"},"_links":{"self":[{"href":"https:\/\/uj.adatbank.ro\/lexikon\/wp-json\/wp\/v2\/product\/12943","targetHints":{"allow":["GET"]}}],"collection":[{"href":"https:\/\/uj.adatbank.ro\/lexikon\/wp-json\/wp\/v2\/product"}],"about":[{"href":"https:\/\/uj.adatbank.ro\/lexikon\/wp-json\/wp\/v2\/types\/product"}],"replies":[{"embeddable":true,"href":"https:\/\/uj.adatbank.ro\/lexikon\/wp-json\/wp\/v2\/comments?post=12943"}],"wp:attachment":[{"href":"https:\/\/uj.adatbank.ro\/lexikon\/wp-json\/wp\/v2\/media?parent=12943"}],"wp:term":[{"taxonomy":"product_brand","embeddable":true,"href":"https:\/\/uj.adatbank.ro\/lexikon\/wp-json\/wp\/v2\/product_brand?post=12943"},{"taxonomy":"product_cat","embeddable":true,"href":"https:\/\/uj.adatbank.ro\/lexikon\/wp-json\/wp\/v2\/product_cat?post=12943"},{"taxonomy":"product_tag","embeddable":true,"href":"https:\/\/uj.adatbank.ro\/lexikon\/wp-json\/wp\/v2\/product_tag?post=12943"}],"curies":[{"name":"wp","href":"https:\/\/api.w.org\/{rel}","templated":true}]}}