{"id":12944,"date":"2025-06-29T14:44:33","date_gmt":"2025-06-29T12:44:33","guid":{"rendered":"https:\/\/uj.adatbank.ro\/lexikon\/termek\/kovacs-lajos-4\/"},"modified":"2025-06-29T14:44:33","modified_gmt":"2025-06-29T12:44:33","slug":"kovacs-lajos-4","status":"publish","type":"product","link":"https:\/\/uj.adatbank.ro\/lexikon\/termek\/kovacs-lajos-4\/","title":{"rendered":"KOV\u00c1CS Lajos"},"content":{"rendered":"<p>Geges, 1862, \u2020 1976.? : eml\u00e9k\u00edr\u00f3, po\u00e9ta. \u2013 A makfalvi Wesel\u00e9nyi iskol\u00e1ban tanult \u00e9s kit\u0171n\u0151 eredm\u00e9nnyel v\u00e9gzett. tan\u00edt\u00f3ja Felm\u00e9ri mih\u00e1ly volt. Bp. -re ment szolg\u00e1lni, de villamoskalauz lett, r\u00e9szt vett az I. vil\u00e1gh\u00e1bor\u00faban. Rend\u0151r, majd rend\u0151rf\u0151fel\u0151gyel\u0151, nyugd\u00edjazt\u00e1k (1944). Eml\u00e9kiratait a makfalvi ref. egyh\u00e1zk\u00f6r \u0151rzi. <br \/><strong>Irod.:<\/strong> G\u00e1lfalvi Art\u00far B\u00e9la Makfalva (2005)<\/br><\/p>\n","protected":false},"excerpt":{"rendered":"<p>Geges, 1862, \u2020 1976.? : eml\u00e9k\u00edr\u00f3, po\u00e9ta. \u2013 A makfalvi Wesel\u00e9nyi iskol\u00e1ban tanult \u00e9s kit\u0171n\u0151 eredm\u00e9nnyel v\u00e9gzett. tan\u00edt\u00f3ja Felm\u00e9ri mih\u00e1ly volt. Bp. -re ment szolg\u00e1lni, de villamoskalauz lett, r\u00e9szt vett az I. vil\u00e1gh\u00e1bor\u00faban. Rend\u0151r, majd rend\u0151rf\u0151fel\u0151gyel\u0151, nyugd\u00edjazt\u00e1k (1944). Eml\u00e9kiratait a makfalvi ref. egyh\u00e1zk\u00f6r \u0151rzi. Irod.: G\u00e1lfalvi Art\u00far B\u00e9la Makfalva (2005)<\/p>\n","protected":false},"featured_media":0,"comment_status":"open","ping_status":"closed","template":"","meta":[],"product_brand":[],"product_cat":[137],"product_tag":[],"class_list":{"0":"post-12944","1":"product","2":"type-product","3":"status-publish","5":"product_cat-maros-megyei-eletrajzi-lexikon","7":"first","8":"instock","9":"shipping-taxable","10":"product-type-simple"},"_links":{"self":[{"href":"https:\/\/uj.adatbank.ro\/lexikon\/wp-json\/wp\/v2\/product\/12944","targetHints":{"allow":["GET"]}}],"collection":[{"href":"https:\/\/uj.adatbank.ro\/lexikon\/wp-json\/wp\/v2\/product"}],"about":[{"href":"https:\/\/uj.adatbank.ro\/lexikon\/wp-json\/wp\/v2\/types\/product"}],"replies":[{"embeddable":true,"href":"https:\/\/uj.adatbank.ro\/lexikon\/wp-json\/wp\/v2\/comments?post=12944"}],"wp:attachment":[{"href":"https:\/\/uj.adatbank.ro\/lexikon\/wp-json\/wp\/v2\/media?parent=12944"}],"wp:term":[{"taxonomy":"product_brand","embeddable":true,"href":"https:\/\/uj.adatbank.ro\/lexikon\/wp-json\/wp\/v2\/product_brand?post=12944"},{"taxonomy":"product_cat","embeddable":true,"href":"https:\/\/uj.adatbank.ro\/lexikon\/wp-json\/wp\/v2\/product_cat?post=12944"},{"taxonomy":"product_tag","embeddable":true,"href":"https:\/\/uj.adatbank.ro\/lexikon\/wp-json\/wp\/v2\/product_tag?post=12944"}],"curies":[{"name":"wp","href":"https:\/\/api.w.org\/{rel}","templated":true}]}}