{"id":12946,"date":"2025-06-29T14:44:35","date_gmt":"2025-06-29T12:44:35","guid":{"rendered":"https:\/\/uj.adatbank.ro\/lexikon\/termek\/kovacs-laszlo\/"},"modified":"2025-06-29T14:44:35","modified_gmt":"2025-06-29T12:44:35","slug":"kovacs-laszlo","status":"publish","type":"product","link":"https:\/\/uj.adatbank.ro\/lexikon\/termek\/kovacs-laszlo\/","title":{"rendered":"KOV\u00c1CS L\u00e1szl\u00f3"},"content":{"rendered":"<p>Mv., 1913., \u2020 Mv., 1986.: orvos. \u2013 Feles\u00e9ge. L\u00e1szl\u00f3 Ilona, dr. (1916\u20132017). \u2013 Tanulm\u00e1nyait Mv.-en a R. K. F\u0151gimn.-ban (\u00e9retts\u00e9gizett 1932) \u00e9s J\u00e1szv\u00e1s\u00e1ron (Ia\u0219iban) v\u00e9gezte, ahol klinikai gyakorlatot is szerzett. Tanulm\u00e1nyokat folytatott Kv.-on, majd Bologn\u00e1ban, Besszar\u00e1bi\u00e1ban volt k\u00f3rh\u00e1zi-, majd k\u00f6rorvos. Marosv\u00e9csen k\u00f6rorvos (1940\u2013) \u00e9s 11 k\u00f6zs\u00e9gben v\u00e9gezte hivat\u00e1s\u00e1t. Mv.-en a R\u00f6ntgen Int\u00e9zetben dolgozott mint szakorvos, majd f\u0151orvos (1960\u20131970, nyugd\u00edjba vonult). <br \/><strong>Irod.:<\/strong> Kiss-P. &#8211; P; Sz\u00e9kelyf\u00f6ld \u00ed. k.<\/br><\/p>\n","protected":false},"excerpt":{"rendered":"<p>Mv., 1913., \u2020 Mv., 1986.: orvos. \u2013 Feles\u00e9ge. L\u00e1szl\u00f3 Ilona, dr. (1916\u20132017). \u2013 Tanulm\u00e1nyait Mv.-en a R. K. F\u0151gimn.-ban (\u00e9retts\u00e9gizett 1932) \u00e9s J\u00e1szv\u00e1s\u00e1ron (Ia\u0219iban) v\u00e9gezte, ahol klinikai gyakorlatot is szerzett. Tanulm\u00e1nyokat folytatott Kv.-on, majd Bologn\u00e1ban, Besszar\u00e1bi\u00e1ban volt k\u00f3rh\u00e1zi-, majd k\u00f6rorvos. Marosv\u00e9csen k\u00f6rorvos (1940\u2013) \u00e9s 11 k\u00f6zs\u00e9gben v\u00e9gezte hivat\u00e1s\u00e1t. Mv.-en a R\u00f6ntgen Int\u00e9zetben dolgozott mint szakorvos, [&hellip;]<\/p>\n","protected":false},"featured_media":0,"comment_status":"open","ping_status":"closed","template":"","meta":[],"product_brand":[],"product_cat":[137],"product_tag":[],"class_list":{"0":"post-12946","1":"product","2":"type-product","3":"status-publish","5":"product_cat-maros-megyei-eletrajzi-lexikon","7":"first","8":"instock","9":"shipping-taxable","10":"product-type-simple"},"_links":{"self":[{"href":"https:\/\/uj.adatbank.ro\/lexikon\/wp-json\/wp\/v2\/product\/12946","targetHints":{"allow":["GET"]}}],"collection":[{"href":"https:\/\/uj.adatbank.ro\/lexikon\/wp-json\/wp\/v2\/product"}],"about":[{"href":"https:\/\/uj.adatbank.ro\/lexikon\/wp-json\/wp\/v2\/types\/product"}],"replies":[{"embeddable":true,"href":"https:\/\/uj.adatbank.ro\/lexikon\/wp-json\/wp\/v2\/comments?post=12946"}],"wp:attachment":[{"href":"https:\/\/uj.adatbank.ro\/lexikon\/wp-json\/wp\/v2\/media?parent=12946"}],"wp:term":[{"taxonomy":"product_brand","embeddable":true,"href":"https:\/\/uj.adatbank.ro\/lexikon\/wp-json\/wp\/v2\/product_brand?post=12946"},{"taxonomy":"product_cat","embeddable":true,"href":"https:\/\/uj.adatbank.ro\/lexikon\/wp-json\/wp\/v2\/product_cat?post=12946"},{"taxonomy":"product_tag","embeddable":true,"href":"https:\/\/uj.adatbank.ro\/lexikon\/wp-json\/wp\/v2\/product_tag?post=12946"}],"curies":[{"name":"wp","href":"https:\/\/api.w.org\/{rel}","templated":true}]}}