{"id":12948,"date":"2025-06-29T14:44:39","date_gmt":"2025-06-29T12:44:39","guid":{"rendered":"https:\/\/uj.adatbank.ro\/lexikon\/termek\/kovacs-laszlo-3\/"},"modified":"2025-06-29T14:44:39","modified_gmt":"2025-06-29T12:44:39","slug":"kovacs-laszlo-3","status":"publish","type":"product","link":"https:\/\/uj.adatbank.ro\/lexikon\/termek\/kovacs-laszlo-3\/","title":{"rendered":"KOV\u00c1CS L\u00e1szl\u00f3"},"content":{"rendered":"<p>? \u2020 ?: \u00fcgyv\u00e9d, dr. \u2013 A mv.-i Hangya sz\u00f6vetkezet \u00fcgy\u00e9sze. Egyetemi hallgat\u00f3 kor\u00e1ban a KAC sz\u00edneiben atletiz\u00e1lt. A MSE tagja (1939\u2013), majd f\u0151titk\u00e1ra. <br \/><strong>Irod.:<\/strong> Pluh\u00e1r<\/br><\/p>\n","protected":false},"excerpt":{"rendered":"<p>? \u2020 ?: \u00fcgyv\u00e9d, dr. \u2013 A mv.-i Hangya sz\u00f6vetkezet \u00fcgy\u00e9sze. Egyetemi hallgat\u00f3 kor\u00e1ban a KAC sz\u00edneiben atletiz\u00e1lt. A MSE tagja (1939\u2013), majd f\u0151titk\u00e1ra. Irod.: Pluh\u00e1r<\/p>\n","protected":false},"featured_media":0,"comment_status":"open","ping_status":"closed","template":"","meta":[],"product_brand":[],"product_cat":[137],"product_tag":[],"class_list":{"0":"post-12948","1":"product","2":"type-product","3":"status-publish","5":"product_cat-maros-megyei-eletrajzi-lexikon","7":"first","8":"instock","9":"shipping-taxable","10":"product-type-simple"},"_links":{"self":[{"href":"https:\/\/uj.adatbank.ro\/lexikon\/wp-json\/wp\/v2\/product\/12948","targetHints":{"allow":["GET"]}}],"collection":[{"href":"https:\/\/uj.adatbank.ro\/lexikon\/wp-json\/wp\/v2\/product"}],"about":[{"href":"https:\/\/uj.adatbank.ro\/lexikon\/wp-json\/wp\/v2\/types\/product"}],"replies":[{"embeddable":true,"href":"https:\/\/uj.adatbank.ro\/lexikon\/wp-json\/wp\/v2\/comments?post=12948"}],"wp:attachment":[{"href":"https:\/\/uj.adatbank.ro\/lexikon\/wp-json\/wp\/v2\/media?parent=12948"}],"wp:term":[{"taxonomy":"product_brand","embeddable":true,"href":"https:\/\/uj.adatbank.ro\/lexikon\/wp-json\/wp\/v2\/product_brand?post=12948"},{"taxonomy":"product_cat","embeddable":true,"href":"https:\/\/uj.adatbank.ro\/lexikon\/wp-json\/wp\/v2\/product_cat?post=12948"},{"taxonomy":"product_tag","embeddable":true,"href":"https:\/\/uj.adatbank.ro\/lexikon\/wp-json\/wp\/v2\/product_tag?post=12948"}],"curies":[{"name":"wp","href":"https:\/\/api.w.org\/{rel}","templated":true}]}}