{"id":12951,"date":"2025-06-29T14:44:47","date_gmt":"2025-06-29T12:44:47","guid":{"rendered":"https:\/\/uj.adatbank.ro\/lexikon\/termek\/kovacs-laszlo-ilona-kovacs-laszlone\/"},"modified":"2025-06-29T14:44:47","modified_gmt":"2025-06-29T12:44:47","slug":"kovacs-laszlo-ilona-kovacs-laszlone","status":"publish","type":"product","link":"https:\/\/uj.adatbank.ro\/lexikon\/termek\/kovacs-laszlo-ilona-kovacs-laszlone\/","title":{"rendered":"KOV\u00c1CS L\u00e1szl\u00f3 Ilona, KOV\u00c1CS L\u00e1szl\u00f3n\u00e9"},"content":{"rendered":"<p>Kv., 1916., \u2020 2017: gyermekorvos: &#8211; K\u00f6z\u00e9piskol\u00e1ban Nagyv\u00e1radon tanult \u00e9s \u00e9retts\u00e9gizett. Kv.-on az I. Ferdin\u00e1nd kir\u00e1lyi egyetemen kezdte \u00e9s a Ferenc J\u00f3zsef TE hallgat\u00f3jak\u00e9nt fejezte be orvosi tanulm\u00e1nyait. Mv.-en \u00faj Gyermekklinika l\u00e9tes\u00fclt (1946), itt tan\u00e1rseg\u00e9d, majd adjunktus (1954-ig). Betegnyugd\u00edjas. Az eg\u00e9szs\u00e9g\u00fcgyi technikumban tan\u00edtott (1960\u20131967). <br \/><strong>Irod.:<\/strong> Kiss-P. &#8211; P; MMK<\/br><\/p>\n","protected":false},"excerpt":{"rendered":"<p>Kv., 1916., \u2020 2017: gyermekorvos: &#8211; K\u00f6z\u00e9piskol\u00e1ban Nagyv\u00e1radon tanult \u00e9s \u00e9retts\u00e9gizett. Kv.-on az I. Ferdin\u00e1nd kir\u00e1lyi egyetemen kezdte \u00e9s a Ferenc J\u00f3zsef TE hallgat\u00f3jak\u00e9nt fejezte be orvosi tanulm\u00e1nyait. Mv.-en \u00faj Gyermekklinika l\u00e9tes\u00fclt (1946), itt tan\u00e1rseg\u00e9d, majd adjunktus (1954-ig). Betegnyugd\u00edjas. Az eg\u00e9szs\u00e9g\u00fcgyi technikumban tan\u00edtott (1960\u20131967). Irod.: Kiss-P. &#8211; P; MMK<\/p>\n","protected":false},"featured_media":0,"comment_status":"open","ping_status":"closed","template":"","meta":[],"product_brand":[],"product_cat":[137],"product_tag":[],"class_list":{"0":"post-12951","1":"product","2":"type-product","3":"status-publish","5":"product_cat-maros-megyei-eletrajzi-lexikon","7":"first","8":"instock","9":"shipping-taxable","10":"product-type-simple"},"_links":{"self":[{"href":"https:\/\/uj.adatbank.ro\/lexikon\/wp-json\/wp\/v2\/product\/12951","targetHints":{"allow":["GET"]}}],"collection":[{"href":"https:\/\/uj.adatbank.ro\/lexikon\/wp-json\/wp\/v2\/product"}],"about":[{"href":"https:\/\/uj.adatbank.ro\/lexikon\/wp-json\/wp\/v2\/types\/product"}],"replies":[{"embeddable":true,"href":"https:\/\/uj.adatbank.ro\/lexikon\/wp-json\/wp\/v2\/comments?post=12951"}],"wp:attachment":[{"href":"https:\/\/uj.adatbank.ro\/lexikon\/wp-json\/wp\/v2\/media?parent=12951"}],"wp:term":[{"taxonomy":"product_brand","embeddable":true,"href":"https:\/\/uj.adatbank.ro\/lexikon\/wp-json\/wp\/v2\/product_brand?post=12951"},{"taxonomy":"product_cat","embeddable":true,"href":"https:\/\/uj.adatbank.ro\/lexikon\/wp-json\/wp\/v2\/product_cat?post=12951"},{"taxonomy":"product_tag","embeddable":true,"href":"https:\/\/uj.adatbank.ro\/lexikon\/wp-json\/wp\/v2\/product_tag?post=12951"}],"curies":[{"name":"wp","href":"https:\/\/api.w.org\/{rel}","templated":true}]}}