{"id":12952,"date":"2025-06-29T14:44:48","date_gmt":"2025-06-29T12:44:48","guid":{"rendered":"https:\/\/uj.adatbank.ro\/lexikon\/termek\/kovacs-laszlo-%c2%a7\/"},"modified":"2025-06-29T14:44:48","modified_gmt":"2025-06-29T12:44:48","slug":"kovacs-laszlo-%c2%a7","status":"publish","type":"product","link":"https:\/\/uj.adatbank.ro\/lexikon\/termek\/kovacs-laszlo-%c2%a7\/","title":{"rendered":"KOV\u00c1CS L\u00e1szl\u00f3, \u00a7"},"content":{"rendered":"<p>Gerendkereszt\u00far, 1892. dec. 25., \u2020 Bp., 1963. j\u00fal. 2.: szerkeszt\u0151, kritikus, tanulm\u00e1ny\u00edr\u00f3, m\u0171ford\u00edt\u00f3. \u2013 Feles\u00e9ge: K\u00e1d\u00e1r Ilona, az ESZC titk\u00e1rn\u0151je. \u2013 K\u00f6z\u00e9piskol\u00e1it a nagyenyedi Bethlen Koll\u00e9giumban v\u00e9gezte (1903\u20131911); a Kv.-on elkezdett b\u00f6lcs\u00e9szeti tanulm\u00e1nyait katonai beh\u00edv\u00e1s miatt f\u00e9lbe szak\u00edtotta (1916). A h\u00e1bor\u00fa ut\u00e1n egy ideig nevel\u0151, az Erd\u00e9lyi Szemle majd a P\u00e1sztort\u0171z, Ellenz\u00e9k, Keleti \u00dajs\u00e1g has\u00e1bjain jelentkezett versekkel, novell\u00e1kkal, sz\u00ednpadi jelenetekkel, szimob\u00edr\u00e1latokkal, k\u00f6nyvb\u00edr\u00e1latokkal; az ESZC lektora (1926\u2013), Erd\u00e9lyi Helikon szerkeszt\u0151je, a C\u00e9h irod\u00e1j\u00e1nak igazgat\u00f3ja. R\u00e9szt vett a marosv\u00e9csi Helikon tal\u00e1lkoz\u00f3kon (1927\u2013), ahol hat\u00e1rozattal l\u00e9trehozt\u00e1k az rd\u00e9lyi Helikont, \u00e9s annak szerkeszt\u00e9s\u00e9vel \u0151t b\u00edzt\u00e1k meg. Berde M\u00e1ri\u00e1val \u00e9s m\u00e1sokkal kialakult konfliktusa vezetett az Erd\u00e9lyi Magyar \u00cdr\u00f3i Rend (EM\u00cdR) megalakul\u00e1s\u00e1hoz (1933). Szerkeszt\u0151i munk\u00e1ss\u00e1g\u00e1nK jelent\u0151s eredm\u00e9nye az Erd\u00e9lyi Helikon \u00edr\u00f3nak antol\u00f3gi\u00e1ja (1934), a C\u00e9h 10 \u00e9ves jubileum\u00e1ra k\u00e9sz\u00fclt d\u00edszkiad\u00e1s 32 \u00edr\u00f3 m\u0171veit, f\u00e9nyk\u00e9p\u00e9t \u00e9s r\u00f6vid \u00e9letrajz\u00e1t tartalmazza. Megpr\u00f3b\u00e1lkozott a Helikon \u00fajraindit\u00e1s\u00e1val (1944) sikertelen\u00fcl, mert a hat\u00f3s\u00e1gok nem enged\u00e9lyezt\u00e9k. \u00c1ttelep\u00fclt Magyaro.-ra (1950), ahol Az \u00dat majd a Reform\u00e1tusok Lapja szerkeszt\u0151s\u00e9g\u00e9ben dolgozott (\u20131963). Leford\u00edtotta Goethe Faustj\u00e1t, sajnos a k\u00e9zirat egy t\u0171zben megsermmis\u00fclt. \u2013 <strong>F. m.:<\/strong> Losonczi b\u00e1r\u00f3 B\u00e1nffy Dezs\u0151 eml\u00e9kezete (Ny\u00e1r\u00e1dszereda, 1911); T\u00f6rt\u00e9net a f\u00e9rfir\u0151l (Kv., 1930); Az irodalom \u00fatj\u00e1n (Kv., 1941); G\u00e1bor \u00c1ron (Kv., 1943); <strong>szerk.:<\/strong> Az Erd\u00e9lyi Helikon \u00edr\u00f3inak anthol\u00f3gi\u00e1ja. 1924\u20131934. (Kv., 1934); Erd\u00e9lyi csillagok ( Kv., 1935, 1942); S\u00e9ta a b\u00f6lcs\u0151helyem k\u00f6r\u00fcl (Kv., 1940); \u0150sz J\u00e1nos: A csudat\u00e1ska (bevezet\u0151, Kv., 1941). <br \/><strong>Irod.:<\/strong> Adamovits; Dsida; Guly\u00e1s; Helikon 1924\u20131944; Helikoni arck\u00e9pcsarnok 1.; M\u00e1ln\u00e1si; Marosi-Helikon; Molter 2., 3.; Pomog\u00e1ts B\u00e9la: Erd\u00e9lyi m. irodalomt\u00f6rt\u00e9net-\u00edr\u00e1s, 1920\u20131944 (Helikon, 2008., 2. sz.); RMIL; Valentiny 1935; Valentiny 1936<\/br><\/p>\n","protected":false},"excerpt":{"rendered":"<p>Gerendkereszt\u00far, 1892. dec. 25., \u2020 Bp., 1963. j\u00fal. 2.: szerkeszt\u0151, kritikus, tanulm\u00e1ny\u00edr\u00f3, m\u0171ford\u00edt\u00f3. \u2013 Feles\u00e9ge: K\u00e1d\u00e1r Ilona, az ESZC titk\u00e1rn\u0151je. \u2013 K\u00f6z\u00e9piskol\u00e1it a nagyenyedi Bethlen Koll\u00e9giumban v\u00e9gezte (1903\u20131911); a Kv.-on elkezdett b\u00f6lcs\u00e9szeti tanulm\u00e1nyait katonai beh\u00edv\u00e1s miatt f\u00e9lbe szak\u00edtotta (1916). A h\u00e1bor\u00fa ut\u00e1n egy ideig nevel\u0151, az Erd\u00e9lyi Szemle majd a P\u00e1sztort\u0171z, Ellenz\u00e9k, Keleti \u00dajs\u00e1g has\u00e1bjain [&hellip;]<\/p>\n","protected":false},"featured_media":0,"comment_status":"open","ping_status":"closed","template":"","meta":[],"product_brand":[],"product_cat":[137],"product_tag":[],"class_list":{"0":"post-12952","1":"product","2":"type-product","3":"status-publish","5":"product_cat-maros-megyei-eletrajzi-lexikon","7":"first","8":"instock","9":"shipping-taxable","10":"product-type-simple"},"_links":{"self":[{"href":"https:\/\/uj.adatbank.ro\/lexikon\/wp-json\/wp\/v2\/product\/12952","targetHints":{"allow":["GET"]}}],"collection":[{"href":"https:\/\/uj.adatbank.ro\/lexikon\/wp-json\/wp\/v2\/product"}],"about":[{"href":"https:\/\/uj.adatbank.ro\/lexikon\/wp-json\/wp\/v2\/types\/product"}],"replies":[{"embeddable":true,"href":"https:\/\/uj.adatbank.ro\/lexikon\/wp-json\/wp\/v2\/comments?post=12952"}],"wp:attachment":[{"href":"https:\/\/uj.adatbank.ro\/lexikon\/wp-json\/wp\/v2\/media?parent=12952"}],"wp:term":[{"taxonomy":"product_brand","embeddable":true,"href":"https:\/\/uj.adatbank.ro\/lexikon\/wp-json\/wp\/v2\/product_brand?post=12952"},{"taxonomy":"product_cat","embeddable":true,"href":"https:\/\/uj.adatbank.ro\/lexikon\/wp-json\/wp\/v2\/product_cat?post=12952"},{"taxonomy":"product_tag","embeddable":true,"href":"https:\/\/uj.adatbank.ro\/lexikon\/wp-json\/wp\/v2\/product_tag?post=12952"}],"curies":[{"name":"wp","href":"https:\/\/api.w.org\/{rel}","templated":true}]}}