{"id":12953,"date":"2025-06-29T14:44:51","date_gmt":"2025-06-29T12:44:51","guid":{"rendered":"https:\/\/uj.adatbank.ro\/lexikon\/termek\/kovacs-laszlo-6\/"},"modified":"2025-06-29T14:44:51","modified_gmt":"2025-06-29T12:44:51","slug":"kovacs-laszlo-6","status":"publish","type":"product","link":"https:\/\/uj.adatbank.ro\/lexikon\/termek\/kovacs-laszlo-6\/","title":{"rendered":"KOV\u00c1CS L\u00e1szl\u00f3."},"content":{"rendered":"<p>? \u2020 ?: ref. lelk\u00e9sz \u2013 Koronk\u00e1n szolg\u00e1lt, a Marosi ref. egyh\u00e1zmegye esperese (1913\u20131923). Cikkei : Erd\u00e9lyi Protest\u00e1ns Lap (1902\u201303), Reform\u00e1tus Szemle (1908\u201310). <br \/><strong>Irod.:<\/strong> Guly\u00e1s, A Marosi Ref. Egyh\u00e1zmegye Mv. -t 1913. okt. 20-\u00e1m tartott \u00e1vi rendes k\u00f6zgy\u0171l\u00e9s\u00e9nek jegyz\u0151k\u00f6nyve (Mv., s. a.); Zov\u00e1nyi<\/br><\/p>\n","protected":false},"excerpt":{"rendered":"<p>? \u2020 ?: ref. lelk\u00e9sz \u2013 Koronk\u00e1n szolg\u00e1lt, a Marosi ref. egyh\u00e1zmegye esperese (1913\u20131923). Cikkei : Erd\u00e9lyi Protest\u00e1ns Lap (1902\u201303), Reform\u00e1tus Szemle (1908\u201310). Irod.: Guly\u00e1s, A Marosi Ref. Egyh\u00e1zmegye Mv. -t 1913. okt. 20-\u00e1m tartott \u00e1vi rendes k\u00f6zgy\u0171l\u00e9s\u00e9nek jegyz\u0151k\u00f6nyve (Mv., s. a.); Zov\u00e1nyi<\/p>\n","protected":false},"featured_media":0,"comment_status":"open","ping_status":"closed","template":"","meta":[],"product_brand":[],"product_cat":[137],"product_tag":[],"class_list":{"0":"post-12953","1":"product","2":"type-product","3":"status-publish","5":"product_cat-maros-megyei-eletrajzi-lexikon","7":"first","8":"instock","9":"shipping-taxable","10":"product-type-simple"},"_links":{"self":[{"href":"https:\/\/uj.adatbank.ro\/lexikon\/wp-json\/wp\/v2\/product\/12953","targetHints":{"allow":["GET"]}}],"collection":[{"href":"https:\/\/uj.adatbank.ro\/lexikon\/wp-json\/wp\/v2\/product"}],"about":[{"href":"https:\/\/uj.adatbank.ro\/lexikon\/wp-json\/wp\/v2\/types\/product"}],"replies":[{"embeddable":true,"href":"https:\/\/uj.adatbank.ro\/lexikon\/wp-json\/wp\/v2\/comments?post=12953"}],"wp:attachment":[{"href":"https:\/\/uj.adatbank.ro\/lexikon\/wp-json\/wp\/v2\/media?parent=12953"}],"wp:term":[{"taxonomy":"product_brand","embeddable":true,"href":"https:\/\/uj.adatbank.ro\/lexikon\/wp-json\/wp\/v2\/product_brand?post=12953"},{"taxonomy":"product_cat","embeddable":true,"href":"https:\/\/uj.adatbank.ro\/lexikon\/wp-json\/wp\/v2\/product_cat?post=12953"},{"taxonomy":"product_tag","embeddable":true,"href":"https:\/\/uj.adatbank.ro\/lexikon\/wp-json\/wp\/v2\/product_tag?post=12953"}],"curies":[{"name":"wp","href":"https:\/\/api.w.org\/{rel}","templated":true}]}}