{"id":12954,"date":"2025-06-29T14:44:52","date_gmt":"2025-06-29T12:44:52","guid":{"rendered":"https:\/\/uj.adatbank.ro\/lexikon\/termek\/kovacs-magda-kovacs-endrene-balazs-magda-kovacs-balazs-magda\/"},"modified":"2025-06-29T14:44:52","modified_gmt":"2025-06-29T12:44:52","slug":"kovacs-magda-kovacs-endrene-balazs-magda-kovacs-balazs-magda","status":"publish","type":"product","link":"https:\/\/uj.adatbank.ro\/lexikon\/termek\/kovacs-magda-kovacs-endrene-balazs-magda-kovacs-balazs-magda\/","title":{"rendered":"KOV\u00c1CS Magda, Kov\u00e1cs Endr\u00e9n\u00e9, Bal\u00e1zs Magda, Kov\u00e1cs Bal\u00e1zs Magda"},"content":{"rendered":"<p>Kv., 1925 \u2020 Mv., 1988. okt. 19.: orvos, szem\u00e9szf\u0151orvos. \u2013 K\u00f6z\u00e9piskol\u00e1it Brass\u00f3ban \u00e9s Kv.-on v\u00e9gezte, orvosi diplom\u00e1j\u00e1t Mv.-en szerezte (1951). Belgy\u00f3gy\u00e1szati el\u0151k\u00e9pz\u00e9s ut\u00e1n a szem\u00e9szeti klinik\u00e1ra ker\u00fclt (1956\u2013) mint tan\u00e1rseg\u00e9d. Szakmai hozz\u00e1\u00e9rt\u00e9ssel szervezte meg Mv.-en a kancsal \u00e9s \u00e9s tompal\u00e1t\u00f3 gyermekek kezel\u00e9s\u00e9t \u00e9s gondoz\u00e1s\u00e1t. A 60-as \u00e9vekben itt megindul\u00f3 ortoptikai-pleioptikai k\u00f6zpont kezdem\u00e9nyez\u0151je. Az orvostudom\u00e1nyok doktora (1970). F\u0151orvos a mv.-i Szemklinik\u00e1n (1980-nyugd\u00edjaz\u00e1s\u00e1ig). <br \/><strong>Irod.:<\/strong> Fodor Ferenc 2000; [Nekrol\u00f3g](V. Z., 1988. okt. 21.); Kiss\u2013P\u00e9terffy\u2013P\u00e9terffy<\/br><\/p>\n","protected":false},"excerpt":{"rendered":"<p>Kv., 1925 \u2020 Mv., 1988. okt. 19.: orvos, szem\u00e9szf\u0151orvos. \u2013 K\u00f6z\u00e9piskol\u00e1it Brass\u00f3ban \u00e9s Kv.-on v\u00e9gezte, orvosi diplom\u00e1j\u00e1t Mv.-en szerezte (1951). Belgy\u00f3gy\u00e1szati el\u0151k\u00e9pz\u00e9s ut\u00e1n a szem\u00e9szeti klinik\u00e1ra ker\u00fclt (1956\u2013) mint tan\u00e1rseg\u00e9d. Szakmai hozz\u00e1\u00e9rt\u00e9ssel szervezte meg Mv.-en a kancsal \u00e9s \u00e9s tompal\u00e1t\u00f3 gyermekek kezel\u00e9s\u00e9t \u00e9s gondoz\u00e1s\u00e1t. A 60-as \u00e9vekben itt megindul\u00f3 ortoptikai-pleioptikai k\u00f6zpont kezdem\u00e9nyez\u0151je. Az orvostudom\u00e1nyok doktora [&hellip;]<\/p>\n","protected":false},"featured_media":0,"comment_status":"open","ping_status":"closed","template":"","meta":[],"product_brand":[],"product_cat":[137],"product_tag":[],"class_list":{"0":"post-12954","1":"product","2":"type-product","3":"status-publish","5":"product_cat-maros-megyei-eletrajzi-lexikon","7":"first","8":"instock","9":"shipping-taxable","10":"product-type-simple"},"_links":{"self":[{"href":"https:\/\/uj.adatbank.ro\/lexikon\/wp-json\/wp\/v2\/product\/12954","targetHints":{"allow":["GET"]}}],"collection":[{"href":"https:\/\/uj.adatbank.ro\/lexikon\/wp-json\/wp\/v2\/product"}],"about":[{"href":"https:\/\/uj.adatbank.ro\/lexikon\/wp-json\/wp\/v2\/types\/product"}],"replies":[{"embeddable":true,"href":"https:\/\/uj.adatbank.ro\/lexikon\/wp-json\/wp\/v2\/comments?post=12954"}],"wp:attachment":[{"href":"https:\/\/uj.adatbank.ro\/lexikon\/wp-json\/wp\/v2\/media?parent=12954"}],"wp:term":[{"taxonomy":"product_brand","embeddable":true,"href":"https:\/\/uj.adatbank.ro\/lexikon\/wp-json\/wp\/v2\/product_brand?post=12954"},{"taxonomy":"product_cat","embeddable":true,"href":"https:\/\/uj.adatbank.ro\/lexikon\/wp-json\/wp\/v2\/product_cat?post=12954"},{"taxonomy":"product_tag","embeddable":true,"href":"https:\/\/uj.adatbank.ro\/lexikon\/wp-json\/wp\/v2\/product_tag?post=12954"}],"curies":[{"name":"wp","href":"https:\/\/api.w.org\/{rel}","templated":true}]}}