{"id":12957,"date":"2025-06-29T14:44:57","date_gmt":"2025-06-29T12:44:57","guid":{"rendered":"https:\/\/uj.adatbank.ro\/lexikon\/termek\/kovacs-marton-2\/"},"modified":"2025-06-29T14:44:57","modified_gmt":"2025-06-29T12:44:57","slug":"kovacs-marton-2","status":"publish","type":"product","link":"https:\/\/uj.adatbank.ro\/lexikon\/termek\/kovacs-marton-2\/","title":{"rendered":"KOV\u00c1CS M\u00e1rton"},"content":{"rendered":"<p>? \u202018. sz.: ref. lelk\u00e9sz. \u2013 Mv.-en subscrib\u00e1lt (1741), senior (1751). Erd\u0151szengyelben (\u20131761) volt l\u00e9vita. Disznaj\u00f3non szolg\u00e1lt (1762\u201363). <br \/><strong>Irod.:<\/strong> \u0150sz<\/br><\/p>\n","protected":false},"excerpt":{"rendered":"<p>? \u202018. sz.: ref. lelk\u00e9sz. \u2013 Mv.-en subscrib\u00e1lt (1741), senior (1751). Erd\u0151szengyelben (\u20131761) volt l\u00e9vita. Disznaj\u00f3non szolg\u00e1lt (1762\u201363). Irod.: \u0150sz<\/p>\n","protected":false},"featured_media":0,"comment_status":"open","ping_status":"closed","template":"","meta":[],"product_brand":[],"product_cat":[137],"product_tag":[],"class_list":{"0":"post-12957","1":"product","2":"type-product","3":"status-publish","5":"product_cat-maros-megyei-eletrajzi-lexikon","7":"first","8":"instock","9":"shipping-taxable","10":"product-type-simple"},"_links":{"self":[{"href":"https:\/\/uj.adatbank.ro\/lexikon\/wp-json\/wp\/v2\/product\/12957","targetHints":{"allow":["GET"]}}],"collection":[{"href":"https:\/\/uj.adatbank.ro\/lexikon\/wp-json\/wp\/v2\/product"}],"about":[{"href":"https:\/\/uj.adatbank.ro\/lexikon\/wp-json\/wp\/v2\/types\/product"}],"replies":[{"embeddable":true,"href":"https:\/\/uj.adatbank.ro\/lexikon\/wp-json\/wp\/v2\/comments?post=12957"}],"wp:attachment":[{"href":"https:\/\/uj.adatbank.ro\/lexikon\/wp-json\/wp\/v2\/media?parent=12957"}],"wp:term":[{"taxonomy":"product_brand","embeddable":true,"href":"https:\/\/uj.adatbank.ro\/lexikon\/wp-json\/wp\/v2\/product_brand?post=12957"},{"taxonomy":"product_cat","embeddable":true,"href":"https:\/\/uj.adatbank.ro\/lexikon\/wp-json\/wp\/v2\/product_cat?post=12957"},{"taxonomy":"product_tag","embeddable":true,"href":"https:\/\/uj.adatbank.ro\/lexikon\/wp-json\/wp\/v2\/product_tag?post=12957"}],"curies":[{"name":"wp","href":"https:\/\/api.w.org\/{rel}","templated":true}]}}