{"id":12960,"date":"2025-06-29T14:45:03","date_gmt":"2025-06-29T12:45:03","guid":{"rendered":"https:\/\/uj.adatbank.ro\/lexikon\/termek\/kovacs-marton-5\/"},"modified":"2025-06-29T14:45:03","modified_gmt":"2025-06-29T12:45:03","slug":"kovacs-marton-5","status":"publish","type":"product","link":"https:\/\/uj.adatbank.ro\/lexikon\/termek\/kovacs-marton-5\/","title":{"rendered":"KOV\u00c1CS M\u00e1rton"},"content":{"rendered":"<p>G\u00f6cs, 1895, \u2020 ?: tan\u00edt\u00f3. \u2013 G\u00f6cs\u00f6n tan\u00edtott. R\u00e9szt vett az I. vh.-ban (1915\u201318), a rom\u00e1n, orosz \u00e9s olasz fronton harcolt, megsebes\u00fclt. Hadapr\u00f3d\u0151rmesteri rangban szerelt le t\u00f6bb kit\u00fcntet\u00e9st kapott. <br \/><strong>Irod.:<\/strong> Erd\u00e9lyi ezredek<\/br><\/p>\n","protected":false},"excerpt":{"rendered":"<p>G\u00f6cs, 1895, \u2020 ?: tan\u00edt\u00f3. \u2013 G\u00f6cs\u00f6n tan\u00edtott. R\u00e9szt vett az I. vh.-ban (1915\u201318), a rom\u00e1n, orosz \u00e9s olasz fronton harcolt, megsebes\u00fclt. Hadapr\u00f3d\u0151rmesteri rangban szerelt le t\u00f6bb kit\u00fcntet\u00e9st kapott. Irod.: Erd\u00e9lyi ezredek<\/p>\n","protected":false},"featured_media":0,"comment_status":"open","ping_status":"closed","template":"","meta":[],"product_brand":[],"product_cat":[137],"product_tag":[],"class_list":{"0":"post-12960","1":"product","2":"type-product","3":"status-publish","5":"product_cat-maros-megyei-eletrajzi-lexikon","7":"first","8":"instock","9":"shipping-taxable","10":"product-type-simple"},"_links":{"self":[{"href":"https:\/\/uj.adatbank.ro\/lexikon\/wp-json\/wp\/v2\/product\/12960","targetHints":{"allow":["GET"]}}],"collection":[{"href":"https:\/\/uj.adatbank.ro\/lexikon\/wp-json\/wp\/v2\/product"}],"about":[{"href":"https:\/\/uj.adatbank.ro\/lexikon\/wp-json\/wp\/v2\/types\/product"}],"replies":[{"embeddable":true,"href":"https:\/\/uj.adatbank.ro\/lexikon\/wp-json\/wp\/v2\/comments?post=12960"}],"wp:attachment":[{"href":"https:\/\/uj.adatbank.ro\/lexikon\/wp-json\/wp\/v2\/media?parent=12960"}],"wp:term":[{"taxonomy":"product_brand","embeddable":true,"href":"https:\/\/uj.adatbank.ro\/lexikon\/wp-json\/wp\/v2\/product_brand?post=12960"},{"taxonomy":"product_cat","embeddable":true,"href":"https:\/\/uj.adatbank.ro\/lexikon\/wp-json\/wp\/v2\/product_cat?post=12960"},{"taxonomy":"product_tag","embeddable":true,"href":"https:\/\/uj.adatbank.ro\/lexikon\/wp-json\/wp\/v2\/product_tag?post=12960"}],"curies":[{"name":"wp","href":"https:\/\/api.w.org\/{rel}","templated":true}]}}