{"id":12961,"date":"2025-06-29T14:45:06","date_gmt":"2025-06-29T12:45:06","guid":{"rendered":"https:\/\/uj.adatbank.ro\/lexikon\/termek\/kovacs-marton-6\/"},"modified":"2025-06-29T14:45:06","modified_gmt":"2025-06-29T12:45:06","slug":"kovacs-marton-6","status":"publish","type":"product","link":"https:\/\/uj.adatbank.ro\/lexikon\/termek\/kovacs-marton-6\/","title":{"rendered":"KOV\u00c1CS M\u00e1rton"},"content":{"rendered":"<p>G\u00f6cs, 1915., \u2020 ? : tan\u00edt\u00f3. \u2013 Tanulm\u00e1nyait Nagyenyeden v\u00e9gezte (1916), tan\u00edt\u00f3i oklevelet szerzett. A g\u00f6csi ref. iskol\u00e1ban kezdett tanytani, elbocs\u00e1tott\u00e1k, majd Sz\u00e9kelyvaj\u00e1ban tan\u00edtott (1940\u2013), k\u00f6zben gazd\u00e1lkodott. Az els\u0151 vh.-ban a 62. k. e.-ben az orosz, rom\u00e1n \u00e9s az olasz fronton harcolt, megsebes\u00fclt, Az i., II. o. ez\u00fcst, bronz vit. \u00e9rem \u00e9s a K\u00e1roly Csapatkereszt kit\u00fcntet\u00e9ssel mint hadapr\u00f3djel\u00f6lt szerelt le. Minden kult\u00f3rint\u00e9zm\u00e9ny t\u00e1mogat\u00f3ja volt, \u00e9s azok munk\u00e1j\u00e1ban r\u00e9szt vett. <br \/><strong>Irod.:<\/strong> Sz\u00e9kelyf\u00f6ld \u00ed. k.<\/br><\/p>\n","protected":false},"excerpt":{"rendered":"<p>G\u00f6cs, 1915., \u2020 ? : tan\u00edt\u00f3. \u2013 Tanulm\u00e1nyait Nagyenyeden v\u00e9gezte (1916), tan\u00edt\u00f3i oklevelet szerzett. A g\u00f6csi ref. iskol\u00e1ban kezdett tanytani, elbocs\u00e1tott\u00e1k, majd Sz\u00e9kelyvaj\u00e1ban tan\u00edtott (1940\u2013), k\u00f6zben gazd\u00e1lkodott. Az els\u0151 vh.-ban a 62. k. e.-ben az orosz, rom\u00e1n \u00e9s az olasz fronton harcolt, megsebes\u00fclt, Az i., II. o. ez\u00fcst, bronz vit. \u00e9rem \u00e9s a K\u00e1roly Csapatkereszt [&hellip;]<\/p>\n","protected":false},"featured_media":0,"comment_status":"open","ping_status":"closed","template":"","meta":[],"product_brand":[],"product_cat":[137],"product_tag":[],"class_list":{"0":"post-12961","1":"product","2":"type-product","3":"status-publish","5":"product_cat-maros-megyei-eletrajzi-lexikon","7":"first","8":"instock","9":"shipping-taxable","10":"product-type-simple"},"_links":{"self":[{"href":"https:\/\/uj.adatbank.ro\/lexikon\/wp-json\/wp\/v2\/product\/12961","targetHints":{"allow":["GET"]}}],"collection":[{"href":"https:\/\/uj.adatbank.ro\/lexikon\/wp-json\/wp\/v2\/product"}],"about":[{"href":"https:\/\/uj.adatbank.ro\/lexikon\/wp-json\/wp\/v2\/types\/product"}],"replies":[{"embeddable":true,"href":"https:\/\/uj.adatbank.ro\/lexikon\/wp-json\/wp\/v2\/comments?post=12961"}],"wp:attachment":[{"href":"https:\/\/uj.adatbank.ro\/lexikon\/wp-json\/wp\/v2\/media?parent=12961"}],"wp:term":[{"taxonomy":"product_brand","embeddable":true,"href":"https:\/\/uj.adatbank.ro\/lexikon\/wp-json\/wp\/v2\/product_brand?post=12961"},{"taxonomy":"product_cat","embeddable":true,"href":"https:\/\/uj.adatbank.ro\/lexikon\/wp-json\/wp\/v2\/product_cat?post=12961"},{"taxonomy":"product_tag","embeddable":true,"href":"https:\/\/uj.adatbank.ro\/lexikon\/wp-json\/wp\/v2\/product_tag?post=12961"}],"curies":[{"name":"wp","href":"https:\/\/api.w.org\/{rel}","templated":true}]}}