{"id":12962,"date":"2025-06-29T14:45:07","date_gmt":"2025-06-29T12:45:07","guid":{"rendered":"https:\/\/uj.adatbank.ro\/lexikon\/termek\/kovacs-marton-torockoi\/"},"modified":"2025-06-29T14:45:07","modified_gmt":"2025-06-29T12:45:07","slug":"kovacs-marton-torockoi","status":"publish","type":"product","link":"https:\/\/uj.adatbank.ro\/lexikon\/termek\/kovacs-marton-torockoi\/","title":{"rendered":"KOV\u00c1CS M\u00e1rton, torock\u00f3i"},"content":{"rendered":"<p>? \u2020 18. sz?: unit. lelk\u00e9sz. \u2013 Szentgeric\u00e9ben szolg\u00e1lt, felszentelt\u00e9k (1769. m\u00e1j. 9. \u2013 1771). Paps\u00e1ga idej\u00e9n kezd\u0151d\u00f6tt az anyak\u00f6nyvvezet\u00e9s. <br \/><strong>Irod.:<\/strong> Kelemen; Szentgerice<\/br><\/p>\n","protected":false},"excerpt":{"rendered":"<p>? \u2020 18. sz?: unit. lelk\u00e9sz. \u2013 Szentgeric\u00e9ben szolg\u00e1lt, felszentelt\u00e9k (1769. m\u00e1j. 9. \u2013 1771). Paps\u00e1ga idej\u00e9n kezd\u0151d\u00f6tt az anyak\u00f6nyvvezet\u00e9s. Irod.: Kelemen; Szentgerice<\/p>\n","protected":false},"featured_media":0,"comment_status":"open","ping_status":"closed","template":"","meta":[],"product_brand":[],"product_cat":[137],"product_tag":[],"class_list":{"0":"post-12962","1":"product","2":"type-product","3":"status-publish","5":"product_cat-maros-megyei-eletrajzi-lexikon","7":"first","8":"instock","9":"shipping-taxable","10":"product-type-simple"},"_links":{"self":[{"href":"https:\/\/uj.adatbank.ro\/lexikon\/wp-json\/wp\/v2\/product\/12962","targetHints":{"allow":["GET"]}}],"collection":[{"href":"https:\/\/uj.adatbank.ro\/lexikon\/wp-json\/wp\/v2\/product"}],"about":[{"href":"https:\/\/uj.adatbank.ro\/lexikon\/wp-json\/wp\/v2\/types\/product"}],"replies":[{"embeddable":true,"href":"https:\/\/uj.adatbank.ro\/lexikon\/wp-json\/wp\/v2\/comments?post=12962"}],"wp:attachment":[{"href":"https:\/\/uj.adatbank.ro\/lexikon\/wp-json\/wp\/v2\/media?parent=12962"}],"wp:term":[{"taxonomy":"product_brand","embeddable":true,"href":"https:\/\/uj.adatbank.ro\/lexikon\/wp-json\/wp\/v2\/product_brand?post=12962"},{"taxonomy":"product_cat","embeddable":true,"href":"https:\/\/uj.adatbank.ro\/lexikon\/wp-json\/wp\/v2\/product_cat?post=12962"},{"taxonomy":"product_tag","embeddable":true,"href":"https:\/\/uj.adatbank.ro\/lexikon\/wp-json\/wp\/v2\/product_tag?post=12962"}],"curies":[{"name":"wp","href":"https:\/\/api.w.org\/{rel}","templated":true}]}}