{"id":12971,"date":"2025-06-29T14:45:24","date_gmt":"2025-06-29T12:45:24","guid":{"rendered":"https:\/\/uj.adatbank.ro\/lexikon\/termek\/kovacs-miklos-3\/"},"modified":"2025-06-29T14:45:24","modified_gmt":"2025-06-29T12:45:24","slug":"kovacs-miklos-3","status":"publish","type":"product","link":"https:\/\/uj.adatbank.ro\/lexikon\/termek\/kovacs-miklos-3\/","title":{"rendered":"KOV\u00c1CS Mikl\u00f3s"},"content":{"rendered":"<p>? \u2020 ?: ref. lelk\u00e9sz. \u2013 Cs\u00edkfalv\u00e1n (1816\u201328), Nagyerny\u00e9ben, Sz\u00e9kelycs\u00f3k\u00e1ban szolg\u00e1lt (1847\u201352) <br \/><strong>Irod.:<\/strong> Cs\u00edkfalva; Sz\u00e9kelycs\u00f3ka<\/br><\/p>\n","protected":false},"excerpt":{"rendered":"<p>? \u2020 ?: ref. lelk\u00e9sz. \u2013 Cs\u00edkfalv\u00e1n (1816\u201328), Nagyerny\u00e9ben, Sz\u00e9kelycs\u00f3k\u00e1ban szolg\u00e1lt (1847\u201352) Irod.: Cs\u00edkfalva; Sz\u00e9kelycs\u00f3ka<\/p>\n","protected":false},"featured_media":0,"comment_status":"open","ping_status":"closed","template":"","meta":[],"product_brand":[],"product_cat":[137],"product_tag":[],"class_list":{"0":"post-12971","1":"product","2":"type-product","3":"status-publish","5":"product_cat-maros-megyei-eletrajzi-lexikon","7":"first","8":"instock","9":"shipping-taxable","10":"product-type-simple"},"_links":{"self":[{"href":"https:\/\/uj.adatbank.ro\/lexikon\/wp-json\/wp\/v2\/product\/12971","targetHints":{"allow":["GET"]}}],"collection":[{"href":"https:\/\/uj.adatbank.ro\/lexikon\/wp-json\/wp\/v2\/product"}],"about":[{"href":"https:\/\/uj.adatbank.ro\/lexikon\/wp-json\/wp\/v2\/types\/product"}],"replies":[{"embeddable":true,"href":"https:\/\/uj.adatbank.ro\/lexikon\/wp-json\/wp\/v2\/comments?post=12971"}],"wp:attachment":[{"href":"https:\/\/uj.adatbank.ro\/lexikon\/wp-json\/wp\/v2\/media?parent=12971"}],"wp:term":[{"taxonomy":"product_brand","embeddable":true,"href":"https:\/\/uj.adatbank.ro\/lexikon\/wp-json\/wp\/v2\/product_brand?post=12971"},{"taxonomy":"product_cat","embeddable":true,"href":"https:\/\/uj.adatbank.ro\/lexikon\/wp-json\/wp\/v2\/product_cat?post=12971"},{"taxonomy":"product_tag","embeddable":true,"href":"https:\/\/uj.adatbank.ro\/lexikon\/wp-json\/wp\/v2\/product_tag?post=12971"}],"curies":[{"name":"wp","href":"https:\/\/api.w.org\/{rel}","templated":true}]}}