{"id":12974,"date":"2025-06-29T14:45:30","date_gmt":"2025-06-29T12:45:30","guid":{"rendered":"https:\/\/uj.adatbank.ro\/lexikon\/termek\/kovacs-miklos-gocsi\/"},"modified":"2025-06-29T14:45:30","modified_gmt":"2025-06-29T12:45:30","slug":"kovacs-miklos-gocsi","status":"publish","type":"product","link":"https:\/\/uj.adatbank.ro\/lexikon\/termek\/kovacs-miklos-gocsi\/","title":{"rendered":"KOV\u00c1CS Mikl\u00f3s, g\u00f6csi"},"content":{"rendered":"<p>? \u2020 Kiskend, 1825.: ref. lelk\u00e9sz, tan\u00edt\u00f3. \u2013 Mv.-en subscrib\u00e1lt (1767). Lelk\u00e9sz volt K\u00f3r\u00f3dszentm\u00e1rtonban (1778\u201388), B\u00faz\u00e1sbeseny\u0151ben (1789\u201399), Kiskenden (1800\u201325). Mivel nem volt iskola\u00e9p\u00fclet, gyakran nem tan\u00edtott. A b\u00e9re is kev\u00e9s volt, de el\u0151rehaladott kora ellen\u00e9re \u00e9lete v\u00e9g\u00e9ig v\u00e9gezte tev\u00e9kenys\u00e9g\u00e9t, hetven esztendei szolg\u00e1lata volt. Sokat foglalkozott az ifj\u00fas\u00e1ggal. A patr\u00f3nus (f\u00f6ldbirtokos), Pataki L\u00e1szl\u00f3, nagy \u00f6sszeget adom\u00e1nyozott, ennek kamatai a papi fizet\u00e9s kieg\u00e9sz\u00edt\u00e9s\u00e9re szolg\u00e1lt (1816). Az \u0151 ideje alatt \u00e9p\u00edtett\u00e9k a templom d\u00e9li oldal\u00e1n a portikuszt. <br \/><strong>Irod.:<\/strong> Kend \u00e9s egyh\u00e1za; K\u00fck\u00fcll\u0151i Ref. Egyh\u00e1zm. 1., 2.<\/br><\/p>\n","protected":false},"excerpt":{"rendered":"<p>? \u2020 Kiskend, 1825.: ref. lelk\u00e9sz, tan\u00edt\u00f3. \u2013 Mv.-en subscrib\u00e1lt (1767). Lelk\u00e9sz volt K\u00f3r\u00f3dszentm\u00e1rtonban (1778\u201388), B\u00faz\u00e1sbeseny\u0151ben (1789\u201399), Kiskenden (1800\u201325). Mivel nem volt iskola\u00e9p\u00fclet, gyakran nem tan\u00edtott. A b\u00e9re is kev\u00e9s volt, de el\u0151rehaladott kora ellen\u00e9re \u00e9lete v\u00e9g\u00e9ig v\u00e9gezte tev\u00e9kenys\u00e9g\u00e9t, hetven esztendei szolg\u00e1lata volt. Sokat foglalkozott az ifj\u00fas\u00e1ggal. A patr\u00f3nus (f\u00f6ldbirtokos), Pataki L\u00e1szl\u00f3, nagy \u00f6sszeget adom\u00e1nyozott, [&hellip;]<\/p>\n","protected":false},"featured_media":0,"comment_status":"open","ping_status":"closed","template":"","meta":[],"product_brand":[],"product_cat":[137],"product_tag":[],"class_list":{"0":"post-12974","1":"product","2":"type-product","3":"status-publish","5":"product_cat-maros-megyei-eletrajzi-lexikon","7":"first","8":"instock","9":"shipping-taxable","10":"product-type-simple"},"_links":{"self":[{"href":"https:\/\/uj.adatbank.ro\/lexikon\/wp-json\/wp\/v2\/product\/12974","targetHints":{"allow":["GET"]}}],"collection":[{"href":"https:\/\/uj.adatbank.ro\/lexikon\/wp-json\/wp\/v2\/product"}],"about":[{"href":"https:\/\/uj.adatbank.ro\/lexikon\/wp-json\/wp\/v2\/types\/product"}],"replies":[{"embeddable":true,"href":"https:\/\/uj.adatbank.ro\/lexikon\/wp-json\/wp\/v2\/comments?post=12974"}],"wp:attachment":[{"href":"https:\/\/uj.adatbank.ro\/lexikon\/wp-json\/wp\/v2\/media?parent=12974"}],"wp:term":[{"taxonomy":"product_brand","embeddable":true,"href":"https:\/\/uj.adatbank.ro\/lexikon\/wp-json\/wp\/v2\/product_brand?post=12974"},{"taxonomy":"product_cat","embeddable":true,"href":"https:\/\/uj.adatbank.ro\/lexikon\/wp-json\/wp\/v2\/product_cat?post=12974"},{"taxonomy":"product_tag","embeddable":true,"href":"https:\/\/uj.adatbank.ro\/lexikon\/wp-json\/wp\/v2\/product_tag?post=12974"}],"curies":[{"name":"wp","href":"https:\/\/api.w.org\/{rel}","templated":true}]}}