{"id":12975,"date":"2025-06-29T14:45:32","date_gmt":"2025-06-29T12:45:32","guid":{"rendered":"https:\/\/uj.adatbank.ro\/lexikon\/termek\/kovacs-odon\/"},"modified":"2025-06-29T14:45:32","modified_gmt":"2025-06-29T12:45:32","slug":"kovacs-odon","status":"publish","type":"product","link":"https:\/\/uj.adatbank.ro\/lexikon\/termek\/kovacs-odon\/","title":{"rendered":"KOV\u00c1CS \u00d6d\u00f6n"},"content":{"rendered":"<p>Kv., 1905., \u2020 ?: \u00fcgyv\u00e9d. \u2013 K\u00f6z\u00e9piskol\u00e1it Mv.-en, az egyetemet Kv.-on v\u00e9gezte. \u00dcgyv\u00e9di gyakorlat\u00e1t Mv.-en kezdte, majd Sz\u00e1szr\u00e9genben m\u0171k\u00f6d\u00f6tt (1939\u2013)., majd k\u00f6zjegyz\u0151 volt (1940\u2013), majd \u00fajb\u00f3l \u00fcgyv\u00e9fk\u00e9nt tev\u00e9kenykedett. Az Orsz\u00e1gz\u00e1szl\u00f3 Bizotts\u00e1g\u00e1nak titk\u00e1ra, a Turul Sport Egylet \u00fcgyvezet\u0151 eln\u00f6ke \u00e9s alap\u00edt\u00f3ja, v\u00e1rosi tb. \u00fcgy\u00e9sz, a Vad\u00e1sz Egyes\u00fclet \u00e9s a Magyar Kaszin\u00f3 tagja volt. <br \/><strong>Irod.:<\/strong> Sz\u00e9kelyf\u00f6ld \u00ed. k.<\/br><\/p>\n","protected":false},"excerpt":{"rendered":"<p>Kv., 1905., \u2020 ?: \u00fcgyv\u00e9d. \u2013 K\u00f6z\u00e9piskol\u00e1it Mv.-en, az egyetemet Kv.-on v\u00e9gezte. \u00dcgyv\u00e9di gyakorlat\u00e1t Mv.-en kezdte, majd Sz\u00e1szr\u00e9genben m\u0171k\u00f6d\u00f6tt (1939\u2013)., majd k\u00f6zjegyz\u0151 volt (1940\u2013), majd \u00fajb\u00f3l \u00fcgyv\u00e9fk\u00e9nt tev\u00e9kenykedett. Az Orsz\u00e1gz\u00e1szl\u00f3 Bizotts\u00e1g\u00e1nak titk\u00e1ra, a Turul Sport Egylet \u00fcgyvezet\u0151 eln\u00f6ke \u00e9s alap\u00edt\u00f3ja, v\u00e1rosi tb. \u00fcgy\u00e9sz, a Vad\u00e1sz Egyes\u00fclet \u00e9s a Magyar Kaszin\u00f3 tagja volt. Irod.: Sz\u00e9kelyf\u00f6ld \u00ed. [&hellip;]<\/p>\n","protected":false},"featured_media":0,"comment_status":"open","ping_status":"closed","template":"","meta":[],"product_brand":[],"product_cat":[137],"product_tag":[],"class_list":{"0":"post-12975","1":"product","2":"type-product","3":"status-publish","5":"product_cat-maros-megyei-eletrajzi-lexikon","7":"first","8":"instock","9":"shipping-taxable","10":"product-type-simple"},"_links":{"self":[{"href":"https:\/\/uj.adatbank.ro\/lexikon\/wp-json\/wp\/v2\/product\/12975","targetHints":{"allow":["GET"]}}],"collection":[{"href":"https:\/\/uj.adatbank.ro\/lexikon\/wp-json\/wp\/v2\/product"}],"about":[{"href":"https:\/\/uj.adatbank.ro\/lexikon\/wp-json\/wp\/v2\/types\/product"}],"replies":[{"embeddable":true,"href":"https:\/\/uj.adatbank.ro\/lexikon\/wp-json\/wp\/v2\/comments?post=12975"}],"wp:attachment":[{"href":"https:\/\/uj.adatbank.ro\/lexikon\/wp-json\/wp\/v2\/media?parent=12975"}],"wp:term":[{"taxonomy":"product_brand","embeddable":true,"href":"https:\/\/uj.adatbank.ro\/lexikon\/wp-json\/wp\/v2\/product_brand?post=12975"},{"taxonomy":"product_cat","embeddable":true,"href":"https:\/\/uj.adatbank.ro\/lexikon\/wp-json\/wp\/v2\/product_cat?post=12975"},{"taxonomy":"product_tag","embeddable":true,"href":"https:\/\/uj.adatbank.ro\/lexikon\/wp-json\/wp\/v2\/product_tag?post=12975"}],"curies":[{"name":"wp","href":"https:\/\/api.w.org\/{rel}","templated":true}]}}