{"id":12977,"date":"2025-06-29T14:45:37","date_gmt":"2025-06-29T12:45:37","guid":{"rendered":"https:\/\/uj.adatbank.ro\/lexikon\/termek\/kovacs-odon-szekelykereszturi\/"},"modified":"2025-06-29T14:45:37","modified_gmt":"2025-06-29T12:45:37","slug":"kovacs-odon-szekelykereszturi","status":"publish","type":"product","link":"https:\/\/uj.adatbank.ro\/lexikon\/termek\/kovacs-odon-szekelykereszturi\/","title":{"rendered":"KOV\u00c1CS \u00d6d\u00f6n, sz\u00e9kelykereszt\u00fari"},"content":{"rendered":"<p>Mez\u0151b\u00e1nd, 1844. febr. 4., \u2020 Nagyenyed, 1895. m\u00e1j. 16: teol\u00f3giai tan\u00e1r. \u2013 Apja megyei k\u00f6zhivatalt viselt, a forradalom ut\u00e1n csek\u00e9ly vagyon\u00e1b\u00f3l a legnagyobb er\u0151fesz\u00edt\u00e9ssel volt k\u00e9pes hat fi\u00e1t tan\u00edtatni. Testv\u00e9rei: Albert, feles\u00e9ge K\u00f6r\u00f6sy Gizella; Am\u00e1lia P\u00e1sztohy D\u00e9nesn\u00e9; Gyula, feles\u00e9ge Heged\u0171s Kl\u00e1ra; R\u00f3za P\u00e1sztohy Rudolfn\u00e9; B\u00e1lint, feles\u00e9ge Blascheck Lujza; J\u00e1nos, feles\u00e9ge Szab\u00f3 Kl\u00e1ra. Feles\u00e9ge: Heged\u0171s Ilona. Gyermekeik: P\u00e1l. J\u00e1nos \u00e9s Ilona. \u2013 A gimn\u00e1ziumot valamint a teol. el\u0151k\u00e9sz\u00edt\u0151 \u00e9s a jogi tanfolyamot Mv.-en (1863), a teol\u00f3gi\u00e1t Nagyenyeden v\u00e9gezte (1865), miut\u00e1n egy \u00e9vet tan\u00edtott a helyi koll\u00e9giumban Utrechtben (1866), Marburgban \u00e9s a th\u00fcbingiai egyetemen hospit\u00e1lt, Leidenben folytatta tanulm\u00e1nyait, ahol teol. doktorr\u00e1 avatt\u00e1k a legt\u00f6bb kit\u00fcntet\u00e9ssel (1869). Nagyenyeden teol\u00f3giai tan\u00e1r, dogmatik\u00e1t \u00e9s vall\u00e1st\u00f6rt\u00e9netet tan\u00edtott \u00e9s kezdetben keleti nyelveket is. Az erd\u00e9lyi magyar ref. teol\u00f3giai oktat\u00e1s jelent\u0151s szem\u00e9lyis\u00e9ge, tagja az Erd\u00e9lyi Egyh\u00e1zker\u00fcleti Igazgat\u00f3-tan\u00e1csnak, a Debreceni Zsinatnak (1881), \u00e9s az Egyetemes Konventnek. Kiv\u00e1l\u00f3 szerepet j\u00e1tszott a Magyarorsz\u00e1gi Prot. Egyletben \u00e9s a Magyar Prot. Irodalmi T\u00e1rsas\u00e1g is mindj\u00e1rt kezdetben v\u00e1lasztm\u00e1nyi tagjai k\u00f6z\u00e9 sorozta. Cikkei : Protest\u00e1ns Egyh. \u00c1s Isk. Lap, Prot. Tud. Szemle, Egyh\u00e9zi Reform, Erd\u00e9lyi Protest\u00e1ns K\u00f6zl\u00f6ny, Egyh\u00e1zi Szemle, Egyh\u00e1zi \u00e9s Iskolai Szemle, a Bethlen F\u0151tanoda \u00c9rtes\u00edt\u0151iben. \u2013 <strong>F. m.:<\/strong> Het protestantisime in Hongarije gedurende de laatste twintig Jaren (A protestantizmus Mo.-on az utols\u00f3 h\u00fasz \u00e9v alatt, Leiden, 1869), A theol\u00f3gia helye az egyetemen (Pest, 1871); Az egy sz\u00fcks\u00e9ges (Pest, 1872); Egy teljes theologiai akad\u00e9mia terve (Bp., 1875); A vall\u00e1sb\u00f6lcs\u00e9szet k\u00e9zik\u00f6nyve (Bp., 1877\u201378); A leg\u00fajabb hittani rendszerek (Bp., 1879); T\u00e1j\u00e9koz\u00f3d\u00e1s az \u00fajabb theologia k\u00f6r\u00e9ben (Bp., 1880); Eml\u00e9kbesz\u00e9d Nagy P\u00e9ter eml\u00e9kk\u00f6ve leleplez\u00e9sekor (Bp., 1887); ford : A kereszty\u00e9ny egyh\u00e1z a IV, V, VI. sz\u00e1zadban (Bp., 1880); Baur Ferdinand Christian: A k\u00f6z\u00e9pkori kereszty\u00e9n egyh\u00e1z (Bp., 1883). <br \/><strong>Irod.:<\/strong> D\u00f6m\u00e9ny; Gy\u00e1szjelent\u0151; Kiss-K\u00e1lm\u00e1n-Bierbrunner; Makkai\u2013Nagy\u2013Bart\u00f3k: Eml\u00e9kk\u00f6nyv dr. K. \u00d6. tan\u00e1rs\u00e1g\u00e1nak huszon\u00f6t\u00e9ves \u00fcnnepe alkalm\u00e1b\u00f3l (1894.); RNL; Szab\u00f3 J\u00f3zsef S.: Ref. egyh\u00e1zunk nagyjai (Debrecen, 1912); Szinnyei<\/br><\/p>\n","protected":false},"excerpt":{"rendered":"<p>Mez\u0151b\u00e1nd, 1844. febr. 4., \u2020 Nagyenyed, 1895. m\u00e1j. 16: teol\u00f3giai tan\u00e1r. \u2013 Apja megyei k\u00f6zhivatalt viselt, a forradalom ut\u00e1n csek\u00e9ly vagyon\u00e1b\u00f3l a legnagyobb er\u0151fesz\u00edt\u00e9ssel volt k\u00e9pes hat fi\u00e1t tan\u00edtatni. Testv\u00e9rei: Albert, feles\u00e9ge K\u00f6r\u00f6sy Gizella; Am\u00e1lia P\u00e1sztohy D\u00e9nesn\u00e9; Gyula, feles\u00e9ge Heged\u0171s Kl\u00e1ra; R\u00f3za P\u00e1sztohy Rudolfn\u00e9; B\u00e1lint, feles\u00e9ge Blascheck Lujza; J\u00e1nos, feles\u00e9ge Szab\u00f3 Kl\u00e1ra. Feles\u00e9ge: Heged\u0171s Ilona. [&hellip;]<\/p>\n","protected":false},"featured_media":0,"comment_status":"open","ping_status":"closed","template":"","meta":[],"product_brand":[],"product_cat":[137],"product_tag":[],"class_list":{"0":"post-12977","1":"product","2":"type-product","3":"status-publish","5":"product_cat-maros-megyei-eletrajzi-lexikon","7":"first","8":"instock","9":"shipping-taxable","10":"product-type-simple"},"_links":{"self":[{"href":"https:\/\/uj.adatbank.ro\/lexikon\/wp-json\/wp\/v2\/product\/12977","targetHints":{"allow":["GET"]}}],"collection":[{"href":"https:\/\/uj.adatbank.ro\/lexikon\/wp-json\/wp\/v2\/product"}],"about":[{"href":"https:\/\/uj.adatbank.ro\/lexikon\/wp-json\/wp\/v2\/types\/product"}],"replies":[{"embeddable":true,"href":"https:\/\/uj.adatbank.ro\/lexikon\/wp-json\/wp\/v2\/comments?post=12977"}],"wp:attachment":[{"href":"https:\/\/uj.adatbank.ro\/lexikon\/wp-json\/wp\/v2\/media?parent=12977"}],"wp:term":[{"taxonomy":"product_brand","embeddable":true,"href":"https:\/\/uj.adatbank.ro\/lexikon\/wp-json\/wp\/v2\/product_brand?post=12977"},{"taxonomy":"product_cat","embeddable":true,"href":"https:\/\/uj.adatbank.ro\/lexikon\/wp-json\/wp\/v2\/product_cat?post=12977"},{"taxonomy":"product_tag","embeddable":true,"href":"https:\/\/uj.adatbank.ro\/lexikon\/wp-json\/wp\/v2\/product_tag?post=12977"}],"curies":[{"name":"wp","href":"https:\/\/api.w.org\/{rel}","templated":true}]}}