{"id":12979,"date":"2025-06-29T14:45:40","date_gmt":"2025-06-29T12:45:40","guid":{"rendered":"https:\/\/uj.adatbank.ro\/lexikon\/termek\/kovacs-pal\/"},"modified":"2025-06-29T14:45:40","modified_gmt":"2025-06-29T12:45:40","slug":"kovacs-pal","status":"publish","type":"product","link":"https:\/\/uj.adatbank.ro\/lexikon\/termek\/kovacs-pal\/","title":{"rendered":"KOV\u00c1CS P\u00e1l"},"content":{"rendered":"<p>Vadasd, 1869., \u2020 ?: tan\u00edt\u00f3, karmester. \u2013 Nagyenyeden v\u00e9gezte a tan\u00edt\u00f3k\u00e9pz\u0151t, majd Nagyenyeden, Sz\u00e1szv\u00e1roson, Aradon tan\u00edtott. Mv.-en a ref. elemi \u00e9s polg\u00e1ri le\u00e1nyiskola tan\u00e1ra (1919). A zenei m\u0171kedvel\u0151 mozgalom el\u0151harcosak\u00e9nt t\u00fcnt ki. Megalakul\u00e1s\u00e1t\u00f3l (1922\u2013) vezet\u0151je volt a Mv.-i Ep\u00edt\u0151munk\u00e1s Dalk\u00f6rnek, amellyel r\u00e9szt vett a kv.-i korusversenyen (1923). Hangversenyeket tartott a M\u0171vel\u0151d\u00e9si Palot\u00e1ban, valamint m\u00e1s helys\u00e9gekben is (Ny\u00e1r\u00e1dszereda, Sz\u00e1szr\u00e9gen stb.), szerepelt szabadt\u00e9ri munk\u00e1s\u00fcnep\u00e9lyeken. A k\u00f3rus Mv.-i \u00d6sszmunk\u00e1s Dalk\u00f6rr\u00e9 bov\u0171lt (38-r\u00f3l 72 tagra) (1926\u2013). Egyidej\u00fcleg vez\u00e9nyelte ezt \u00e9s egy munk\u00e1sokb\u00f3l, vasutasokb\u00f3l \u00e9s tisztvisel\u0151kb\u0151l alak\u00edtott vegyeskart. 50 \u00e9vi tan\u00edt\u00e1s ut\u00e1n vonult nyugalomba (1940). T\u00f6bb elismer\u0151 \u00e9s dics\u00e9r\u0151 oklevelet kapott. \u2013 Irod: Eml\u00e9kk. Szab\u00f3 Mikl\u00f3s; Mv. m\u0171v. v\u00e1r.; Sz\u00e9kelyf\u00f6ld \u00ed. k.; Zenetudom\u00e1nyi \u00edr\u00e1sok Id\u0151t\u00e1r ?????<\/br><\/p>\n","protected":false},"excerpt":{"rendered":"<p>Vadasd, 1869., \u2020 ?: tan\u00edt\u00f3, karmester. \u2013 Nagyenyeden v\u00e9gezte a tan\u00edt\u00f3k\u00e9pz\u0151t, majd Nagyenyeden, Sz\u00e1szv\u00e1roson, Aradon tan\u00edtott. Mv.-en a ref. elemi \u00e9s polg\u00e1ri le\u00e1nyiskola tan\u00e1ra (1919). A zenei m\u0171kedvel\u0151 mozgalom el\u0151harcosak\u00e9nt t\u00fcnt ki. Megalakul\u00e1s\u00e1t\u00f3l (1922\u2013) vezet\u0151je volt a Mv.-i Ep\u00edt\u0151munk\u00e1s Dalk\u00f6rnek, amellyel r\u00e9szt vett a kv.-i korusversenyen (1923). Hangversenyeket tartott a M\u0171vel\u0151d\u00e9si Palot\u00e1ban, valamint m\u00e1s helys\u00e9gekben [&hellip;]<\/p>\n","protected":false},"featured_media":0,"comment_status":"open","ping_status":"closed","template":"","meta":[],"product_brand":[],"product_cat":[137],"product_tag":[],"class_list":{"0":"post-12979","1":"product","2":"type-product","3":"status-publish","5":"product_cat-maros-megyei-eletrajzi-lexikon","7":"first","8":"instock","9":"shipping-taxable","10":"product-type-simple"},"_links":{"self":[{"href":"https:\/\/uj.adatbank.ro\/lexikon\/wp-json\/wp\/v2\/product\/12979","targetHints":{"allow":["GET"]}}],"collection":[{"href":"https:\/\/uj.adatbank.ro\/lexikon\/wp-json\/wp\/v2\/product"}],"about":[{"href":"https:\/\/uj.adatbank.ro\/lexikon\/wp-json\/wp\/v2\/types\/product"}],"replies":[{"embeddable":true,"href":"https:\/\/uj.adatbank.ro\/lexikon\/wp-json\/wp\/v2\/comments?post=12979"}],"wp:attachment":[{"href":"https:\/\/uj.adatbank.ro\/lexikon\/wp-json\/wp\/v2\/media?parent=12979"}],"wp:term":[{"taxonomy":"product_brand","embeddable":true,"href":"https:\/\/uj.adatbank.ro\/lexikon\/wp-json\/wp\/v2\/product_brand?post=12979"},{"taxonomy":"product_cat","embeddable":true,"href":"https:\/\/uj.adatbank.ro\/lexikon\/wp-json\/wp\/v2\/product_cat?post=12979"},{"taxonomy":"product_tag","embeddable":true,"href":"https:\/\/uj.adatbank.ro\/lexikon\/wp-json\/wp\/v2\/product_tag?post=12979"}],"curies":[{"name":"wp","href":"https:\/\/api.w.org\/{rel}","templated":true}]}}