{"id":12984,"date":"2025-06-29T14:45:53","date_gmt":"2025-06-29T12:45:53","guid":{"rendered":"https:\/\/uj.adatbank.ro\/lexikon\/termek\/kovacs-peter-3\/"},"modified":"2025-06-29T14:45:53","modified_gmt":"2025-06-29T12:45:53","slug":"kovacs-peter-3","status":"publish","type":"product","link":"https:\/\/uj.adatbank.ro\/lexikon\/termek\/kovacs-peter-3\/","title":{"rendered":"KOV\u00c1CS P\u00e9ter"},"content":{"rendered":"<p>? \u2020 ? : mv.-i k\u00f6vet. <br \/><strong>Irod.:<\/strong> B\u00edr\u00f3 Vencel : Erd\u00e9ly k\u00f6vetei a Port\u00e1n (Kv., 1921); S\u00e1ndor Imre: C\u00edmerlevelek 2. (Kv., 1910\u201312)<\/br><\/p>\n","protected":false},"excerpt":{"rendered":"<p>? \u2020 ? : mv.-i k\u00f6vet. Irod.: B\u00edr\u00f3 Vencel : Erd\u00e9ly k\u00f6vetei a Port\u00e1n (Kv., 1921); S\u00e1ndor Imre: C\u00edmerlevelek 2. (Kv., 1910\u201312)<\/p>\n","protected":false},"featured_media":0,"comment_status":"open","ping_status":"closed","template":"","meta":[],"product_brand":[],"product_cat":[137],"product_tag":[],"class_list":{"0":"post-12984","1":"product","2":"type-product","3":"status-publish","5":"product_cat-maros-megyei-eletrajzi-lexikon","7":"first","8":"instock","9":"shipping-taxable","10":"product-type-simple"},"_links":{"self":[{"href":"https:\/\/uj.adatbank.ro\/lexikon\/wp-json\/wp\/v2\/product\/12984","targetHints":{"allow":["GET"]}}],"collection":[{"href":"https:\/\/uj.adatbank.ro\/lexikon\/wp-json\/wp\/v2\/product"}],"about":[{"href":"https:\/\/uj.adatbank.ro\/lexikon\/wp-json\/wp\/v2\/types\/product"}],"replies":[{"embeddable":true,"href":"https:\/\/uj.adatbank.ro\/lexikon\/wp-json\/wp\/v2\/comments?post=12984"}],"wp:attachment":[{"href":"https:\/\/uj.adatbank.ro\/lexikon\/wp-json\/wp\/v2\/media?parent=12984"}],"wp:term":[{"taxonomy":"product_brand","embeddable":true,"href":"https:\/\/uj.adatbank.ro\/lexikon\/wp-json\/wp\/v2\/product_brand?post=12984"},{"taxonomy":"product_cat","embeddable":true,"href":"https:\/\/uj.adatbank.ro\/lexikon\/wp-json\/wp\/v2\/product_cat?post=12984"},{"taxonomy":"product_tag","embeddable":true,"href":"https:\/\/uj.adatbank.ro\/lexikon\/wp-json\/wp\/v2\/product_tag?post=12984"}],"curies":[{"name":"wp","href":"https:\/\/api.w.org\/{rel}","templated":true}]}}