{"id":12988,"date":"2025-06-29T14:45:59","date_gmt":"2025-06-29T12:45:59","guid":{"rendered":"https:\/\/uj.adatbank.ro\/lexikon\/termek\/kovacs-peter-marosvasarhelyi-marosvasarhelyi-kovacs-peter\/"},"modified":"2025-06-29T14:45:59","modified_gmt":"2025-06-29T12:45:59","slug":"kovacs-peter-marosvasarhelyi-marosvasarhelyi-kovacs-peter","status":"publish","type":"product","link":"https:\/\/uj.adatbank.ro\/lexikon\/termek\/kovacs-peter-marosvasarhelyi-marosvasarhelyi-kovacs-peter\/","title":{"rendered":"KOV\u00c1CS P\u00e9ter, marosv\u00e1s\u00e1rhelyi, Marosv\u00e1s\u00e1rhelyi Kov\u00e1cs P\u00e9ter"},"content":{"rendered":"<p>? \u2020 ? : nemes. \u2013 Branderburgi Katalint\u00f3l nemess\u00e9get \u00e9s c\u00edmert kapott adom\u00e1nyban a k\u00f6z\u00fcgyekben tett szolg\u00e1latai\u00e9rt \u00e9s a gyakori portai post\u00e1skod\u00e1sai\u00e9rt (1630. \u00e1pr. 25.). <br \/><strong>Irod.:<\/strong> Bir\u00f3 Vencel 2009; S\u00e1ndor Imre<\/br><\/p>\n","protected":false},"excerpt":{"rendered":"<p>? \u2020 ? : nemes. \u2013 Branderburgi Katalint\u00f3l nemess\u00e9get \u00e9s c\u00edmert kapott adom\u00e1nyban a k\u00f6z\u00fcgyekben tett szolg\u00e1latai\u00e9rt \u00e9s a gyakori portai post\u00e1skod\u00e1sai\u00e9rt (1630. \u00e1pr. 25.). Irod.: Bir\u00f3 Vencel 2009; S\u00e1ndor Imre<\/p>\n","protected":false},"featured_media":0,"comment_status":"open","ping_status":"closed","template":"","meta":[],"product_brand":[],"product_cat":[137],"product_tag":[],"class_list":{"0":"post-12988","1":"product","2":"type-product","3":"status-publish","5":"product_cat-maros-megyei-eletrajzi-lexikon","7":"first","8":"instock","9":"shipping-taxable","10":"product-type-simple"},"_links":{"self":[{"href":"https:\/\/uj.adatbank.ro\/lexikon\/wp-json\/wp\/v2\/product\/12988","targetHints":{"allow":["GET"]}}],"collection":[{"href":"https:\/\/uj.adatbank.ro\/lexikon\/wp-json\/wp\/v2\/product"}],"about":[{"href":"https:\/\/uj.adatbank.ro\/lexikon\/wp-json\/wp\/v2\/types\/product"}],"replies":[{"embeddable":true,"href":"https:\/\/uj.adatbank.ro\/lexikon\/wp-json\/wp\/v2\/comments?post=12988"}],"wp:attachment":[{"href":"https:\/\/uj.adatbank.ro\/lexikon\/wp-json\/wp\/v2\/media?parent=12988"}],"wp:term":[{"taxonomy":"product_brand","embeddable":true,"href":"https:\/\/uj.adatbank.ro\/lexikon\/wp-json\/wp\/v2\/product_brand?post=12988"},{"taxonomy":"product_cat","embeddable":true,"href":"https:\/\/uj.adatbank.ro\/lexikon\/wp-json\/wp\/v2\/product_cat?post=12988"},{"taxonomy":"product_tag","embeddable":true,"href":"https:\/\/uj.adatbank.ro\/lexikon\/wp-json\/wp\/v2\/product_tag?post=12988"}],"curies":[{"name":"wp","href":"https:\/\/api.w.org\/{rel}","templated":true}]}}