{"id":12989,"date":"2025-06-29T14:46:00","date_gmt":"2025-06-29T12:46:00","guid":{"rendered":"https:\/\/uj.adatbank.ro\/lexikon\/termek\/kovacs-peter-kovats\/"},"modified":"2025-06-29T14:46:00","modified_gmt":"2025-06-29T12:46:00","slug":"kovacs-peter-kovats","status":"publish","type":"product","link":"https:\/\/uj.adatbank.ro\/lexikon\/termek\/kovacs-peter-kovats\/","title":{"rendered":"KOV\u00c1CS P\u00e9ter; Kov\u00e1ts"},"content":{"rendered":"<p>Szenth\u00e1roms\u00e1g, 1909. okt. 10., \u2020 Bp., 1993. febr. 24.: k\u00f6lt\u0151 pedag\u00f3gus. \u2013 A sz\u00e9kelykereszt\u00fari tan\u00edt\u0151k\u00e9pz\u0151ben szerzett oklevelet (1928). Tan\u00edtott a mez\u0151s\u00e9gi Unoka faluban, Korond-Feny\u0151k\u00faton, Patakfalv\u00e1n, Parajdon, Fi\u00e1tfalv\u00e1n. H\u00e1rom\u00e9ves hadifogs\u00e1g ut\u00e1n Bp.-en telepedett le ahol az ELTE B\u00f6lcs\u00e9szkar\u00e1n fejezte be tanulm\u00e1nyait. Bp.-en A Szent L\u00e1szl\u00f3 gimn. igazgat\u00f3ja. A nevel\u00e9studom\u00e1ny doktora (1969), c\u00edmzetes f\u0151iskolai tan\u00e1r (1974). A Ped. Szakszerv. -\u00e9nek vid\u00e9ki szervez\u0151 munk\u00e1j\u00e1t v\u00e9gezte. \u00c9nekkart szervezett \u00e9s sz\u00edni el\u0151ad\u00e1sokat rendezett. Szerepelt a KZST felolvas\u00f3 \u00fcl\u00e9sein (1935). \u00cdr\u00f3i p\u00e1ly\u00e1j\u00e1t versekkel kezdte. K\u00f6z\u00f6lte \u00edr\u00e1sait a Sz\u00e9kely K\u00f6z\u00e9let, Sz\u00e9kelys\u00e9g, K\u00e9vek\u00f6t\u00e9s, Unit. Napt\u00e1r, Unit. K\u00f6zl\u00f6ny. \u2013 <strong>F. m.:<\/strong> Gy\u00f3n\u00e1s (Sz\u00e9kelyudvarhely, 1934); T\u00fck\u00f6r el\u0151tt (Mv., 1937); szerk: A szomsz\u00e9d n\u00e9pekkel val\u00f3 kapcsolataink t\u00f6rt\u00e9net\u00e9b\u0151l (Bp., 1962); Magyar-rom\u00e1n filol\u00f3giai tanulm\u00e1nyok (Bp., 1984). <br \/><strong>Irod.:<\/strong> Kelemen; [Nekrol\u00f3g] (N\u00fa., 1993. m\u00e1rc. 19.); RMIL<\/br><\/p>\n","protected":false},"excerpt":{"rendered":"<p>Szenth\u00e1roms\u00e1g, 1909. okt. 10., \u2020 Bp., 1993. febr. 24.: k\u00f6lt\u0151 pedag\u00f3gus. \u2013 A sz\u00e9kelykereszt\u00fari tan\u00edt\u0151k\u00e9pz\u0151ben szerzett oklevelet (1928). Tan\u00edtott a mez\u0151s\u00e9gi Unoka faluban, Korond-Feny\u0151k\u00faton, Patakfalv\u00e1n, Parajdon, Fi\u00e1tfalv\u00e1n. H\u00e1rom\u00e9ves hadifogs\u00e1g ut\u00e1n Bp.-en telepedett le ahol az ELTE B\u00f6lcs\u00e9szkar\u00e1n fejezte be tanulm\u00e1nyait. Bp.-en A Szent L\u00e1szl\u00f3 gimn. igazgat\u00f3ja. A nevel\u00e9studom\u00e1ny doktora (1969), c\u00edmzetes f\u0151iskolai tan\u00e1r (1974). A [&hellip;]<\/p>\n","protected":false},"featured_media":0,"comment_status":"open","ping_status":"closed","template":"","meta":[],"product_brand":[],"product_cat":[137],"product_tag":[],"class_list":{"0":"post-12989","1":"product","2":"type-product","3":"status-publish","5":"product_cat-maros-megyei-eletrajzi-lexikon","7":"first","8":"instock","9":"shipping-taxable","10":"product-type-simple"},"_links":{"self":[{"href":"https:\/\/uj.adatbank.ro\/lexikon\/wp-json\/wp\/v2\/product\/12989","targetHints":{"allow":["GET"]}}],"collection":[{"href":"https:\/\/uj.adatbank.ro\/lexikon\/wp-json\/wp\/v2\/product"}],"about":[{"href":"https:\/\/uj.adatbank.ro\/lexikon\/wp-json\/wp\/v2\/types\/product"}],"replies":[{"embeddable":true,"href":"https:\/\/uj.adatbank.ro\/lexikon\/wp-json\/wp\/v2\/comments?post=12989"}],"wp:attachment":[{"href":"https:\/\/uj.adatbank.ro\/lexikon\/wp-json\/wp\/v2\/media?parent=12989"}],"wp:term":[{"taxonomy":"product_brand","embeddable":true,"href":"https:\/\/uj.adatbank.ro\/lexikon\/wp-json\/wp\/v2\/product_brand?post=12989"},{"taxonomy":"product_cat","embeddable":true,"href":"https:\/\/uj.adatbank.ro\/lexikon\/wp-json\/wp\/v2\/product_cat?post=12989"},{"taxonomy":"product_tag","embeddable":true,"href":"https:\/\/uj.adatbank.ro\/lexikon\/wp-json\/wp\/v2\/product_tag?post=12989"}],"curies":[{"name":"wp","href":"https:\/\/api.w.org\/{rel}","templated":true}]}}