{"id":12992,"date":"2025-06-29T14:46:07","date_gmt":"2025-06-29T12:46:07","guid":{"rendered":"https:\/\/uj.adatbank.ro\/lexikon\/termek\/kovacs-samu-2\/"},"modified":"2025-06-29T14:46:07","modified_gmt":"2025-06-29T12:46:07","slug":"kovacs-samu-2","status":"publish","type":"product","link":"https:\/\/uj.adatbank.ro\/lexikon\/termek\/kovacs-samu-2\/","title":{"rendered":"KOV\u00c1CS Samu"},"content":{"rendered":"<p>1816., \u2020 Mv., 1884. nov. 2.: v\u00e1rosi tan\u00e1csos. \u2013 Testv\u00e9rei: K. Borb\u00e1la Incze Ferencn\u00e9; K. Lilla Bed\u0151 \u00c1d\u00e1mn\u00e9. Feles\u00e9ge: Baranyai \u00c1gnes. Le\u00e1nyuk: K. Giza Mik\u00f3 K\u00e1rolyn\u00e9. \u2013 Mv.-i v\u00e1rosi tan\u00e1csos, polg\u00e1rmester helyettes (1881). \u2013 <strong>F. m.:<\/strong> Hat\u00f3s\u00e1gi szab\u00e1lyrendeletek (Mv., 1881). <br \/><strong>Irod.:<\/strong> F\u00fcl\u00f6p\u2013Ferencz; Gy\u00e1szjelent\u0151<\/br><\/p>\n","protected":false},"excerpt":{"rendered":"<p>1816., \u2020 Mv., 1884. nov. 2.: v\u00e1rosi tan\u00e1csos. \u2013 Testv\u00e9rei: K. Borb\u00e1la Incze Ferencn\u00e9; K. Lilla Bed\u0151 \u00c1d\u00e1mn\u00e9. Feles\u00e9ge: Baranyai \u00c1gnes. Le\u00e1nyuk: K. Giza Mik\u00f3 K\u00e1rolyn\u00e9. \u2013 Mv.-i v\u00e1rosi tan\u00e1csos, polg\u00e1rmester helyettes (1881). \u2013 F. m.: Hat\u00f3s\u00e1gi szab\u00e1lyrendeletek (Mv., 1881). Irod.: F\u00fcl\u00f6p\u2013Ferencz; Gy\u00e1szjelent\u0151<\/p>\n","protected":false},"featured_media":0,"comment_status":"open","ping_status":"closed","template":"","meta":[],"product_brand":[],"product_cat":[137],"product_tag":[],"class_list":{"0":"post-12992","1":"product","2":"type-product","3":"status-publish","5":"product_cat-maros-megyei-eletrajzi-lexikon","7":"first","8":"instock","9":"shipping-taxable","10":"product-type-simple"},"_links":{"self":[{"href":"https:\/\/uj.adatbank.ro\/lexikon\/wp-json\/wp\/v2\/product\/12992","targetHints":{"allow":["GET"]}}],"collection":[{"href":"https:\/\/uj.adatbank.ro\/lexikon\/wp-json\/wp\/v2\/product"}],"about":[{"href":"https:\/\/uj.adatbank.ro\/lexikon\/wp-json\/wp\/v2\/types\/product"}],"replies":[{"embeddable":true,"href":"https:\/\/uj.adatbank.ro\/lexikon\/wp-json\/wp\/v2\/comments?post=12992"}],"wp:attachment":[{"href":"https:\/\/uj.adatbank.ro\/lexikon\/wp-json\/wp\/v2\/media?parent=12992"}],"wp:term":[{"taxonomy":"product_brand","embeddable":true,"href":"https:\/\/uj.adatbank.ro\/lexikon\/wp-json\/wp\/v2\/product_brand?post=12992"},{"taxonomy":"product_cat","embeddable":true,"href":"https:\/\/uj.adatbank.ro\/lexikon\/wp-json\/wp\/v2\/product_cat?post=12992"},{"taxonomy":"product_tag","embeddable":true,"href":"https:\/\/uj.adatbank.ro\/lexikon\/wp-json\/wp\/v2\/product_tag?post=12992"}],"curies":[{"name":"wp","href":"https:\/\/api.w.org\/{rel}","templated":true}]}}