{"id":12994,"date":"2025-06-29T14:46:10","date_gmt":"2025-06-29T12:46:10","guid":{"rendered":"https:\/\/uj.adatbank.ro\/lexikon\/termek\/kovacs-samuel-2\/"},"modified":"2025-06-29T14:46:10","modified_gmt":"2025-06-29T12:46:10","slug":"kovacs-samuel-2","status":"publish","type":"product","link":"https:\/\/uj.adatbank.ro\/lexikon\/termek\/kovacs-samuel-2\/","title":{"rendered":"KOV\u00c1CS S\u00e1muel"},"content":{"rendered":"<p>? \u2020 ?: \u00fcgyv\u00e9d. \u2013 Feles\u00e9ge: Kov\u00e1cs Vilma. Le\u00e1nyaik: Giza, Vilma (1852 \u2013 Mv., 1865. aug. 2.). Mv.-en \u00fcgyv\u00e9d. Politikai fogoly \u00e9s menek\u00fclt (1850). <br \/><strong>Irod.:<\/strong> Gy\u00e1szjelent\u0151; \u00dcrm\u00f6ssy<\/br><\/p>\n","protected":false},"excerpt":{"rendered":"<p>? \u2020 ?: \u00fcgyv\u00e9d. \u2013 Feles\u00e9ge: Kov\u00e1cs Vilma. Le\u00e1nyaik: Giza, Vilma (1852 \u2013 Mv., 1865. aug. 2.). Mv.-en \u00fcgyv\u00e9d. Politikai fogoly \u00e9s menek\u00fclt (1850). Irod.: Gy\u00e1szjelent\u0151; \u00dcrm\u00f6ssy<\/p>\n","protected":false},"featured_media":0,"comment_status":"open","ping_status":"closed","template":"","meta":[],"product_brand":[],"product_cat":[137],"product_tag":[],"class_list":{"0":"post-12994","1":"product","2":"type-product","3":"status-publish","5":"product_cat-maros-megyei-eletrajzi-lexikon","7":"first","8":"instock","9":"shipping-taxable","10":"product-type-simple"},"_links":{"self":[{"href":"https:\/\/uj.adatbank.ro\/lexikon\/wp-json\/wp\/v2\/product\/12994","targetHints":{"allow":["GET"]}}],"collection":[{"href":"https:\/\/uj.adatbank.ro\/lexikon\/wp-json\/wp\/v2\/product"}],"about":[{"href":"https:\/\/uj.adatbank.ro\/lexikon\/wp-json\/wp\/v2\/types\/product"}],"replies":[{"embeddable":true,"href":"https:\/\/uj.adatbank.ro\/lexikon\/wp-json\/wp\/v2\/comments?post=12994"}],"wp:attachment":[{"href":"https:\/\/uj.adatbank.ro\/lexikon\/wp-json\/wp\/v2\/media?parent=12994"}],"wp:term":[{"taxonomy":"product_brand","embeddable":true,"href":"https:\/\/uj.adatbank.ro\/lexikon\/wp-json\/wp\/v2\/product_brand?post=12994"},{"taxonomy":"product_cat","embeddable":true,"href":"https:\/\/uj.adatbank.ro\/lexikon\/wp-json\/wp\/v2\/product_cat?post=12994"},{"taxonomy":"product_tag","embeddable":true,"href":"https:\/\/uj.adatbank.ro\/lexikon\/wp-json\/wp\/v2\/product_tag?post=12994"}],"curies":[{"name":"wp","href":"https:\/\/api.w.org\/{rel}","templated":true}]}}