{"id":12998,"date":"2025-06-29T14:46:20","date_gmt":"2025-06-29T12:46:20","guid":{"rendered":"https:\/\/uj.adatbank.ro\/lexikon\/termek\/kovacs-sandor-4\/"},"modified":"2025-06-29T14:46:20","modified_gmt":"2025-06-29T12:46:20","slug":"kovacs-sandor-4","status":"publish","type":"product","link":"https:\/\/uj.adatbank.ro\/lexikon\/termek\/kovacs-sandor-4\/","title":{"rendered":"KOV\u00c1CS S\u00e1ndor"},"content":{"rendered":"<p>Jedd, 1898., \u2020 ?: gazd\u00e1lkod\u00f3. \u2013 A sz\u00fcl\u0151i h\u00e1zn\u00e1l tanult gazd\u00e1lkodni. Az els\u0151 vh.-ban a 62. gy. e. -el az olasz fronton harcolt. Gazd\u00e1lkod\u00e1ssal \u00e9s b\u00e9rcs\u00e9pl\u00e9ssel foglalkozott Jedden. <br \/><strong>Irod.:<\/strong> Sz\u00e9kelyf\u00f6ld \u00ed. k.<\/br><\/p>\n","protected":false},"excerpt":{"rendered":"<p>Jedd, 1898., \u2020 ?: gazd\u00e1lkod\u00f3. \u2013 A sz\u00fcl\u0151i h\u00e1zn\u00e1l tanult gazd\u00e1lkodni. Az els\u0151 vh.-ban a 62. gy. e. -el az olasz fronton harcolt. Gazd\u00e1lkod\u00e1ssal \u00e9s b\u00e9rcs\u00e9pl\u00e9ssel foglalkozott Jedden. Irod.: Sz\u00e9kelyf\u00f6ld \u00ed. k.<\/p>\n","protected":false},"featured_media":0,"comment_status":"open","ping_status":"closed","template":"","meta":[],"product_brand":[],"product_cat":[137],"product_tag":[],"class_list":{"0":"post-12998","1":"product","2":"type-product","3":"status-publish","5":"product_cat-maros-megyei-eletrajzi-lexikon","7":"first","8":"instock","9":"shipping-taxable","10":"product-type-simple"},"_links":{"self":[{"href":"https:\/\/uj.adatbank.ro\/lexikon\/wp-json\/wp\/v2\/product\/12998","targetHints":{"allow":["GET"]}}],"collection":[{"href":"https:\/\/uj.adatbank.ro\/lexikon\/wp-json\/wp\/v2\/product"}],"about":[{"href":"https:\/\/uj.adatbank.ro\/lexikon\/wp-json\/wp\/v2\/types\/product"}],"replies":[{"embeddable":true,"href":"https:\/\/uj.adatbank.ro\/lexikon\/wp-json\/wp\/v2\/comments?post=12998"}],"wp:attachment":[{"href":"https:\/\/uj.adatbank.ro\/lexikon\/wp-json\/wp\/v2\/media?parent=12998"}],"wp:term":[{"taxonomy":"product_brand","embeddable":true,"href":"https:\/\/uj.adatbank.ro\/lexikon\/wp-json\/wp\/v2\/product_brand?post=12998"},{"taxonomy":"product_cat","embeddable":true,"href":"https:\/\/uj.adatbank.ro\/lexikon\/wp-json\/wp\/v2\/product_cat?post=12998"},{"taxonomy":"product_tag","embeddable":true,"href":"https:\/\/uj.adatbank.ro\/lexikon\/wp-json\/wp\/v2\/product_tag?post=12998"}],"curies":[{"name":"wp","href":"https:\/\/api.w.org\/{rel}","templated":true}]}}