{"id":12999,"date":"2025-06-29T14:46:22","date_gmt":"2025-06-29T12:46:22","guid":{"rendered":"https:\/\/uj.adatbank.ro\/lexikon\/termek\/kovacs-sandor-5\/"},"modified":"2025-06-29T14:46:22","modified_gmt":"2025-06-29T12:46:22","slug":"kovacs-sandor-5","status":"publish","type":"product","link":"https:\/\/uj.adatbank.ro\/lexikon\/termek\/kovacs-sandor-5\/","title":{"rendered":"KOV\u00c1CS S\u00e1ndor"},"content":{"rendered":"<p>?, \u2020 ?: ref. lek\u00e9sz. &#8211; M\u00e1j\u00e1ban volt lelk\u00e9sz (1928\u20131932). T\u00e1voz\u00e1sa ut\u00e1n baptista pr\u00e9dik\u00e1tor lett. <br \/><strong>Irod.:<\/strong> M\u00e1ja<\/br><\/p>\n","protected":false},"excerpt":{"rendered":"<p>?, \u2020 ?: ref. lek\u00e9sz. &#8211; M\u00e1j\u00e1ban volt lelk\u00e9sz (1928\u20131932). T\u00e1voz\u00e1sa ut\u00e1n baptista pr\u00e9dik\u00e1tor lett. Irod.: M\u00e1ja<\/p>\n","protected":false},"featured_media":0,"comment_status":"open","ping_status":"closed","template":"","meta":[],"product_brand":[],"product_cat":[137],"product_tag":[],"class_list":{"0":"post-12999","1":"product","2":"type-product","3":"status-publish","5":"product_cat-maros-megyei-eletrajzi-lexikon","7":"first","8":"instock","9":"shipping-taxable","10":"product-type-simple"},"_links":{"self":[{"href":"https:\/\/uj.adatbank.ro\/lexikon\/wp-json\/wp\/v2\/product\/12999","targetHints":{"allow":["GET"]}}],"collection":[{"href":"https:\/\/uj.adatbank.ro\/lexikon\/wp-json\/wp\/v2\/product"}],"about":[{"href":"https:\/\/uj.adatbank.ro\/lexikon\/wp-json\/wp\/v2\/types\/product"}],"replies":[{"embeddable":true,"href":"https:\/\/uj.adatbank.ro\/lexikon\/wp-json\/wp\/v2\/comments?post=12999"}],"wp:attachment":[{"href":"https:\/\/uj.adatbank.ro\/lexikon\/wp-json\/wp\/v2\/media?parent=12999"}],"wp:term":[{"taxonomy":"product_brand","embeddable":true,"href":"https:\/\/uj.adatbank.ro\/lexikon\/wp-json\/wp\/v2\/product_brand?post=12999"},{"taxonomy":"product_cat","embeddable":true,"href":"https:\/\/uj.adatbank.ro\/lexikon\/wp-json\/wp\/v2\/product_cat?post=12999"},{"taxonomy":"product_tag","embeddable":true,"href":"https:\/\/uj.adatbank.ro\/lexikon\/wp-json\/wp\/v2\/product_tag?post=12999"}],"curies":[{"name":"wp","href":"https:\/\/api.w.org\/{rel}","templated":true}]}}