{"id":13002,"date":"2025-06-29T14:46:27","date_gmt":"2025-06-29T12:46:27","guid":{"rendered":"https:\/\/uj.adatbank.ro\/lexikon\/termek\/kovacs-sandor-hadadi-gr\/"},"modified":"2025-06-29T14:46:27","modified_gmt":"2025-06-29T12:46:27","slug":"kovacs-sandor-hadadi-gr","status":"publish","type":"product","link":"https:\/\/uj.adatbank.ro\/lexikon\/termek\/kovacs-sandor-hadadi-gr\/","title":{"rendered":"KOV\u00c1CS S\u00e1ndor, hadadi gr."},"content":{"rendered":"<p>? \u2020 ? : f\u00f6ldbirtokos. \u2013 Az \u00e1d\u00e1mosi ref. templom \u00e9p\u00edttet\u0151je (1911). A K. S. eml\u00e9k\u00e9t \u00e9s a k\u00e9t vh.-ban elesett h\u0151s\u00f6k eml\u00e9k\u00e9t egy kopjafa \u00e9s k\u00f6nyvet form\u00e1z\u00f3 m\u00e1rv\u00e1nyt\u00e1bla \u0151rzi. <br \/><strong>Irod.:<\/strong> Maros megye<\/br><\/p>\n","protected":false},"excerpt":{"rendered":"<p>? \u2020 ? : f\u00f6ldbirtokos. \u2013 Az \u00e1d\u00e1mosi ref. templom \u00e9p\u00edttet\u0151je (1911). A K. S. eml\u00e9k\u00e9t \u00e9s a k\u00e9t vh.-ban elesett h\u0151s\u00f6k eml\u00e9k\u00e9t egy kopjafa \u00e9s k\u00f6nyvet form\u00e1z\u00f3 m\u00e1rv\u00e1nyt\u00e1bla \u0151rzi. Irod.: Maros megye<\/p>\n","protected":false},"featured_media":0,"comment_status":"open","ping_status":"closed","template":"","meta":[],"product_brand":[],"product_cat":[137],"product_tag":[],"class_list":{"0":"post-13002","1":"product","2":"type-product","3":"status-publish","5":"product_cat-maros-megyei-eletrajzi-lexikon","7":"first","8":"instock","9":"shipping-taxable","10":"product-type-simple"},"_links":{"self":[{"href":"https:\/\/uj.adatbank.ro\/lexikon\/wp-json\/wp\/v2\/product\/13002","targetHints":{"allow":["GET"]}}],"collection":[{"href":"https:\/\/uj.adatbank.ro\/lexikon\/wp-json\/wp\/v2\/product"}],"about":[{"href":"https:\/\/uj.adatbank.ro\/lexikon\/wp-json\/wp\/v2\/types\/product"}],"replies":[{"embeddable":true,"href":"https:\/\/uj.adatbank.ro\/lexikon\/wp-json\/wp\/v2\/comments?post=13002"}],"wp:attachment":[{"href":"https:\/\/uj.adatbank.ro\/lexikon\/wp-json\/wp\/v2\/media?parent=13002"}],"wp:term":[{"taxonomy":"product_brand","embeddable":true,"href":"https:\/\/uj.adatbank.ro\/lexikon\/wp-json\/wp\/v2\/product_brand?post=13002"},{"taxonomy":"product_cat","embeddable":true,"href":"https:\/\/uj.adatbank.ro\/lexikon\/wp-json\/wp\/v2\/product_cat?post=13002"},{"taxonomy":"product_tag","embeddable":true,"href":"https:\/\/uj.adatbank.ro\/lexikon\/wp-json\/wp\/v2\/product_tag?post=13002"}],"curies":[{"name":"wp","href":"https:\/\/api.w.org\/{rel}","templated":true}]}}