{"id":13007,"date":"2025-06-29T14:46:42","date_gmt":"2025-06-29T12:46:42","guid":{"rendered":"https:\/\/uj.adatbank.ro\/lexikon\/termek\/kovacs-zsuzsanna-zsofia-sarolta-dr-makkay-andrasne\/"},"modified":"2025-06-29T14:46:42","modified_gmt":"2025-06-29T12:46:42","slug":"kovacs-zsuzsanna-zsofia-sarolta-dr-makkay-andrasne","status":"publish","type":"product","link":"https:\/\/uj.adatbank.ro\/lexikon\/termek\/kovacs-zsuzsanna-zsofia-sarolta-dr-makkay-andrasne\/","title":{"rendered":"KOV\u00c1CS Zsuzsanna Zs\u00f3fia Sarolta, dr. Makkay Andr\u00e1sn\u00e9"},"content":{"rendered":"<p>Kv., 1917. febr. 8., \u2020 Mv., 1992. m\u00e1rc. 13.: k\u00f6nyvt\u00e1ros. \u2013 Bp.-en tanult a k\u00f6zs\u00e9gi polg\u00e1ri le\u00e1nyiskol\u00e1ban (1931); a debreceni ref. tan\u00edt\u00f3k\u00e9pz\u0151 int\u00e9zet\u00e9ben (1934), f\u00e9rjhez ment dr. Makkay Andr\u00e1s \u00fcgyv\u00e9dhez, le\u00e1nyuk Makkay Edit Zsuzsanna zenetan\u00e1rn\u0151 (sz. 1946. okt. 19.) Munkahelyei: Mv.-i V\u00e1rosi K\u00f6nyvt\u00e1rban (1940\u201344); majd g\u00e9pir\u00f3n\u0151 a Mv.-i Postav\u00e1llalatn\u00e1l, illetve a Megyei Tervez\u0151int\u00e9zetn\u00e9l nyugd\u00edjaz\u00e1s\u00e1ig (1974. szept.). <br \/><strong>Irod.:<\/strong> Inform\u00e1ci\u00f3k a l\u00e1ny\u00e1t\u00f3l.<\/br><\/p>\n","protected":false},"excerpt":{"rendered":"<p>Kv., 1917. febr. 8., \u2020 Mv., 1992. m\u00e1rc. 13.: k\u00f6nyvt\u00e1ros. \u2013 Bp.-en tanult a k\u00f6zs\u00e9gi polg\u00e1ri le\u00e1nyiskol\u00e1ban (1931); a debreceni ref. tan\u00edt\u00f3k\u00e9pz\u0151 int\u00e9zet\u00e9ben (1934), f\u00e9rjhez ment dr. Makkay Andr\u00e1s \u00fcgyv\u00e9dhez, le\u00e1nyuk Makkay Edit Zsuzsanna zenetan\u00e1rn\u0151 (sz. 1946. okt. 19.) Munkahelyei: Mv.-i V\u00e1rosi K\u00f6nyvt\u00e1rban (1940\u201344); majd g\u00e9pir\u00f3n\u0151 a Mv.-i Postav\u00e1llalatn\u00e1l, illetve a Megyei Tervez\u0151int\u00e9zetn\u00e9l nyugd\u00edjaz\u00e1s\u00e1ig (1974. [&hellip;]<\/p>\n","protected":false},"featured_media":0,"comment_status":"open","ping_status":"closed","template":"","meta":[],"product_brand":[],"product_cat":[137],"product_tag":[],"class_list":{"0":"post-13007","1":"product","2":"type-product","3":"status-publish","5":"product_cat-maros-megyei-eletrajzi-lexikon","7":"first","8":"instock","9":"shipping-taxable","10":"product-type-simple"},"_links":{"self":[{"href":"https:\/\/uj.adatbank.ro\/lexikon\/wp-json\/wp\/v2\/product\/13007","targetHints":{"allow":["GET"]}}],"collection":[{"href":"https:\/\/uj.adatbank.ro\/lexikon\/wp-json\/wp\/v2\/product"}],"about":[{"href":"https:\/\/uj.adatbank.ro\/lexikon\/wp-json\/wp\/v2\/types\/product"}],"replies":[{"embeddable":true,"href":"https:\/\/uj.adatbank.ro\/lexikon\/wp-json\/wp\/v2\/comments?post=13007"}],"wp:attachment":[{"href":"https:\/\/uj.adatbank.ro\/lexikon\/wp-json\/wp\/v2\/media?parent=13007"}],"wp:term":[{"taxonomy":"product_brand","embeddable":true,"href":"https:\/\/uj.adatbank.ro\/lexikon\/wp-json\/wp\/v2\/product_brand?post=13007"},{"taxonomy":"product_cat","embeddable":true,"href":"https:\/\/uj.adatbank.ro\/lexikon\/wp-json\/wp\/v2\/product_cat?post=13007"},{"taxonomy":"product_tag","embeddable":true,"href":"https:\/\/uj.adatbank.ro\/lexikon\/wp-json\/wp\/v2\/product_tag?post=13007"}],"curies":[{"name":"wp","href":"https:\/\/api.w.org\/{rel}","templated":true}]}}