{"id":13015,"date":"2025-06-29T14:47:03","date_gmt":"2025-06-29T12:47:03","guid":{"rendered":"https:\/\/uj.adatbank.ro\/lexikon\/termek\/kovacs-gocsi-csalad\/"},"modified":"2025-06-29T14:47:03","modified_gmt":"2025-06-29T12:47:03","slug":"kovacs-gocsi-csalad","status":"publish","type":"product","link":"https:\/\/uj.adatbank.ro\/lexikon\/termek\/kovacs-gocsi-csalad\/","title":{"rendered":"KOV\u00c1CS, g\u00f6csi csal\u00e1d"},"content":{"rendered":"<p>K. Gy\u00f6rgy \u00e9s Mih\u00e1ly nyert primipil\u00e1rist (l\u00f3f\u0151s\u00e9get) (1655. j\u00fan. 28.). <br \/><strong>Irod.:<\/strong> Kempelen; P\u00e1lmay<\/br><\/p>\n","protected":false},"excerpt":{"rendered":"<p>K. Gy\u00f6rgy \u00e9s Mih\u00e1ly nyert primipil\u00e1rist (l\u00f3f\u0151s\u00e9get) (1655. j\u00fan. 28.). Irod.: Kempelen; P\u00e1lmay<\/p>\n","protected":false},"featured_media":0,"comment_status":"open","ping_status":"closed","template":"","meta":[],"product_brand":[],"product_cat":[137],"product_tag":[],"class_list":{"0":"post-13015","1":"product","2":"type-product","3":"status-publish","5":"product_cat-maros-megyei-eletrajzi-lexikon","7":"first","8":"instock","9":"shipping-taxable","10":"product-type-simple"},"_links":{"self":[{"href":"https:\/\/uj.adatbank.ro\/lexikon\/wp-json\/wp\/v2\/product\/13015","targetHints":{"allow":["GET"]}}],"collection":[{"href":"https:\/\/uj.adatbank.ro\/lexikon\/wp-json\/wp\/v2\/product"}],"about":[{"href":"https:\/\/uj.adatbank.ro\/lexikon\/wp-json\/wp\/v2\/types\/product"}],"replies":[{"embeddable":true,"href":"https:\/\/uj.adatbank.ro\/lexikon\/wp-json\/wp\/v2\/comments?post=13015"}],"wp:attachment":[{"href":"https:\/\/uj.adatbank.ro\/lexikon\/wp-json\/wp\/v2\/media?parent=13015"}],"wp:term":[{"taxonomy":"product_brand","embeddable":true,"href":"https:\/\/uj.adatbank.ro\/lexikon\/wp-json\/wp\/v2\/product_brand?post=13015"},{"taxonomy":"product_cat","embeddable":true,"href":"https:\/\/uj.adatbank.ro\/lexikon\/wp-json\/wp\/v2\/product_cat?post=13015"},{"taxonomy":"product_tag","embeddable":true,"href":"https:\/\/uj.adatbank.ro\/lexikon\/wp-json\/wp\/v2\/product_tag?post=13015"}],"curies":[{"name":"wp","href":"https:\/\/api.w.org\/{rel}","templated":true}]}}